{"id":21615,"date":"2022-01-14T16:31:54","date_gmt":"2022-01-14T15:31:54","guid":{"rendered":"https:\/\/mgvpublications.com\/produkt\/balfour-deklerasyonu\/"},"modified":"2022-03-08T22:56:55","modified_gmt":"2022-03-08T21:56:55","slug":"balfour-deklerasyonu","status":"publish","type":"product","link":"https:\/\/mgvpublications.com\/de\/balfour-deklerasyonu\/","title":{"rendered":"Balfour Deklerasyonu"},"content":{"rendered":"<p>Yay\u0131n Tarihi: 07.10.2021<br \/>ISBN: 9786050842784<br \/>Dil: T\u00dcRK\u00c7E<br \/>Sayfa Say\u0131s\u0131: 144<br \/>Cilt Tipi: Karton Kapak<br \/>Ka\u011f\u0131t Cinsi: Kitap Ka\u011f\u0131d\u0131<br \/>Boyut: 13.5 x 21 cm<\/p>","protected":false},"excerpt":{"rendered":"<p>\u0130smail Ediz\u2019in kaleminden, Orta Do\u011fu\u2019da bir Yahudi devleti kurma d\u00fc\u015f\u00fcncesinin nas\u0131l \u015fekillendi\u011fini Neoklasik Realizm teorisiyle a\u00e7\u0131klayan alan\u0131nda \u00f6nc\u00fc bir \u00e7al\u0131\u015fma: Balfour Deklarasyonu: Yahudi Devletinin K\u00f6kenleri. 1917 Balfour Deklarasyonu\u2019nu \u0130ngiliz h\u00fck\u00fcmetinin ortaya \u00e7\u0131kard\u0131\u011f\u0131 bir karar olarak incelemeye alan eser, konuyu hem tarih hem de uluslararas\u0131 ili\u015fkiler perspektiflerinden de\u011ferlendiriyor. \u0130ngiliz ar\u015fiv belgelerini mercek alt\u0131na alan kitap, g\u00fcn\u00fcm\u00fcz ara\u015ft\u0131rmalar\u0131nda ihmal edilmi\u015f y\u00f6nleri, ara de\u011fi\u015fkenleri, \u0130ngiliz i\u00e7 siyasetini ve d\u00fcnyan\u0131n durumunu g\u00f6zler \u00f6n\u00fcne seriyor. Filistin\u2019in jeostratejik konumu, \u0130ngiltere\u2019nin sava\u015f s\u0131ras\u0131ndaki de\u011fi\u015fken durumu, Yahudilerin \u00c7arl\u0131k Rusyas\u0131 kar\u015f\u0131t\u0131 tutumu, uluslararas\u0131 ekonomik kriz, Amerikan-Yahudi sermayesine duyulan ihtiya\u00e7, gizli ve s\u00f6zl\u00fc y\u00fcr\u00fct\u00fclen g\u00f6r\u00fc\u015fmeler, nihayetinde k\u00f6k\u00fcnden de\u011fi\u015fen uluslararas\u0131 dengeler\u2026 Balfour Deklarasyonu: Yahudi Devletinin K\u00f6kenleri, Orta Do\u011fu\u2019yu \u00e7\u0131kmaza s\u00fcr\u00fckleyen ve Yahudi devletini ad\u0131m ad\u0131m in\u015fa eden Balfour Deklarasyonu\u2019nun tarihi. Ge\u00e7mi\u015fi uluslararas\u0131 ili\u015fkiler metodolojisiyle okuyup \u00e7ok boyutlu bir nedensellik kurgusu g\u00f6rmek isteyen okurlar i\u00e7in vazge\u00e7ilmez bir \u00e7al\u0131\u015fma.<\/p>","protected":false},"featured_media":21614,"template":"","meta":{"spay_email":""},"product_cat":[170],"product_tag":[],"item":[360],"acf":[],"_links":{"self":[{"href":"https:\/\/mgvpublications.com\/de\/wp-json\/wp\/v2\/product\/21615"}],"collection":[{"href":"https:\/\/mgvpublications.com\/de\/wp-json\/wp\/v2\/product"}],"about":[{"href":"https:\/\/mgvpublications.com\/de\/wp-json\/wp\/v2\/types\/product"}],"wp:featuredmedia":[{"embeddable":true,"href":"https:\/\/mgvpublications.com\/de\/wp-json\/wp\/v2\/media\/21614"}],"wp:attachment":[{"href":"https:\/\/mgvpublications.com\/de\/wp-json\/wp\/v2\/media?parent=21615"}],"wp:term":[{"taxonomy":"product_cat","embeddable":true,"href":"https:\/\/mgvpublications.com\/de\/wp-json\/wp\/v2\/product_cat?post=21615"},{"taxonomy":"product_tag","embeddable":true,"href":"https:\/\/mgvpublications.com\/de\/wp-json\/wp\/v2\/product_tag?post=21615"},{"taxonomy":"item","embeddable":true,"href":"https:\/\/mgvpublications.com\/de\/wp-json\/wp\/v2\/item?post=21615"}],"curies":[{"name":"wp","href":"https:\/\/api.w.org\/{rel}","templated":true}]}}