{"id":21613,"date":"2022-01-14T16:31:49","date_gmt":"2022-01-14T15:31:49","guid":{"rendered":"https:\/\/mgvpublications.com\/produkt\/duvarin-ardi-dunyanin-son-insanlari\/"},"modified":"2022-04-08T06:17:28","modified_gmt":"2022-04-08T04:17:28","slug":"duvarin-ardi-dunyanin-son-insanlari","status":"publish","type":"product","link":"https:\/\/mgvpublications.com\/de\/duvarin-ardi-dunyanin-son-insanlari\/","title":{"rendered":"Duvar\u0131n Ard\u0131 D\u00fcnyan\u0131n Son \u0130nsanlar\u0131"},"content":{"rendered":"<p>Yay\u0131n Tarihi: 24.09.2021<br \/>ISBN: 9786057053893<br \/>Dil: T\u00dcRK\u00c7E<br \/>Sayfa Say\u0131s\u0131: 208<br \/>Cilt Tipi: Karton Kapak<br \/>Ka\u011f\u0131t Cinsi: Kitap Ka\u011f\u0131d\u0131<br \/>Boyut: 13.5 x 21 cm<br \/>\u00c7izer: Osman B\u00fcy\u00fckmutlu<\/p>","protected":false},"excerpt":{"rendered":"<p>Ya\u015fanan n\u00fckleer sava\u015f sonras\u0131 bir ya\u015fl\u0131 bak\u0131m merkezine s\u0131\u011f\u0131n\u0131p hayatlar\u0131n\u0131 yeniden in\u015fa etmeye \u00e7al\u0131\u015fan bir avu\u00e7 insan&#8230; Bu merkezi y\u00f6neten Hugo ve askerleri&#8230; Yok olman\u0131n k\u0131y\u0131s\u0131ndaki insanlar\u0131n s\u0131f\u0131rdan ba\u015flayan bir ya\u015fam m\u00fccadelesi&#8230; A\u00e7l\u0131k, yoksulluk, esaret, teknolojik cihazlardan yoksunluk&#8230; Uygarl\u0131\u011f\u0131n en \u00fcst seviyesindeki d\u00fcnya n\u00fckleer sava\u015fla nas\u0131l tepetaklak olur? Peki ya sava\u015ftan \u00f6nceki d\u00fcnyay\u0131 neredeyse hi\u00e7 g\u00f6rmemi\u015f biri, telefonun ya da internetin ne oldu\u011funu nas\u0131l anlayabilir ya da n\u00e2renciye bah\u00e7esi ve gelincikli bir yamac\u0131n kokusunu nas\u0131l bilebilir? Enkaza d\u00f6nm\u00fc\u015f bir d\u00fcnyada ya\u015fl\u0131 bak\u0131m merkezinde kalanlar ger\u00e7ekten g\u00fcvende midir? Bu bir hayatta kalma, dostluk ve aile hik\u00e2yesidir.<\/p>","protected":false},"featured_media":23118,"template":"","meta":{"spay_email":""},"product_cat":[172],"product_tag":[],"item":[1085],"acf":[],"_links":{"self":[{"href":"https:\/\/mgvpublications.com\/de\/wp-json\/wp\/v2\/product\/21613"}],"collection":[{"href":"https:\/\/mgvpublications.com\/de\/wp-json\/wp\/v2\/product"}],"about":[{"href":"https:\/\/mgvpublications.com\/de\/wp-json\/wp\/v2\/types\/product"}],"wp:featuredmedia":[{"embeddable":true,"href":"https:\/\/mgvpublications.com\/de\/wp-json\/wp\/v2\/media\/23118"}],"wp:attachment":[{"href":"https:\/\/mgvpublications.com\/de\/wp-json\/wp\/v2\/media?parent=21613"}],"wp:term":[{"taxonomy":"product_cat","embeddable":true,"href":"https:\/\/mgvpublications.com\/de\/wp-json\/wp\/v2\/product_cat?post=21613"},{"taxonomy":"product_tag","embeddable":true,"href":"https:\/\/mgvpublications.com\/de\/wp-json\/wp\/v2\/product_tag?post=21613"},{"taxonomy":"item","embeddable":true,"href":"https:\/\/mgvpublications.com\/de\/wp-json\/wp\/v2\/item?post=21613"}],"curies":[{"name":"wp","href":"https:\/\/api.w.org\/{rel}","templated":true}]}}