{"id":21611,"date":"2022-01-14T16:31:48","date_gmt":"2022-01-14T15:31:48","guid":{"rendered":"https:\/\/mgvpublications.com\/produkt\/dunyayi-gezen-ayakkabi\/"},"modified":"2022-06-18T13:55:04","modified_gmt":"2022-06-18T11:55:04","slug":"dunyayi-gezen-ayakkabi","status":"publish","type":"product","link":"https:\/\/mgvpublications.com\/de\/dunyayi-gezen-ayakkabi\/","title":{"rendered":"D\u00fcnyay\u0131 Gezen Ayakkab\u0131"},"content":{"rendered":"<p>Yay\u0131n Tarihi: 01.10.2021<br \/>ISBN: 9786057090713<br \/>Dil: T\u00dcRK\u00c7E<br \/>Sayfa Say\u0131s\u0131: 36<br \/>Cilt Tipi: Karton Kapak<br \/>Ka\u011f\u0131t Cinsi: Ku\u015fe Ka\u011f\u0131t<br \/>Boyut: 22 x 20.3 cm<\/p>","protected":false},"excerpt":{"rendered":"<p>Eski zamanlarda bir ayakkab\u0131c\u0131 k\u0131rm\u0131z\u0131 tokal\u0131 bir \u00e7ift k\u0131rm\u0131z\u0131 \u00e7ocuk ayakkab\u0131s\u0131 yapm\u0131\u015ft\u0131. Ayakkab\u0131lar ak\u015fam olup ayakkabici uyuduktan sonra aralar\u0131nda sohbet ederlerdi. Ayakkab\u0131 \u00e7iftinin biri, &#8220;Saraya gidece\u011fiz g\u00f6r\u00fcrs\u00fcn,&#8221; dedi\u011finde di\u011feri, &#8220;Olmaz, k\u00fc\u00e7\u00fck sultan\u0131n ayakkab\u0131s\u0131 \u00e7oktur, bizi giymeyi unutur,&#8221; diye kar\u015f\u0131l\u0131k verirdi. O zaman k\u00f6yde ya\u015fayal\u0131m, derdi ilki. Beriki, &#8220;\u00c7amurda tokam\u0131z pislenir,&#8221; diyerek isyan ederdi. Onlar f\u0131s\u0131r fisir sohbet ederken sabah olurdu. Bir g\u00fcn, b\u0131y\u0131kl\u0131 bir adam, k\u0131z\u0131 i\u00e7in ayakkab\u0131lar\u0131 sat\u0131n ald\u0131. \u0130\u015fte bu hikaye de b\u00f6yle ba\u015flad\u0131.<\/p>","protected":false},"featured_media":23119,"template":"","meta":{"spay_email":""},"product_cat":[172],"product_tag":[],"item":[1085],"acf":[],"_links":{"self":[{"href":"https:\/\/mgvpublications.com\/de\/wp-json\/wp\/v2\/product\/21611"}],"collection":[{"href":"https:\/\/mgvpublications.com\/de\/wp-json\/wp\/v2\/product"}],"about":[{"href":"https:\/\/mgvpublications.com\/de\/wp-json\/wp\/v2\/types\/product"}],"wp:featuredmedia":[{"embeddable":true,"href":"https:\/\/mgvpublications.com\/de\/wp-json\/wp\/v2\/media\/23119"}],"wp:attachment":[{"href":"https:\/\/mgvpublications.com\/de\/wp-json\/wp\/v2\/media?parent=21611"}],"wp:term":[{"taxonomy":"product_cat","embeddable":true,"href":"https:\/\/mgvpublications.com\/de\/wp-json\/wp\/v2\/product_cat?post=21611"},{"taxonomy":"product_tag","embeddable":true,"href":"https:\/\/mgvpublications.com\/de\/wp-json\/wp\/v2\/product_tag?post=21611"},{"taxonomy":"item","embeddable":true,"href":"https:\/\/mgvpublications.com\/de\/wp-json\/wp\/v2\/item?post=21611"}],"curies":[{"name":"wp","href":"https:\/\/api.w.org\/{rel}","templated":true}]}}