{"id":21605,"date":"2022-01-14T16:31:37","date_gmt":"2022-01-14T15:31:37","guid":{"rendered":"https:\/\/mgvpublications.com\/produkt\/kitap-medeniyeti\/"},"modified":"2022-04-08T06:26:04","modified_gmt":"2022-04-08T04:26:04","slug":"kitap-medeniyeti","status":"publish","type":"product","link":"https:\/\/mgvpublications.com\/de\/kitap-medeniyeti\/","title":{"rendered":"Kitap Medeniyeti"},"content":{"rendered":"<p>Yay\u0131n Tarihi: 21.06.2021<br \/>ISBN: 9786057519900<br \/>Dil: T\u00dcRK\u00c7E<br \/>Sayfa Say\u0131s\u0131: 128<br \/>Cilt Tipi: Karton Kapak<br \/>Ka\u011f\u0131t Cinsi: Kitap Ka\u011f\u0131d\u0131<br \/>Boyut: 13.5 x 21 cm<\/p>","protected":false},"excerpt":{"rendered":"<p>Seyr\u00fcsefer h\u00e2lindeyiz&#8230; Anne karn\u0131nda ba\u015flayan ya\u015fam, kabre indirilince \u0131\u015f\u0131klar\u0131n\u0131 s\u00f6nd\u00fcrmektedir&#8230; Ve o insan i\u00e7in bir devir kapanm\u0131\u015ft\u0131r art\u0131k&#8230; Bir heyecanla ba\u015flayan hayat, geride kalanlar i\u00e7in bir h\u00fcz\u00fcn iken, giden i\u00e7in belki de vuslat olan bir \u00f6l\u00fcm\u00fcn kollar\u0131na b\u0131rakmakta kendisini. Ka\u00e7\u0131\u015f yok. Ki ka\u00e7an da yok&#8230; \u00c7are yok. Ki \u00e7are arayan da yok&#8230; Arayanlar bulamad\u0131, buldum sananlar yan\u0131lg\u0131yla kar\u015f\u0131la\u015ft\u0131&#8230; Hayat, iki kelime sadece: Ya\u015fam ve \u00f6l\u00fcm. Ve nas\u0131l ya\u015fan\u0131l\u0131rsa \u00f6yle de \u00f6l\u00fcm&#8230; Nas\u0131l da \u00f6l\u00fcn\u00fcrse \u00f6ylece ha\u015frolunmak&#8230; Ve insan, \u00fcstad\u0131n deyimiyle: \u00dc\u00e7 be\u015f damla kan, \u00fc\u00e7 be\u015f damla su. Bu hayat i\u00e7erisinde insan, bir \u0131rmakt\u0131r ak\u0131p giden; bazen sert ve ha\u015fin, bazen de menderesler \u00e7izerek&#8230; Deryalar dolduran bir ak\u0131\u015f i\u00e7erisindedir insan&#8230; Evet, insan, deryalar\u0131 dolduran birka\u00e7 damla su, birka\u00e7 damla kan&#8230;<\/p>","protected":false},"featured_media":23294,"template":"","meta":{"spay_email":""},"product_cat":[168],"product_tag":[],"item":[960],"acf":[],"_links":{"self":[{"href":"https:\/\/mgvpublications.com\/de\/wp-json\/wp\/v2\/product\/21605"}],"collection":[{"href":"https:\/\/mgvpublications.com\/de\/wp-json\/wp\/v2\/product"}],"about":[{"href":"https:\/\/mgvpublications.com\/de\/wp-json\/wp\/v2\/types\/product"}],"wp:featuredmedia":[{"embeddable":true,"href":"https:\/\/mgvpublications.com\/de\/wp-json\/wp\/v2\/media\/23294"}],"wp:attachment":[{"href":"https:\/\/mgvpublications.com\/de\/wp-json\/wp\/v2\/media?parent=21605"}],"wp:term":[{"taxonomy":"product_cat","embeddable":true,"href":"https:\/\/mgvpublications.com\/de\/wp-json\/wp\/v2\/product_cat?post=21605"},{"taxonomy":"product_tag","embeddable":true,"href":"https:\/\/mgvpublications.com\/de\/wp-json\/wp\/v2\/product_tag?post=21605"},{"taxonomy":"item","embeddable":true,"href":"https:\/\/mgvpublications.com\/de\/wp-json\/wp\/v2\/item?post=21605"}],"curies":[{"name":"wp","href":"https:\/\/api.w.org\/{rel}","templated":true}]}}