{"id":21603,"date":"2022-01-14T16:31:36","date_gmt":"2022-01-14T15:31:36","guid":{"rendered":"https:\/\/mgvpublications.com\/produkt\/libya-turkiyenin-denizden-komsusudur\/"},"modified":"2022-03-08T22:56:54","modified_gmt":"2022-03-08T21:56:54","slug":"libya-turkiyenin-denizden-komsusudur","status":"publish","type":"product","link":"https:\/\/mgvpublications.com\/de\/libya-turkiyenin-denizden-komsusudur\/","title":{"rendered":"Libya T\u00fcrkiye\u2019nin Denizden Kom\u015fusudur"},"content":{"rendered":"<p>Yay\u0131n Tarihi: 30.09.2020<br \/>ISBN: 9786052987070<br \/>Dil: T\u00dcRK\u00c7E<br \/>Sayfa Say\u0131s\u0131: 152<br \/>Cilt Tipi: Karton Kapak<br \/>Ka\u011f\u0131t Cinsi: Kitap Ka\u011f\u0131d\u0131<br \/>Boyut: 13.7 x 23 cm<\/p>","protected":false},"excerpt":{"rendered":"<p>Do\u00e7. Dr. Cihat Yayc\u0131\u2019n\u0131n, kaleme ald\u0131\u011f\u0131 &#8220;Libya T\u00fcrkiye&#8217;nin Deniz&#8217;den Kom\u015fusudur&#8221; kitab\u0131n\u0131n birinci bas\u0131m\u0131 Yunan bas\u0131n\u0131nda ciddi tepki toplad\u0131. \u015eimdi K\u0131rm\u0131z\u0131 Kedi Yay\u0131nevi etiketiyle kitab\u0131n ikinci bask\u0131s\u0131 okuyucuyla bulu\u015fuyor. Do\u011fu Akdeniz meselesi t\u0131rmanma e\u011filimi ta\u015f\u0131yan bir sorun olarak g\u00fcncelli\u011fini korumaktad\u0131r. Bu a\u00e7\u0131dan bak\u0131ld\u0131\u011f\u0131nda d\u0131\u015f politika \u00e7al\u0131\u015fmalar\u0131 yapan ki\u015filerin Libya\u2019ya gerekli \u00f6nemi vermesi \u00f6ncelik ta\u015f\u0131maktad\u0131r. Libya ile yap\u0131lan deniz yetki alanlar\u0131 s\u0131n\u0131rland\u0131rmas\u0131 anla\u015fmas\u0131 ile T\u00fcrkiye\u2019nin eli g\u00fc\u00e7lendi. Bu kitapla, yak\u0131n d\u00f6nemde Do\u011fu Akdeniz\u2019de meydana gelen geli\u015fmeler, T\u00fcrkiye\u2019nin Do\u011fu Akdeniz\u2019deki hak ve menfaatleri, bu haklar\u0131n hukuki temelleri okuyucuya sunulmaktad\u0131r.<\/p>","protected":false},"featured_media":21602,"template":"","meta":{"spay_email":""},"product_cat":[173],"product_tag":[],"item":[697],"acf":[],"_links":{"self":[{"href":"https:\/\/mgvpublications.com\/de\/wp-json\/wp\/v2\/product\/21603"}],"collection":[{"href":"https:\/\/mgvpublications.com\/de\/wp-json\/wp\/v2\/product"}],"about":[{"href":"https:\/\/mgvpublications.com\/de\/wp-json\/wp\/v2\/types\/product"}],"wp:featuredmedia":[{"embeddable":true,"href":"https:\/\/mgvpublications.com\/de\/wp-json\/wp\/v2\/media\/21602"}],"wp:attachment":[{"href":"https:\/\/mgvpublications.com\/de\/wp-json\/wp\/v2\/media?parent=21603"}],"wp:term":[{"taxonomy":"product_cat","embeddable":true,"href":"https:\/\/mgvpublications.com\/de\/wp-json\/wp\/v2\/product_cat?post=21603"},{"taxonomy":"product_tag","embeddable":true,"href":"https:\/\/mgvpublications.com\/de\/wp-json\/wp\/v2\/product_tag?post=21603"},{"taxonomy":"item","embeddable":true,"href":"https:\/\/mgvpublications.com\/de\/wp-json\/wp\/v2\/item?post=21603"}],"curies":[{"name":"wp","href":"https:\/\/api.w.org\/{rel}","templated":true}]}}