{"id":21512,"date":"2021-12-16T16:10:00","date_gmt":"2021-12-16T15:10:00","guid":{"rendered":"https:\/\/mgvpublications.com\/?post_type=product&#038;p=21512"},"modified":"2022-03-08T22:56:54","modified_gmt":"2022-03-08T21:56:54","slug":"prof-dr-necmettin-erbakan-kulliyati-5-cilt","status":"publish","type":"product","link":"https:\/\/mgvpublications.com\/de\/prof-dr-necmettin-erbakan-kulliyati-5-cilt\/","title":{"rendered":"Prof. Dr. Necmettin Erbakan K\u00fclliyat\u0131 (5 Cilt)"},"content":{"rendered":"<div class=\"attributes\">\n<table>\n<tbody>\n<tr>\n<td>Yay\u0131n Tarihi:<\/td>\n<td>28.02.2013<\/td>\n<\/tr>\n<tr>\n<td>ISBN:<\/td>\n<td>9786056236358<\/td>\n<\/tr>\n<tr>\n<td>Dil:<\/td>\n<td>T\u00dcRK\u00c7E<\/td>\n<\/tr>\n<tr>\n<td>Sayfa Say\u0131s\u0131:<\/td>\n<td>2168<\/td>\n<\/tr>\n<tr>\n<td>Cilt Tipi:<\/td>\n<td>Ciltli<\/td>\n<\/tr>\n<tr>\n<td>Ka\u011f\u0131t Cinsi:<\/td>\n<td>1. Hm. Ka\u011f\u0131t<\/td>\n<\/tr>\n<tr>\n<td>Boyut:<\/td>\n<td>19 x 27 cm<\/td>\n<\/tr>\n<\/tbody>\n<\/table>\n<\/div>","protected":false},"excerpt":{"rendered":"<p>Merhum Erbakan\u2019\u0131 hep siyaset meydanlar\u0131ndan biliriz. Bir\u00e7o\u011fumuz O\u2019nun ilim ve bilim alan\u0131nda k\u00f6kl\u00fc bir ge\u00e7mi\u015fe sahip oldu\u011funa bu k\u00fclliyatta tan\u0131kl\u0131k edece\u011fiz.<br \/>\nMGV Yay\u0131nlar\u0131\u2019ndan \u00e7\u0131kan Erbakan K\u00fclliyat\u0131, Milli G\u00f6r\u00fc\u015f Hareketi\u2019nin lideri ve T\u00fcrkiye Cumhuriyeti 54. H\u00fck\u00fcmetinin Ba\u015fbakan\u0131 Prof. Dr. Necmettin Erbakan\u2019\u0131n gen\u00e7lik \u00e7a\u011flar\u0131ndan itibaren yazd\u0131\u011f\u0131 eserlerden meydana gelmi\u015f. Toplam 5 ciltten olu\u015fuyor.<br \/>\n\u0130T\u00dc Makine B\u00f6l\u00fcm\u00fc\u2019nden mezun olan Erbakan\u2019\u0131n teknik alanda yazd\u0131\u011f\u0131 kitaplar\u0131n yan\u0131 s\u0131ra, edebi de\u011feri y\u00fcksek metinler, farkl\u0131 ilim dallar\u0131na ait analizler, baz\u0131 Millet Meclisi konu\u015fmalar\u0131ndan olu\u015fturulan eserler, farkl\u0131 konulardaki bir tak\u0131m konferans ve miting konu\u015fmalar\u0131, K\u00f6rfez Krizi yahut 12 Eyl\u00fcl gibi \u00f6nemli olaylar ile alakal\u0131 hat\u0131ralar\u0131 ve g\u00f6rev ald\u0131\u011f\u0131 h\u00fck\u00fcmetlerde yap\u0131lan icraatlar\u0131n\u0131n derlenmesi ile meydana gelen \u00e7e\u015fitli eserler bulunmaktad\u0131r.<br \/>\nK\u00fclliyat, Erbakan Hoca\u2019n\u0131n kendi ismi ile yay\u0131nlanan b\u00fct\u00fcn eserleri kapsamaktad\u0131r. Baz\u0131 kitaplar Erbakan Hoca\u2019n\u0131n \u00e7e\u015fitli konu\u015fmalar\u0131ndan yola \u00e7\u0131karak haz\u0131rlanm\u0131\u015f. Kitapla\u015ft\u0131r\u0131lan bu konu\u015fmalar da K\u00fclliyata dahil edilmi\u015f.<br \/>\nFarkl\u0131 ebat, i\u00e7erik ve metod ile bir araya getirilen bu eserlerde ise herhangi bir ayr\u0131m yap\u0131lmam\u0131\u015f. Merhum Erbakan\u2019\u0131n yabanc\u0131 dilden T\u00fcrk\u00e7eye yapt\u0131\u011f\u0131 \u00e7evirilerin tamam\u0131 yerine sadece bu kitaplar\u0131n kapaklar\u0131na yer verilmi\u015f.<br \/>\nErbakan imzas\u0131 ile yay\u0131nlanan bu eserlerde yer yer Erbakan\u2019\u0131n Anadolu\u2019nun herhangi bir \u015fehrinde yapt\u0131\u011f\u0131 a\u011f\u0131r sanayi yat\u0131r\u0131mlar\u0131na dair bilgiler ya da Erbakan\u2019\u0131n Do\u011fu meselesi \u00fczerine, K\u0131br\u0131s, Filistin, Kafkaslar, Balkanlar gibi sorunlu b\u00f6lgeler yahut emperyalizm, modernizm veya siyonizm gibi konular hakk\u0131nda yapt\u0131\u011f\u0131 a\u00e7\u0131l\u0131mlar\u0131n detaylar\u0131na rastl\u0131yoruz.<br \/>\nK\u00fclliyat\u0131n yay\u0131n s\u0131ras\u0131 ile alakal\u0131 kronolojik bir metod izlenmemi\u015f. Erbakan gibi bir \u015fahsiyetin ele ald\u0131\u011f\u0131 konular\u0131nda kendisi gibi \u00e7ok y\u00f6nl\u00fc oldu\u011funu g\u00f6r\u00fcyoruz. Ge\u00e7ti\u011fimiz y\u0131l ilk bask\u0131s\u0131n\u0131n ard\u0131ndan g\u00f6zden ge\u00e7irilmi\u015f ikinci bask\u0131s\u0131 ile bug\u00fcnlerde okuyucusu ile bulu\u015fuyor.<br \/>\n60 y\u0131la yak\u0131n s\u00fcrede Erbakan Hoca\u2019n\u0131n yazd\u0131\u011f\u0131 bu K\u00fclliyatta okuduk\u00e7a sat\u0131rlar aras\u0131nda tarihi bir yolculu\u011fa \u00e7\u0131k\u0131yor yollar. Ya\u015fam\u0131nda Erbakan\u2019\u0131, dahas\u0131 O\u2019nu inand\u0131\u011f\u0131 de\u011ferlerle tam manas\u0131 ile tan\u0131ma f\u0131rsat\u0131 bulamayanlar i\u00e7in hala \u00f6\u011frenecek \u00e7ok \u015fey varm\u0131\u015f diyebiliriz.<\/p>","protected":false},"featured_media":21513,"template":"","meta":{"spay_email":""},"product_cat":[173],"product_tag":[],"item":[335],"acf":[],"_links":{"self":[{"href":"https:\/\/mgvpublications.com\/de\/wp-json\/wp\/v2\/product\/21512"}],"collection":[{"href":"https:\/\/mgvpublications.com\/de\/wp-json\/wp\/v2\/product"}],"about":[{"href":"https:\/\/mgvpublications.com\/de\/wp-json\/wp\/v2\/types\/product"}],"wp:featuredmedia":[{"embeddable":true,"href":"https:\/\/mgvpublications.com\/de\/wp-json\/wp\/v2\/media\/21513"}],"wp:attachment":[{"href":"https:\/\/mgvpublications.com\/de\/wp-json\/wp\/v2\/media?parent=21512"}],"wp:term":[{"taxonomy":"product_cat","embeddable":true,"href":"https:\/\/mgvpublications.com\/de\/wp-json\/wp\/v2\/product_cat?post=21512"},{"taxonomy":"product_tag","embeddable":true,"href":"https:\/\/mgvpublications.com\/de\/wp-json\/wp\/v2\/product_tag?post=21512"},{"taxonomy":"item","embeddable":true,"href":"https:\/\/mgvpublications.com\/de\/wp-json\/wp\/v2\/item?post=21512"}],"curies":[{"name":"wp","href":"https:\/\/api.w.org\/{rel}","templated":true}]}}