{"id":21510,"date":"2021-12-16T15:15:45","date_gmt":"2021-12-16T14:15:45","guid":{"rendered":"https:\/\/mgvpublications.com\/?post_type=product&#038;p=21510"},"modified":"2022-03-08T22:56:51","modified_gmt":"2022-03-08T21:56:51","slug":"kehribar-gecidi","status":"publish","type":"product","link":"https:\/\/mgvpublications.com\/de\/kehribar-gecidi\/","title":{"rendered":"Kehribar Ge\u00e7idi"},"content":{"rendered":"<p>Yay\u0131n Tarihi: 29.11.2021<br \/>ISBN: 9786050838091<br \/>Dil: T\u00dcRK\u00c7E<br \/>Sayfa Say\u0131s\u0131: 608<br \/>Cilt Tipi: Karton Kapak<br \/>Ka\u011f\u0131t Cinsi: Kitap Ka\u011f\u0131d\u0131<br \/>Boyut: 13.5 x 21 cm<\/p>","protected":false},"excerpt":{"rendered":"<p>Kusurlu bir sikke elden ele, keseden keseye ge\u00e7erek b\u00fct\u00fcn Roma\u2019y\u0131 nas\u0131l dola\u015f\u0131r? Hik\u00e2yeyi hik\u00e2yeye, yolu yolcuya, r\u00fcyay\u0131 r\u00fcyete, yedi ki\u015fiyi erdemli bir k\u00f6pe\u011fe nas\u0131l ba\u011flar? G\u00f6lgelerin ma\u011faras\u0131na d\u00f6nen haberci her defas\u0131nda niye ta\u015flan\u0131r? Kehribar Ge\u00e7idi, MS 300\u2019l\u00fc y\u0131llarda \u0130mparator Diocletianus Roma\u2019s\u0131nda bu sorulara cevap ar\u0131yor. Okuyucular\u0131n\u0131 Forum\u2019un, Colosseum\u2019un, Senato\u2019nun, Tiber \u0131rma\u011f\u0131n\u0131n, \u015eifa Tap\u0131na\u011f\u0131\u2019n\u0131n, sonradan kaybedilmi\u015f veya hi\u00e7 edinilmemi\u015f \u00f6zg\u00fcrl\u00fcklerin, hitabetin, yazmalar\u0131n, l\u00e2hitlerin, \u015fifal\u0131 otlar\u0131n, kurtlar\u0131n ku\u015flar\u0131n, da\u011flar\u0131n, en deh\u015fetli d\u00f6v\u00fc\u015flerin, toga picta\u2019n\u0131n ve dikenli deniz salyangozlar\u0131n\u0131n aras\u0131nda uzun bir yolculu\u011fa davet ediyor. Berrak fakat derin dili, karakterlerinin canl\u0131l\u0131\u011f\u0131, olaylar\u0131n\u0131n s\u00fcr\u00fckleyicili\u011fi, d\u00f6nemsel detaylar\u0131n\u0131n zenginli\u011fi, can yak\u0131c\u0131 meselelerinin her daim ge\u00e7erlili\u011fi ile tarihin \u00f6zel bir noktas\u0131ndan \u00e7ekip \u00e7\u0131kar\u0131lm\u0131\u015f olsa da evrensel insanl\u0131k hallerine dair s\u00f6yleyecek s\u00f6z\u00fc olan destans\u0131 bir ba\u015fyap\u0131t. Sekiz y\u0131ll\u0131k bir eme\u011fin sonucu. \u201cSanki \u00f6lm\u00fc\u015f\u00fcz de bu d\u00fcnyadaki g\u00fcnlerimizi anarak konu\u015fuyoruz seninle. Sanki bu d\u00fcnyadaki ya\u015fam\u0131m\u0131z bitmi\u015f de biri, b\u00fct\u00fcn dertlerimize d\u00f6n\u00fcp \u015f\u00f6yle bir bakal\u0131m diye omuzumuzu ok\u015far gibi. Bitti art\u0131k, ge\u00e7ti, der gibi.\u201d<\/p>","protected":false},"featured_media":21815,"template":"","meta":{"spay_email":""},"product_cat":[168],"product_tag":[],"item":[360],"acf":[],"_links":{"self":[{"href":"https:\/\/mgvpublications.com\/de\/wp-json\/wp\/v2\/product\/21510"}],"collection":[{"href":"https:\/\/mgvpublications.com\/de\/wp-json\/wp\/v2\/product"}],"about":[{"href":"https:\/\/mgvpublications.com\/de\/wp-json\/wp\/v2\/types\/product"}],"wp:featuredmedia":[{"embeddable":true,"href":"https:\/\/mgvpublications.com\/de\/wp-json\/wp\/v2\/media\/21815"}],"wp:attachment":[{"href":"https:\/\/mgvpublications.com\/de\/wp-json\/wp\/v2\/media?parent=21510"}],"wp:term":[{"taxonomy":"product_cat","embeddable":true,"href":"https:\/\/mgvpublications.com\/de\/wp-json\/wp\/v2\/product_cat?post=21510"},{"taxonomy":"product_tag","embeddable":true,"href":"https:\/\/mgvpublications.com\/de\/wp-json\/wp\/v2\/product_tag?post=21510"},{"taxonomy":"item","embeddable":true,"href":"https:\/\/mgvpublications.com\/de\/wp-json\/wp\/v2\/item?post=21510"}],"curies":[{"name":"wp","href":"https:\/\/api.w.org\/{rel}","templated":true}]}}