{"id":21475,"date":"2021-11-27T14:52:44","date_gmt":"2021-11-27T13:52:44","guid":{"rendered":"https:\/\/mgvpublications.com\/?post_type=product&#038;p=21475"},"modified":"2022-05-18T12:25:34","modified_gmt":"2022-05-18T10:25:34","slug":"tarikat-i-muhammediyye","status":"publish","type":"product","link":"https:\/\/mgvpublications.com\/de\/tarikat-i-muhammediyye\/","title":{"rendered":"Tarikat-\u0131 Muhammediyye"},"content":{"rendered":"<p>Muhakkak ki ak\u0131l ve nakil, kitap ve s\u00fcnnet g\u00f6r\u00fc\u015f birli\u011fi etmi\u015ftir ki d\u00fcnya f\u00e2n\u00eedir, s\u00fcratle harap olup yok olmaktad\u0131r. \u0130zzeti zillettir, nimetleri azap, i\u00e7ecekleri ise serapt\u0131r.<br \/>\nAhiret yurdu ise as\u0131l ya\u015fanacak yerdir. \u0130man ehli olanlar, muttakiler i\u00e7in haz\u0131rlanm\u0131\u015ft\u0131r. \u0130zzeti b\u00e2k\u00ee ve ebed\u00eedir, nimetleri s\u00e2f\u00ee ve sonsuzdur.<br \/>\nAhiret yurdunda bu \u00fcst\u00fcnl\u00fcklere kavu\u015fmak ise peygamberlerin sonuncusu, gelmi\u015f ge\u00e7mi\u015f b\u00fct\u00fcn insanl\u0131\u011f\u0131n efendisi Hz. Muhammed&#8217;e (s.a.v) inan\u00e7, s\u00f6z, fiil ve ahlakta uymakla m\u00fcmk\u00fcnd\u00fcr.<\/p>","protected":false},"excerpt":{"rendered":"<table>\n<tbody>\n<tr>\n<td>Yay\u0131n Tarihi:<\/td>\n<td>19.07.2017<\/td>\n<\/tr>\n<tr>\n<td>ISBN:<\/td>\n<td>9789758907250<\/td>\n<\/tr>\n<tr>\n<td>Dil:<\/td>\n<td>T\u00dcRK\u00c7E<\/td>\n<\/tr>\n<tr>\n<td>Sayfa Say\u0131s\u0131:<\/td>\n<td>848<\/td>\n<\/tr>\n<tr>\n<td>Cilt Tipi:<\/td>\n<td>Ciltli<\/td>\n<\/tr>\n<tr>\n<td>Ka\u011f\u0131t Cinsi:<\/td>\n<td>Kitap Ka\u011f\u0131d\u0131<\/td>\n<\/tr>\n<tr>\n<td>Boyut:<\/td>\n<td>16 x 24 cm<\/td>\n<\/tr>\n<\/tbody>\n<\/table>","protected":false},"featured_media":21476,"template":"","meta":{"spay_email":""},"product_cat":[174],"product_tag":[],"item":[1884],"acf":[],"_links":{"self":[{"href":"https:\/\/mgvpublications.com\/de\/wp-json\/wp\/v2\/product\/21475"}],"collection":[{"href":"https:\/\/mgvpublications.com\/de\/wp-json\/wp\/v2\/product"}],"about":[{"href":"https:\/\/mgvpublications.com\/de\/wp-json\/wp\/v2\/types\/product"}],"wp:featuredmedia":[{"embeddable":true,"href":"https:\/\/mgvpublications.com\/de\/wp-json\/wp\/v2\/media\/21476"}],"wp:attachment":[{"href":"https:\/\/mgvpublications.com\/de\/wp-json\/wp\/v2\/media?parent=21475"}],"wp:term":[{"taxonomy":"product_cat","embeddable":true,"href":"https:\/\/mgvpublications.com\/de\/wp-json\/wp\/v2\/product_cat?post=21475"},{"taxonomy":"product_tag","embeddable":true,"href":"https:\/\/mgvpublications.com\/de\/wp-json\/wp\/v2\/product_tag?post=21475"},{"taxonomy":"item","embeddable":true,"href":"https:\/\/mgvpublications.com\/de\/wp-json\/wp\/v2\/item?post=21475"}],"curies":[{"name":"wp","href":"https:\/\/api.w.org\/{rel}","templated":true}]}}