{"id":21473,"date":"2021-11-27T14:48:33","date_gmt":"2021-11-27T13:48:33","guid":{"rendered":"https:\/\/mgvpublications.com\/?post_type=product&#038;p=21473"},"modified":"2022-06-23T10:13:20","modified_gmt":"2022-06-23T08:13:20","slug":"kurani-seven-cocuklar-9lu-set","status":"publish","type":"product","link":"https:\/\/mgvpublications.com\/de\/kurani-seven-cocuklar-9lu-set\/","title":{"rendered":"Kur&#8217;an&#8217;\u0131 Seven \u00c7ocuklar 9&#8217;lu Set"},"content":{"rendered":"<table>\n<tbody>\n<tr>\n<td>\u00c7izer:<\/td>\n<td><a href=\"https:\/\/www.kitapyurdu.com\/yazar\/mumine-yesilmen\/156757.html\" target=\"_blank\" rel=\"noopener\">M\u00fcmine Ye\u015filmen<\/a><\/td>\n<\/tr>\n<tr>\n<td>\u00c7izer:<\/td>\n<td><a href=\"https:\/\/www.kitapyurdu.com\/yazar\/murat-tanhu-yilmaz\/161060.html\" target=\"_blank\" rel=\"noopener\">Murat Tanhu Y\u0131lmaz<\/a><\/td>\n<\/tr>\n<tr>\n<td>Editor:<\/td>\n<td><a href=\"https:\/\/www.kitapyurdu.com\/yazar\/omer-faruk-paksu\/23354.html\" target=\"_blank\" rel=\"noopener\">\u00d6mer Faruk Paksu<\/a><\/td>\n<\/tr>\n<tr>\n<td>Editor:<\/td>\n<td><a href=\"https:\/\/www.kitapyurdu.com\/yazar\/canan-ozturk\/23945.html\" target=\"_blank\" rel=\"noopener\">Canan \u00d6zt\u00fcrk<\/a><\/td>\n<\/tr>\n<tr>\n<td>Kapak:<\/td>\n<td><a href=\"https:\/\/www.kitapyurdu.com\/yazar\/cemile-kocaer\/239807.html\" target=\"_blank\" rel=\"noopener\">Cemile Kocaer<\/a><\/td>\n<\/tr>\n<tr>\n<td>Kapak:<\/td>\n<td><a href=\"https:\/\/www.kitapyurdu.com\/yazar\/nagihan-atay\/239808.html\" target=\"_blank\" rel=\"noopener\">Nagihan Atay<\/a><\/td>\n<\/tr>\n<tr>\n<td>Yay\u0131n Tarihi:<\/td>\n<td>26.07.2021<\/td>\n<\/tr>\n<tr>\n<td>ISBN:<\/td>\n<td>9786257685733<\/td>\n<\/tr>\n<tr>\n<td>Dil:<\/td>\n<td>T\u00dcRK\u00c7E<\/td>\n<\/tr>\n<tr>\n<td>Sayfa Say\u0131s\u0131:<\/td>\n<td>320<\/td>\n<\/tr>\n<tr>\n<td>Cilt Tipi:<\/td>\n<td>Karton Kapak<\/td>\n<\/tr>\n<tr>\n<td>Ka\u011f\u0131t Cinsi:<\/td>\n<td>1. Hm. Ka\u011f\u0131t<\/td>\n<\/tr>\n<tr>\n<td>Boyut:<\/td>\n<td>20 x 28 cm<\/td>\n<\/tr>\n<\/tbody>\n<\/table>","protected":false},"excerpt":{"rendered":"<p><strong>Tamam\u0131 Renkli 9 Kitapl\u0131k Set: <\/strong><br \/>\n<strong>\u00c7ocu\u011funuza Allah ve Kur\u2019an Sevgisi<\/strong><br \/>\n<strong>A\u015f\u0131lamak \u0130\u00e7in E\u015fsiz Bir K\u0131lavuz!<\/strong><\/p>","protected":false},"featured_media":21474,"template":"","meta":{"spay_email":""},"product_cat":[172],"product_tag":[],"item":[685],"acf":[],"_links":{"self":[{"href":"https:\/\/mgvpublications.com\/de\/wp-json\/wp\/v2\/product\/21473"}],"collection":[{"href":"https:\/\/mgvpublications.com\/de\/wp-json\/wp\/v2\/product"}],"about":[{"href":"https:\/\/mgvpublications.com\/de\/wp-json\/wp\/v2\/types\/product"}],"wp:featuredmedia":[{"embeddable":true,"href":"https:\/\/mgvpublications.com\/de\/wp-json\/wp\/v2\/media\/21474"}],"wp:attachment":[{"href":"https:\/\/mgvpublications.com\/de\/wp-json\/wp\/v2\/media?parent=21473"}],"wp:term":[{"taxonomy":"product_cat","embeddable":true,"href":"https:\/\/mgvpublications.com\/de\/wp-json\/wp\/v2\/product_cat?post=21473"},{"taxonomy":"product_tag","embeddable":true,"href":"https:\/\/mgvpublications.com\/de\/wp-json\/wp\/v2\/product_tag?post=21473"},{"taxonomy":"item","embeddable":true,"href":"https:\/\/mgvpublications.com\/de\/wp-json\/wp\/v2\/item?post=21473"}],"curies":[{"name":"wp","href":"https:\/\/api.w.org\/{rel}","templated":true}]}}