{"id":21466,"date":"2021-11-27T14:27:17","date_gmt":"2021-11-27T13:27:17","guid":{"rendered":"https:\/\/mgvpublications.com\/?post_type=product&#038;p=21466"},"modified":"2022-03-08T22:56:50","modified_gmt":"2022-03-08T21:56:50","slug":"mektubat-i-rabbani-2-cilt","status":"publish","type":"product","link":"https:\/\/mgvpublications.com\/de\/mektubat-i-rabbani-2-cilt\/","title":{"rendered":"Mektubat-\u0131 Rabbani (2 Cilt)"},"content":{"rendered":"<p>Elinizde tuttu\u011funuz bu Mektubat, \u0130mam-\u0131 Rabbani hazretlerinin dostlar\u0131na yazd\u0131\u011f\u0131 mektuplar\u0131n Arap\u00e7as\u0131ndan, T\u00fcrk\u00e7emize terc\u00fcme halleridir.<br \/>\n\u0130nsanlardaki \u00e7e\u015fitli isti&#8217;dat, kabiliyet ve durumlara g\u00f6re:<br \/>\n&#8220;Ak\u0131llar\u0131n\u0131n alabilece\u011fi tarzda konu\u015funuz.&#8221;<br \/>\nHadis-i \u015eerifine uyularak kaleme al\u0131nm\u0131\u015f ve b\u00f6ylece insanlara geni\u015f \u00e7apta \u0130R\u015eAD ve fayda sa\u011flam\u0131\u015ft\u0131r.<br \/>\nEserin hakikat a\u00e7\u0131s\u0131ndan el&#8217;an salabet ve selasetini muhafaza etti\u011fi ve bug\u00fcn\u00fcn M\u00dcSL\u00dcMANINA \u0131\u015f\u0131k tuttu\u011fu i\u00e7in tam terc\u00fcmesi, tab&#8217;\u0131 ve ne\u015fri bekleniyordu.<\/p>","protected":false},"excerpt":{"rendered":"<p>Elinizde tuttu\u011funuz bu Mektubat, \u0130mam-\u0131 Rabbani hazretlerinin dostlar\u0131na yazd\u0131\u011f\u0131 mektuplar\u0131n Arap\u00e7as\u0131ndan, T\u00fcrk\u00e7emize terc\u00fcme halleridir. \u0130nsanlardaki \u00e7e\u015fitli isti&#8217;dat, kabiliyet ve durumlara g\u00f6re: &#8220;Ak\u0131llar\u0131n\u0131n alabilece\u011fi tarzda konu\u015funuz.&#8221; Hadis-i \u015eerifine uyularak kaleme al\u0131nm\u0131\u015f ve b\u00f6ylece insanlara geni\u015f \u00e7apta \u0130R\u015eAD ve fayda sa\u011flam\u0131\u015ft\u0131r. Eserin hakikat a\u00e7\u0131s\u0131ndan el&#8217;an salabet ve selasetini muhafaza etti\u011fi ve bug\u00fcn\u00fcn M\u00dcSL\u00dcMANINA \u0131\u015f\u0131k tuttu\u011fu i\u00e7in tam [&hellip;]<\/p>","protected":false},"featured_media":21467,"template":"","meta":{"spay_email":""},"product_cat":[180,174],"product_tag":[],"item":[404],"acf":[],"_links":{"self":[{"href":"https:\/\/mgvpublications.com\/de\/wp-json\/wp\/v2\/product\/21466"}],"collection":[{"href":"https:\/\/mgvpublications.com\/de\/wp-json\/wp\/v2\/product"}],"about":[{"href":"https:\/\/mgvpublications.com\/de\/wp-json\/wp\/v2\/types\/product"}],"wp:featuredmedia":[{"embeddable":true,"href":"https:\/\/mgvpublications.com\/de\/wp-json\/wp\/v2\/media\/21467"}],"wp:attachment":[{"href":"https:\/\/mgvpublications.com\/de\/wp-json\/wp\/v2\/media?parent=21466"}],"wp:term":[{"taxonomy":"product_cat","embeddable":true,"href":"https:\/\/mgvpublications.com\/de\/wp-json\/wp\/v2\/product_cat?post=21466"},{"taxonomy":"product_tag","embeddable":true,"href":"https:\/\/mgvpublications.com\/de\/wp-json\/wp\/v2\/product_tag?post=21466"},{"taxonomy":"item","embeddable":true,"href":"https:\/\/mgvpublications.com\/de\/wp-json\/wp\/v2\/item?post=21466"}],"curies":[{"name":"wp","href":"https:\/\/api.w.org\/{rel}","templated":true}]}}