{"id":21355,"date":"2021-11-26T14:32:41","date_gmt":"2021-11-26T13:32:41","guid":{"rendered":"https:\/\/mgvpublications.com\/produkt\/elifin-bahar-bayrami\/"},"modified":"2022-03-08T22:56:48","modified_gmt":"2022-03-08T21:56:48","slug":"elifin-bahar-bayrami","status":"publish","type":"product","link":"https:\/\/mgvpublications.com\/de\/elifin-bahar-bayrami\/","title":{"rendered":"Elif&#8217;in Bahar Bayram\u0131"},"content":{"rendered":"<p>\u00c7evirmen: Necdet Neydim<br \/>Yay\u0131n Tarihi: 24.05.2019<br \/>ISBN: 9786053601463<br \/>Dil: T\u00dcRK\u00c7E<br \/>Sayfa Say\u0131s\u0131: 24<br \/>Cilt Tipi: Karton Kapak<br \/>Ka\u011f\u0131t Cinsi: Ku\u015fe Ka\u011f\u0131t<br \/>Boyut: 22 x 22 cm<\/p>","protected":false},"excerpt":{"rendered":"<p>Havalar \u0131s\u0131nmaya ba\u015flad\u0131. G\u00f6\u00e7men ku\u015flar geri d\u00f6nd\u00fc, a\u011fa\u00e7lar \u00e7i\u00e7ek a\u00e7\u0131yor ve Bahar Bayram\u0131 yakla\u015f\u0131yor. Elif kendine minik bir bah\u00e7e haz\u0131rlay\u0131p, Bahar Bayram\u0131\u2019n\u0131 kar\u015f\u0131lamaya haz\u0131rlan\u0131yor. Elif\u2019le birlikte siz de Bahar Bayram\u0131 e\u011flencelerine kat\u0131l\u0131n.<\/p>","protected":false},"featured_media":21354,"template":"","meta":{"spay_email":""},"product_cat":[172],"product_tag":[],"item":[336],"acf":[],"_links":{"self":[{"href":"https:\/\/mgvpublications.com\/de\/wp-json\/wp\/v2\/product\/21355"}],"collection":[{"href":"https:\/\/mgvpublications.com\/de\/wp-json\/wp\/v2\/product"}],"about":[{"href":"https:\/\/mgvpublications.com\/de\/wp-json\/wp\/v2\/types\/product"}],"wp:featuredmedia":[{"embeddable":true,"href":"https:\/\/mgvpublications.com\/de\/wp-json\/wp\/v2\/media\/21354"}],"wp:attachment":[{"href":"https:\/\/mgvpublications.com\/de\/wp-json\/wp\/v2\/media?parent=21355"}],"wp:term":[{"taxonomy":"product_cat","embeddable":true,"href":"https:\/\/mgvpublications.com\/de\/wp-json\/wp\/v2\/product_cat?post=21355"},{"taxonomy":"product_tag","embeddable":true,"href":"https:\/\/mgvpublications.com\/de\/wp-json\/wp\/v2\/product_tag?post=21355"},{"taxonomy":"item","embeddable":true,"href":"https:\/\/mgvpublications.com\/de\/wp-json\/wp\/v2\/item?post=21355"}],"curies":[{"name":"wp","href":"https:\/\/api.w.org\/{rel}","templated":true}]}}