{"id":21353,"date":"2021-11-26T14:32:40","date_gmt":"2021-11-26T13:32:40","guid":{"rendered":"https:\/\/mgvpublications.com\/produkt\/uydurma-oldugunda-ittifak-edilen-hadisler-aliyyul-kari\/"},"modified":"2022-03-08T22:56:48","modified_gmt":"2022-03-08T21:56:48","slug":"uydurma-oldugunda-ittifak-edilen-hadisler-aliyyul-kari","status":"publish","type":"product","link":"https:\/\/mgvpublications.com\/de\/uydurma-oldugunda-ittifak-edilen-hadisler-aliyyul-kari\/","title":{"rendered":"Uydurma Oldu\u011funda \u0130ttifak Edilen Hadisler \/ Aliyy\u00fc&#8217;l-Kari"},"content":{"rendered":"<p>\u00c7evirmen: Dr. Halil \u0130brahim Kutlay<br \/>Yay\u0131n Tarihi: 25.07.2019<br \/>Orijinal Ad\u0131: el-Masnu\u2019 fi Ma\u2019rifeti&#8217;l-Hadisi&#8217;l-Mevzu<br \/>ISBN: 9789757560791<br \/>Dil: T\u00dcRK\u00c7E<br \/>Sayfa Say\u0131s\u0131: 440<br \/>Cilt Tipi: Karton Kapak<br \/>Ka\u011f\u0131t Cinsi: Kitap Ka\u011f\u0131d\u0131<br \/>Boyut: 13.5 x 21 cm<\/p>","protected":false},"excerpt":{"rendered":"<p>Mevzu (uydurma) hadisler konusunda T\u00fcrk\u00e7e&#8217;de telif ya da terc\u00fcme muhtelif ne\u015friyat bulunsa da Aliyy\u00fc&#8217;l-Kar\u00ee&#8217;nin eseri ihtil\u00e2ftan uzak, ittifakla uydurma oldu\u011fu kabul edilen hadisleri s\u00f6z konusu etmektedir. Uydurma Hadisler; Peygamberimiz&#8217;e yamanan, uydurulmu\u015f, as\u0131ls\u0131z s\u00f6zler ya da onun m\u00fcbarek s\u00f6z\u00fc olmad\u0131\u011f\u0131 halde ona nisbet edilen ba\u015fka zevata ait g\u00fczel s\u00f6zlerdir. Sahabe ve Tabi\u00een d\u00f6neminden sonra dini lekeleme ve karalama amac\u0131yla kas\u0131tl\u0131 olarak hadis uyduranlar oldu\u011fu gibi, ticar\u00ee kazan\u00e7 arzusuyla hadis uyduran \u00e7\u0131karc\u0131lar, y\u00f6neticilere \u015firin g\u00f6r\u00fcnmek amac\u0131yla hadis uyduran dalkavuklar veya insanlar\u0131 ibadete, hayra, iyili\u011fe davet etme gibi kendilerine g\u00f6re iyi niyetle hadis uyduran safdil kimseler de olmu\u015ftur. Ancak m\u00fctehass\u0131s, m\u00fcnekk\u0131d, m\u00fcttek\u00ee \u0130slam \u00e2limlerinin ihlasl\u0131 gayretleriyle hadis uydurmac\u0131lar\u0131 ve uydurduklar\u0131 hadisler tek tek tesbit edilmi\u015f, dinin nezaheti ve s\u00e2fiyeti as\u0131rlar boyunca aynen korunmu\u015ftur. Bu kitapta ger\u00e7ekten as\u0131ls\u0131z uydurma hadisler ele al\u0131nd\u0131\u011f\u0131 gibi; halk aras\u0131nda veya ilim d\u00fcnyas\u0131nda \u201cHadis\u201d olmad\u0131\u011f\u0131 halde \u00e7e\u015fitli sebeplerle \u201cHadis\u201d diye nakledilen s\u00f6zler de ele al\u0131nmaktad\u0131r. Bir k\u0131sm\u0131 man\u00e2 itibariyle do\u011fru olan, b\u00fcy\u00fck zevata ait g\u00fczel s\u00f6zler, zaman zaman halk\u0131n dilinde ya da baz\u0131 eserlerde, yazarlar\u0131n\u0131n derinli\u011fine inceleme imk\u00e2n\u0131 bulamamalar\u0131 sebebiyle olsa gerek, hadis olarak nakledilmi\u015ftir. Peygamberimiz (s.a.v)&#8217;in m\u00fcbarek lisan\u0131ndan s\u00e2d\u0131r olmayan s\u00f6zlerin, g\u00fczel s\u00f6zler olsa bile, onun ad\u0131na nakledilmesi, o s\u00f6ylemi\u015f gibi kabul edilmesi, bu s\u00f6zlerin \u201cUydurma Hadis\u201d kapsam\u0131nda de\u011ferlendirilmesi sonucunu do\u011furmaktad\u0131r. T\u00fcrk\u00e7e&#8217;ye ilk defa terc\u00fcme edilen el-Masnu\u2019 f\u00ee Ma&#8217;rifeti&#8217;l-Hadisi&#8217;l- Mevz\u00fb isimli bu kitap, uydurma hadisler konusunda yap\u0131lan ilm\u00ee \u00e7al\u0131\u015fmalar\u0131n \u00f6z\u00fc ve hul\u00e2sas\u0131 niteli\u011finde bir eser olup m\u00fcellifi Molla Aliyy\u00fc&#8217;l-Kar\u00ee&#8217;nin hassasiyet ve titizli\u011fi, merhum muhakkik Abd\u00fclfettah Ebu Gudde\u2019nin dikkat ve itinas\u0131 sebebiyle ilim d\u00fcnyas\u0131nda takdirle an\u0131lan eserlerden biridir.<\/p>","protected":false},"featured_media":21352,"template":"","meta":{"spay_email":""},"product_cat":[174],"product_tag":[],"item":[741],"acf":[],"_links":{"self":[{"href":"https:\/\/mgvpublications.com\/de\/wp-json\/wp\/v2\/product\/21353"}],"collection":[{"href":"https:\/\/mgvpublications.com\/de\/wp-json\/wp\/v2\/product"}],"about":[{"href":"https:\/\/mgvpublications.com\/de\/wp-json\/wp\/v2\/types\/product"}],"wp:featuredmedia":[{"embeddable":true,"href":"https:\/\/mgvpublications.com\/de\/wp-json\/wp\/v2\/media\/21352"}],"wp:attachment":[{"href":"https:\/\/mgvpublications.com\/de\/wp-json\/wp\/v2\/media?parent=21353"}],"wp:term":[{"taxonomy":"product_cat","embeddable":true,"href":"https:\/\/mgvpublications.com\/de\/wp-json\/wp\/v2\/product_cat?post=21353"},{"taxonomy":"product_tag","embeddable":true,"href":"https:\/\/mgvpublications.com\/de\/wp-json\/wp\/v2\/product_tag?post=21353"},{"taxonomy":"item","embeddable":true,"href":"https:\/\/mgvpublications.com\/de\/wp-json\/wp\/v2\/item?post=21353"}],"curies":[{"name":"wp","href":"https:\/\/api.w.org\/{rel}","templated":true}]}}