{"id":21351,"date":"2021-11-26T14:32:35","date_gmt":"2021-11-26T13:32:35","guid":{"rendered":"https:\/\/mgvpublications.com\/produkt\/kitabut-tevhid-aciklamali-tercume\/"},"modified":"2022-04-08T06:25:31","modified_gmt":"2022-04-08T04:25:31","slug":"kitabut-tevhid-aciklamali-tercume","status":"publish","type":"product","link":"https:\/\/mgvpublications.com\/de\/kitabut-tevhid-aciklamali-tercume\/","title":{"rendered":"Kitab\u00fc&#8217;t-Tevhid \/ A\u00e7\u0131klamal\u0131 Terc\u00fcme"},"content":{"rendered":"<p>\u00c7evirmen: Prof. Dr. Bekir Topalo\u011flu<br \/>Yay\u0131n Tarihi: 11.08.2021<br \/>ISBN: 9789753899635<br \/>Dil: T\u00dcRK\u00c7E<br \/>Sayfa Say\u0131s\u0131: 772<br \/>Cilt Tipi: Karton Kapak<br \/>Ka\u011f\u0131t Cinsi: Kitap Ka\u011f\u0131d\u0131<br \/>Boyut: 13.5 x 19.5 cm<\/p>","protected":false},"excerpt":{"rendered":"<p>Eb\u00fb Mans\u00fbr el-M\u00e2t\u00fcr\u00eed\u00ee, bug\u00fcnk\u00fc \u00d6zbekistan&#8217;\u0131n s\u0131n\u0131rlar\u0131 i\u00e7inde yer alan Semerkant \u015fehrine ba\u011fl\u0131 M\u00e2t\u00fcr\u00eed mahallesinde do\u011fmu\u015f ve ayn\u0131 \u015fehirde vefat etmi\u015ftir (238\/852-333\/944). T\u00fcrk as\u0131ll\u0131 olma ihtimali kuvvetli olan \u0130mam M\u00e2t\u00fcr\u00eed\u00ee&#8217;nin kabri Semerkant&#8217;tad\u0131r. M\u00e2t\u00fcr\u00eed\u00ee&#8217;nin ya\u015fad\u0131\u011f\u0131 b\u00f6lge \u00f6nceleri Abb\u00e2s\u00ee Devleti\u2019ne ba\u011fl\u0131 iken, M\u00fctevekkil-Alellah d\u00f6neminde ba\u015fta do\u011fu b\u00f6lgesi olmak \u00fczere bir\u00e7ok y\u00f6netim merkezi idareden ayr\u0131lm\u0131\u015ft\u0131. M\u00e2t\u00fcr\u00eed\u00ee&#8217;nin ya\u015fad\u0131\u011f\u0131 b\u00f6lge ve \u00e7evresine S\u00e2m\u00e2n\u00eeler hakim olmu\u015ftu. Bu d\u00f6nemde \u00e7e\u015fitli alanlarda yetkin \u00e2limlerin yeti\u015fmesi i\u00e7in gerekli zemin devlet eliyle haz\u0131rlanm\u0131\u015ft\u0131. \u0130mam M\u00e2t\u00fcr\u00eed\u00ee b\u00f6yle bir ortamda ilim tahsil edip eserler vermi\u015ftir. Mat\u00fcr\u00eed\u00ee, Eb\u00fc\u2019l-Hasan el-E\u015f\u2019ar\u00ee ile birlikte Ehl-i S\u00fcnnetin kel\u00e2m ak\u00eedesini sistemle\u015ftiren, Hz. Peygamber ve ashab\u0131n\u0131n \u0130sl\u00e2m&#8217;\u0131n temel konular\u0131na dair anlay\u0131\u015flar\u0131n\u0131 savunup m\u00fcsl\u00fcmanlar aras\u0131nda yerle\u015fmesine \u00e7aba g\u00f6steren, ayr\u0131ca Mu\u2019tezile, \u015e\u00eea ve benzeri f\u0131rkalarla a\u015f\u0131r\u0131 g\u00f6r\u00fc\u015fleri sebebiyle m\u00fccadele etmi\u015f olan b\u00fcy\u00fck bir \u0130sl\u00e2m \u00e2limidir. Bu iki \u00e2lim ak\u0131l-nakil ili\u015fkisindeki mutedil tutumlar\u0131 dolay\u0131s\u0131yla dikkatleri \u00e7ekmi\u015f ve geni\u015f kitleler taraf\u0131ndan kabul g\u00f6rm\u00fc\u015ft\u00fcr. Ehl-i S\u00fcnnet ak\u0131m\u0131n\u0131n bu se\u00e7kin iki imam\u0131 aras\u0131nda baz\u0131 g\u00f6r\u00fc\u015f farkl\u0131l\u0131klar\u0131 da bulunuyordu. \u0130mamlar\u0131n\u0131n g\u00f6r\u00fc\u015flerini sistemle\u015ftiren E\u015f\u2019ariyye kel\u00e2mc\u0131lar\u0131 nakli esas al\u0131p onu ak\u0131lla desteklerken, M\u00e2t\u00fcr\u00eed\u00ee akaidi, \u00f6zellikle ak\u0131l sahas\u0131na giren konularda naklin \u0131\u015f\u0131\u011f\u0131 alt\u0131nda akla itimat etmi\u015ftir. Eb\u00fc Han\u00eefe \u00e7izgisinde ve Eb\u00fb Mans\u00fbr el-M\u00e2t\u00fcr\u00eed\u00ee&#8217;ye nispetle kurulan M\u00e2t\u00fcr\u00eed\u00eeyye mezhebi, tek ba\u015f\u0131na b\u00fct\u00fcn M\u00fcsl\u00fcmanlar\u0131n yar\u0131s\u0131n\u0131 kendisine ba\u011flamay\u0131 ba\u015faran bir ekold\u00fcr. M\u00e2t\u00fcr\u00eed\u00ee&#8217;nin Kit\u00e2b\u00fc\u2019t-Tevh\u00eed\u2019i bu ekol\u00fcn temel kitaplar\u0131ndan biridir. Buna ra\u011fmen Kit\u00e2b\u00fc&#8217;t-Tevh\u00eed\u2019in ba\u015fta M\u00e2t\u00fcr\u00eed\u00eeyye mensuplar\u0131 olmak \u00fczere ilim adamlar\u0131 taraf\u0131ndan yeterince bilindi\u011fini s\u00f6ylemek m\u00fcmk\u00fcn de\u011fildir.<\/p>","protected":false},"featured_media":23282,"template":"","meta":{"spay_email":""},"product_cat":[174],"product_tag":[],"item":[856],"acf":[],"_links":{"self":[{"href":"https:\/\/mgvpublications.com\/de\/wp-json\/wp\/v2\/product\/21351"}],"collection":[{"href":"https:\/\/mgvpublications.com\/de\/wp-json\/wp\/v2\/product"}],"about":[{"href":"https:\/\/mgvpublications.com\/de\/wp-json\/wp\/v2\/types\/product"}],"wp:featuredmedia":[{"embeddable":true,"href":"https:\/\/mgvpublications.com\/de\/wp-json\/wp\/v2\/media\/23282"}],"wp:attachment":[{"href":"https:\/\/mgvpublications.com\/de\/wp-json\/wp\/v2\/media?parent=21351"}],"wp:term":[{"taxonomy":"product_cat","embeddable":true,"href":"https:\/\/mgvpublications.com\/de\/wp-json\/wp\/v2\/product_cat?post=21351"},{"taxonomy":"product_tag","embeddable":true,"href":"https:\/\/mgvpublications.com\/de\/wp-json\/wp\/v2\/product_tag?post=21351"},{"taxonomy":"item","embeddable":true,"href":"https:\/\/mgvpublications.com\/de\/wp-json\/wp\/v2\/item?post=21351"}],"curies":[{"name":"wp","href":"https:\/\/api.w.org\/{rel}","templated":true}]}}