{"id":21343,"date":"2021-11-26T14:32:25","date_gmt":"2021-11-26T13:32:25","guid":{"rendered":"https:\/\/mgvpublications.com\/produkt\/aile-icinde\/"},"modified":"2022-03-08T22:56:47","modified_gmt":"2022-03-08T21:56:47","slug":"aile-icinde","status":"publish","type":"product","link":"https:\/\/mgvpublications.com\/de\/aile-icinde\/","title":{"rendered":"Aile \u0130\u00e7inde"},"content":{"rendered":"<p>Yay\u0131n Tarihi: 08.11.2021<br \/>ISBN: 9786258498059<br \/>Dil: T\u00dcRK\u00c7E<br \/>Sayfa Say\u0131s\u0131: 144<br \/>Cilt Tipi: Karton Kapak<br \/>Ka\u011f\u0131t Cinsi: Kitap Ka\u011f\u0131d\u0131<br \/>Boyut: 13.5 x 21 cm<\/p>","protected":false},"excerpt":{"rendered":"<p>Evlerimizde bir arada ama yaln\u0131z\u0131z. Birbirimizin dertleri kar\u015f\u0131s\u0131nda sa\u011f\u0131r, hakikat kar\u015f\u0131s\u0131nda k\u00f6r\u00fcz. Aile olmay\u0131 unutmu\u015fuz. D\u00fcnya ve ahiret saadetinin kayna\u011f\u0131 olabilecek yuvalar\u0131m\u0131zdan \u00e7at\u0131rt\u0131lar geliyor fakat d\u00f6n\u00fcp bakm\u0131yoruz yaran\u0131n, hasar\u0131n nerede oldu\u011funa. Modern \u00e7a\u011f\u0131n u\u011fultusu bast\u0131r\u0131yor t\u00fcm sesleri. Aile oca\u011f\u0131m\u0131z\u0131 ihmal edip l\u00fczumsuz pek \u00e7ok \u015feyin pe\u015finde vakit ve nakit harc\u0131yoruz. Her \u015feyin fiyat\u0131n\u0131 \u00f6\u011freniyoruz da de\u011ferini pek bilmiyoruz sanki. Oysa en de\u011ferli \u015feyler para ile \u00f6l\u00e7\u00fclemeyenlerdir; huzur, ahlak, mutluluk, sevgi ve aile ortam\u0131 gibi. Gelin, biraz d\u00fc\u015f\u00fcnelim, Aile \u0130\u00e7inde hep beraber. Nefsimize ma\u011flup olup kaybetmeyelim en k\u0131ymetlilerimizi. Tam aksine onlar\u0131n de\u011ferini idrak edelim. Ba\u015fka kimimiz var ki?<\/p>","protected":false},"featured_media":21852,"template":"","meta":{"spay_email":""},"product_cat":[169],"product_tag":[],"item":[354],"acf":[],"_links":{"self":[{"href":"https:\/\/mgvpublications.com\/de\/wp-json\/wp\/v2\/product\/21343"}],"collection":[{"href":"https:\/\/mgvpublications.com\/de\/wp-json\/wp\/v2\/product"}],"about":[{"href":"https:\/\/mgvpublications.com\/de\/wp-json\/wp\/v2\/types\/product"}],"wp:featuredmedia":[{"embeddable":true,"href":"https:\/\/mgvpublications.com\/de\/wp-json\/wp\/v2\/media\/21852"}],"wp:attachment":[{"href":"https:\/\/mgvpublications.com\/de\/wp-json\/wp\/v2\/media?parent=21343"}],"wp:term":[{"taxonomy":"product_cat","embeddable":true,"href":"https:\/\/mgvpublications.com\/de\/wp-json\/wp\/v2\/product_cat?post=21343"},{"taxonomy":"product_tag","embeddable":true,"href":"https:\/\/mgvpublications.com\/de\/wp-json\/wp\/v2\/product_tag?post=21343"},{"taxonomy":"item","embeddable":true,"href":"https:\/\/mgvpublications.com\/de\/wp-json\/wp\/v2\/item?post=21343"}],"curies":[{"name":"wp","href":"https:\/\/api.w.org\/{rel}","templated":true}]}}