{"id":21337,"date":"2021-11-26T14:32:18","date_gmt":"2021-11-26T13:32:18","guid":{"rendered":"https:\/\/mgvpublications.com\/produkt\/akilli-turk-makul-tarih\/"},"modified":"2022-03-08T22:56:47","modified_gmt":"2022-03-08T21:56:47","slug":"akilli-turk-makul-tarih","status":"publish","type":"product","link":"https:\/\/mgvpublications.com\/de\/akilli-turk-makul-tarih\/","title":{"rendered":"Ak\u0131ll\u0131 T\u00fcrk Makul Tarih"},"content":{"rendered":"<p>Yay\u0131n Tarihi: 10.07.2020<br \/>ISBN: 9786257014205<br \/>Dil: T\u00dcRK\u00c7E<br \/>Sayfa Say\u0131s\u0131: 188<br \/>Cilt Tipi: Karton Kapak<br \/>Ka\u011f\u0131t Cinsi: Kitap Ka\u011f\u0131d\u0131<br \/>Boyut: 13.5 x 21 cm<\/p>","protected":false},"excerpt":{"rendered":"<p>\u0130nsan tabiata do\u011far, hayat\u0131 ise kurar. Hayat haf\u0131zayla, ge\u00e7mi\u015fle, tarihle hayat bulur. Tarihi bilmeyen insan, ge\u00e7mi\u015fi bilmeyen insan demek de\u011fildir; gelece\u011fi bilmeyen, hayat\u0131 \u00f6n-g\u00f6remeyen insan demektir. 1000 y\u0131ld\u0131r bu topraklarda tarih yazm\u0131\u015f T\u00fcrkler, ancak tarihi tecr\u00fcbelerine mensubiyet; in\u015fa ettikleri medeniyete aidiyet duymakla dik durabildiler. \u0130\u015fte bu deneme T\u00fcrk kimli\u011fini te\u015frihe \u00e7al\u0131\u015f\u0131yor. \u0130nsan olmakl\u0131\u011f\u0131 en temel varolu\u015f tarz\u0131 olarak benimseyen, bu y\u00fczden de s\u0131rtlanlar\u0131n aras\u0131nda yal\u0131n-\u0131z kalm\u0131\u015f ama dik-duru\u015funu, y\u00fcr\u00fcy\u00fc\u015f\u00fcn\u00fc, k\u0131saca kendilikini koruyarak yeni bir hayat\u0131 teklif ve temsil etmeye \u00e7al\u0131\u015fan T\u00fcrk\u2019e, bu gayreti kemale ta\u015f\u0131yacak ilkeleri ve hedefleri i\u015faret eden yaz\u0131lardan olu\u015fuyor.<\/p>","protected":false},"featured_media":21336,"template":"","meta":{"spay_email":""},"product_cat":[232],"product_tag":[],"item":[392],"acf":[],"_links":{"self":[{"href":"https:\/\/mgvpublications.com\/de\/wp-json\/wp\/v2\/product\/21337"}],"collection":[{"href":"https:\/\/mgvpublications.com\/de\/wp-json\/wp\/v2\/product"}],"about":[{"href":"https:\/\/mgvpublications.com\/de\/wp-json\/wp\/v2\/types\/product"}],"wp:featuredmedia":[{"embeddable":true,"href":"https:\/\/mgvpublications.com\/de\/wp-json\/wp\/v2\/media\/21336"}],"wp:attachment":[{"href":"https:\/\/mgvpublications.com\/de\/wp-json\/wp\/v2\/media?parent=21337"}],"wp:term":[{"taxonomy":"product_cat","embeddable":true,"href":"https:\/\/mgvpublications.com\/de\/wp-json\/wp\/v2\/product_cat?post=21337"},{"taxonomy":"product_tag","embeddable":true,"href":"https:\/\/mgvpublications.com\/de\/wp-json\/wp\/v2\/product_tag?post=21337"},{"taxonomy":"item","embeddable":true,"href":"https:\/\/mgvpublications.com\/de\/wp-json\/wp\/v2\/item?post=21337"}],"curies":[{"name":"wp","href":"https:\/\/api.w.org\/{rel}","templated":true}]}}