{"id":21325,"date":"2021-11-26T14:31:59","date_gmt":"2021-11-26T13:31:59","guid":{"rendered":"https:\/\/mgvpublications.com\/produkt\/soz-direniscilerde\/"},"modified":"2022-03-08T22:56:43","modified_gmt":"2022-03-08T21:56:43","slug":"soz-direniscilerde","status":"publish","type":"product","link":"https:\/\/mgvpublications.com\/de\/soz-direniscilerde\/","title":{"rendered":"S\u00f6z Direni\u015f\u00e7ilerde"},"content":{"rendered":"<p>Yay\u0131n Tarihi: 09.06.2018<br \/>ISBN: 9789753523127<br \/>Dil: T\u00dcRK\u00c7E<br \/>Sayfa Say\u0131s\u0131: 208<br \/>Cilt Tipi: Karton Kapak<br \/>Ka\u011f\u0131t Cinsi: Kitap Ka\u011f\u0131d\u0131<br \/>Boyut: 13.5 x 21 cm<\/p>","protected":false},"excerpt":{"rendered":"<p>Bu kitap zor ve me\u015fakkatli, bir o kadar da maceral\u0131 bir s\u00fcrecin ard\u0131ndan ortaya \u00e7\u0131kt\u0131. Kitapta bulunan r\u00f6portajlar\u0131 ger\u00e7ekle\u015ftirmek i\u00e7in bir b\u00f6lgeye girerken kimi zaman k\u0131l\u0131k de\u011fi\u015ftirdim, kimi zaman s\u0131n\u0131rlarda para kar\u015f\u0131l\u0131\u011f\u0131nda ka\u00e7ak\u00e7\u0131larla anla\u015ft\u0131m. \u00c7at\u0131\u015fmalar\u0131n ortas\u0131nda kald\u0131m, pe\u015fimdeki istihbarat ajanlar\u0131n\u0131 atlatmaya \u00e7al\u0131\u015ft\u0131m, g\u00f6zalt\u0131na al\u0131nd\u0131m, sorguland\u0131m. \u00d6zellikle Ba\u011fdat&#8217;a direni\u015f\u00e7ilerle g\u00f6r\u00fc\u015fmeye giderken \u015fehrin giri\u015finde durdurulup ba\u015f\u0131ma silah dayand\u0131\u011f\u0131 an\u0131 ve Afganistan&#8217;da bir saate yak\u0131n \u015fiddetli bombard\u0131man alt\u0131nda kald\u0131\u011f\u0131m, yan\u0131mda insanlar\u0131n \u00f6l\u00fcp yaraland\u0131klar\u0131 o zor dakikalar\u0131 san\u0131r\u0131m hayat\u0131m\u0131n sonuna kadar unutamayaca\u011f\u0131m. \u00c7\u00fcnk\u00fc o anlar, art\u0131k d\u00fcnyaya veda etme vaktimin geldi\u011fine inanm\u0131\u015f ve melekleri beklemeye ba\u015flam\u0131\u015ft\u0131m. \u0130nsan, \u00f6l\u00fcm\u00fcn k\u0131y\u0131s\u0131ndan tekrar ya\u015fama geri d\u00f6nd\u00fc\u011f\u00fc vakit \u00e7ok farkl\u0131 duygular ya\u015f\u0131yor. Hatta hayata al\u0131\u015fmakta bile zorlan\u0131yor. Direni\u015f\u00e7ilerle ve direni\u015f gruplar\u0131yla ilgili karalamaya y\u00f6nelik, uzaktan yap\u0131lan de\u011ferlendirmelere asla itibar etmedim. \u00c7\u00fcnk\u00fc sava\u015f b\u00f6lgelerinde gazetecilik yaparken uzaktan, masa ba\u015f\u0131ndan yap\u0131lan de\u011ferlendirmelerin hi\u00e7 de do\u011fruyu yans\u0131tmad\u0131\u011f\u0131na bizzat \u015fahit oldum. Bundan dolay\u0131 aylarca farkl\u0131 co\u011frafyalarda direni\u015f\u00e7ilerle birlikte kald\u0131m ve g\u00fcnlerce onlar\u0131 dinledim. Kitab\u0131 okurken siz de Filistin&#8217;den Afganistan&#8217;a, Patani&#8217;den \u00c7e\u00e7enistan&#8217;a, Irak&#8217;tan Filipinler&#8217;e kadar geni\u015f bir co\u011frafyada yolculuk yapma f\u0131rsat\u0131 bulacaks\u0131n\u0131z. Ayr\u0131ca d\u00fcnyaca \u00fcnl\u00fc direni\u015f liderlerinin hayatlar\u0131yla ilgili bilinmeyenleri, bu ki\u015filerle ilgili benim ki\u015fisel g\u00f6zlem ve d\u00fc\u015f\u00fcncelerimi de okuyacaks\u0131n\u0131z.<\/p>","protected":false},"featured_media":21324,"template":"","meta":{"spay_email":""},"product_cat":[1588],"product_tag":[],"item":[399],"acf":[],"_links":{"self":[{"href":"https:\/\/mgvpublications.com\/de\/wp-json\/wp\/v2\/product\/21325"}],"collection":[{"href":"https:\/\/mgvpublications.com\/de\/wp-json\/wp\/v2\/product"}],"about":[{"href":"https:\/\/mgvpublications.com\/de\/wp-json\/wp\/v2\/types\/product"}],"wp:featuredmedia":[{"embeddable":true,"href":"https:\/\/mgvpublications.com\/de\/wp-json\/wp\/v2\/media\/21324"}],"wp:attachment":[{"href":"https:\/\/mgvpublications.com\/de\/wp-json\/wp\/v2\/media?parent=21325"}],"wp:term":[{"taxonomy":"product_cat","embeddable":true,"href":"https:\/\/mgvpublications.com\/de\/wp-json\/wp\/v2\/product_cat?post=21325"},{"taxonomy":"product_tag","embeddable":true,"href":"https:\/\/mgvpublications.com\/de\/wp-json\/wp\/v2\/product_tag?post=21325"},{"taxonomy":"item","embeddable":true,"href":"https:\/\/mgvpublications.com\/de\/wp-json\/wp\/v2\/item?post=21325"}],"curies":[{"name":"wp","href":"https:\/\/api.w.org\/{rel}","templated":true}]}}