{"id":21323,"date":"2021-11-26T14:31:55","date_gmt":"2021-11-26T13:31:55","guid":{"rendered":"https:\/\/mgvpublications.com\/produkt\/yoldaki-isaretler\/"},"modified":"2022-08-23T17:13:20","modified_gmt":"2022-08-23T15:13:20","slug":"yoldaki-isaretler","status":"publish","type":"product","link":"https:\/\/mgvpublications.com\/de\/yoldaki-isaretler\/","title":{"rendered":"Yoldaki \u0130\u015faretler"},"content":{"rendered":"<p>\u00c7evirmen: Kamil M. \u00c7etiner<br \/>ISBN: 9786054997053<br \/>Dil: T\u00dcRK\u00c7E<br \/>Sayfa Say\u0131s\u0131: 246<br \/>Cilt Tipi: Karton Kapak<br \/>Ka\u011f\u0131t Cinsi: Kitap Ka\u011f\u0131d\u0131<br \/>Boyut: 13 x 19.5 cm<\/p>","protected":false},"excerpt":{"rendered":"<p>\u00c7evirmen: Kamil M. \u00c7etinerISBN: 9786054997053Dil: T\u00dcRK\u00c7ESayfa Say\u0131s\u0131: 246Cilt Tipi: Karton KapakKa\u011f\u0131t Cinsi: Kitap Ka\u011f\u0131d\u0131Boyut: 13 x 19.5 cm<\/p>","protected":false},"featured_media":21322,"template":"","meta":{"spay_email":""},"product_cat":[174],"product_tag":[],"item":[496],"acf":[],"_links":{"self":[{"href":"https:\/\/mgvpublications.com\/de\/wp-json\/wp\/v2\/product\/21323"}],"collection":[{"href":"https:\/\/mgvpublications.com\/de\/wp-json\/wp\/v2\/product"}],"about":[{"href":"https:\/\/mgvpublications.com\/de\/wp-json\/wp\/v2\/types\/product"}],"wp:featuredmedia":[{"embeddable":true,"href":"https:\/\/mgvpublications.com\/de\/wp-json\/wp\/v2\/media\/21322"}],"wp:attachment":[{"href":"https:\/\/mgvpublications.com\/de\/wp-json\/wp\/v2\/media?parent=21323"}],"wp:term":[{"taxonomy":"product_cat","embeddable":true,"href":"https:\/\/mgvpublications.com\/de\/wp-json\/wp\/v2\/product_cat?post=21323"},{"taxonomy":"product_tag","embeddable":true,"href":"https:\/\/mgvpublications.com\/de\/wp-json\/wp\/v2\/product_tag?post=21323"},{"taxonomy":"item","embeddable":true,"href":"https:\/\/mgvpublications.com\/de\/wp-json\/wp\/v2\/item?post=21323"}],"curies":[{"name":"wp","href":"https:\/\/api.w.org\/{rel}","templated":true}]}}