{"id":21321,"date":"2021-11-26T14:31:54","date_gmt":"2021-11-26T13:31:54","guid":{"rendered":"https:\/\/mgvpublications.com\/produkt\/gencler-icin-zihninden-cik-hayatina-gir\/"},"modified":"2025-11-09T21:52:54","modified_gmt":"2025-11-09T20:52:54","slug":"gencler-icin-zihninden-cik-hayatina-gir","status":"publish","type":"product","link":"https:\/\/mgvpublications.com\/de\/gencler-icin-zihninden-cik-hayatina-gir\/","title":{"rendered":"Gen\u00e7ler \u0130\u00e7in Zihninden \u00c7\u0131k Hayat\u0131na Gir"},"content":{"rendered":"<p>\u00c7evirmen: Yavuz Selim Alt\u0131ndal<br \/>Yay\u0131n Tarihi: 31.10.2017<br \/>ISBN: 9786059925808<br \/>Dil: T\u00dcRK\u00c7E<br \/>Sayfa Say\u0131s\u0131: 192<br \/>Cilt Tipi: Karton Kapak<br \/>Ka\u011f\u0131t Cinsi: Kitap Ka\u011f\u0131d\u0131<br \/>Boyut: 13.5 x 21 cm<\/p>","protected":false},"excerpt":{"rendered":"<p>Korkular\u0131n\u0131zla Y\u00fczle\u015fin ve \u0130\u00e7inizdeki Sava\u015f\u00e7\u0131y\u0131 Ke\u015ffedin Utan\u00e7 ve korku hissediyor, kendinizi \u00e7ok fazla a\u015fa\u011f\u0131lay\u0131p, kendinizden \u015f\u00fcphe ediyorsunuz. Bu durumda hayat\u0131n\u0131z nas\u0131l istedi\u011finiz gibi olabilir ki? Daha fazla riske girip daha fazla hata yapabilirsiniz, ama daha \u00f6nce olmad\u0131\u011f\u0131 kadar \u00f6zg\u00fcr ve kendinize g\u00fcvenen birisi olarak ya\u015fayabilirsiniz. Gen\u00e7ler i\u00e7in; Zihninden \u00c7\u0131k ve Hayat\u0131na Gir uygulamal\u0131 bir kendine yard\u0131m kitab\u0131d\u0131r. Bu kitap size, zor ve hayat\u0131 olumsuz etkileyen, ac\u0131ya yol a\u00e7an duygularla ba\u015fetmeniz i\u00e7in hayati beceriler sunmaktad\u0131r. Duygular hi\u00e7biryere gitmez, ancak onlar\u0131 nas\u0131l ele alaca\u011f\u0131n\u0131z\u0131 bu kitapta bulabileceksiniz. Bu becerileri uygulamaya ba\u015flad\u0131\u011f\u0131n\u0131zda DAH\u0130 bir sava\u015f\u00e7\u0131 haline geleceksiniz. DAH\u0130 sava\u015f\u00e7\u0131; zorlu duygular\u0131 incelik ve asaletle ele alan g\u00fc\u00e7l\u00fc bir ki\u015fidir ve bu yolda bir\u00e7ok dost ve ba\u015far\u0131 elde eder. Bu kitapla; G\u00fcnl\u00fck hayatta kendindelik (mindfulness) becerilerinin g\u00fcc\u00fcn\u00fc kullanabilmeyi Kendinizdeki hatalar\u0131 bulmay\u0131 b\u0131rak\u0131p, problemlerinizi \u00e7\u00f6zmeye ba\u015flayabilmeyi Kendinize daha \u015fefkatli davranarak kendi de\u011ferinizi ve g\u00fcveninizi farkedebilmeyi Hayallerinizdeki hayat\u0131 ya\u015fayabilmenize yard\u0131mc\u0131 olacak de\u011ferlerinizi ke\u015ffedebilmeyi \u00f6\u011freneceksiniz.<\/p>","protected":false},"featured_media":21320,"template":"","meta":{"spay_email":""},"product_cat":[169],"product_tag":[],"item":[865],"acf":[],"_links":{"self":[{"href":"https:\/\/mgvpublications.com\/de\/wp-json\/wp\/v2\/product\/21321"}],"collection":[{"href":"https:\/\/mgvpublications.com\/de\/wp-json\/wp\/v2\/product"}],"about":[{"href":"https:\/\/mgvpublications.com\/de\/wp-json\/wp\/v2\/types\/product"}],"wp:featuredmedia":[{"embeddable":true,"href":"https:\/\/mgvpublications.com\/de\/wp-json\/wp\/v2\/media\/21320"}],"wp:attachment":[{"href":"https:\/\/mgvpublications.com\/de\/wp-json\/wp\/v2\/media?parent=21321"}],"wp:term":[{"taxonomy":"product_cat","embeddable":true,"href":"https:\/\/mgvpublications.com\/de\/wp-json\/wp\/v2\/product_cat?post=21321"},{"taxonomy":"product_tag","embeddable":true,"href":"https:\/\/mgvpublications.com\/de\/wp-json\/wp\/v2\/product_tag?post=21321"},{"taxonomy":"item","embeddable":true,"href":"https:\/\/mgvpublications.com\/de\/wp-json\/wp\/v2\/item?post=21321"}],"curies":[{"name":"wp","href":"https:\/\/api.w.org\/{rel}","templated":true}]}}