{"id":21315,"date":"2021-11-26T14:31:44","date_gmt":"2021-11-26T13:31:44","guid":{"rendered":"https:\/\/mgvpublications.com\/produkt\/tespitci-dukkani\/"},"modified":"2022-03-08T22:56:43","modified_gmt":"2022-03-08T21:56:43","slug":"tespitci-dukkani","status":"publish","type":"product","link":"https:\/\/mgvpublications.com\/de\/tespitci-dukkani\/","title":{"rendered":"Tespit\u00e7i D\u00fckkan\u0131"},"content":{"rendered":"<p>Yay\u0131n Tarihi: 01.03.2018<br \/>ISBN: 9789757737797<br \/>Dil: T\u00dcRK\u00c7E<br \/>Sayfa Say\u0131s\u0131: 160<br \/>Cilt Tipi: Karton Kapak<br \/>Ka\u011f\u0131t Cinsi: Kitap Ka\u011f\u0131d\u0131<br \/>Boyut: 13.5 x 21 cm<\/p>","protected":false},"excerpt":{"rendered":"<p>\u201cKonu\u015fmalar\u0131m\u0131zda muhabbet havas\u0131, eylediklerimizde co\u015fku ve bereket kalmad\u0131. Hay\u0131r, bunu bir tespit olsun diye s\u00f6ylemiyorum. Zaten oldum olas\u0131 tespitlerden de hazzetmem. Bir \u015feyi sabitlemenin ad\u0131d\u0131r tespit. Bug\u00fcnlerde herkes kendi \u00e7ap\u0131nda bir tespit\u00e7i\u2026 Benim derdim ba\u015fka. B\u00fct\u00fcn yat\u0131r\u0131m\u0131m\u0131z\u0131 nefret \u00fczerine yapt\u0131\u011f\u0131m\u0131z i\u00e7in midir bilmiyorum o sohbet ne\u015fvesini bir t\u00fcrl\u00fc yakalayam\u0131yoruz. \u0130nanmakla sevmek aras\u0131nda sanki da\u011flar varm\u0131\u015f gibi birinden di\u011ferine giden yollar\u0131 \u00f6nyarg\u0131lar\u0131m\u0131z ve pe\u015fin fikirlerimizle t\u0131k\u0131yoruz. Saatlerce oturup kalk\u0131yoruz ama birbirimizin g\u00f6zlerinin i\u00e7ine bakmadan ve y\u00fcre\u011fine hi\u00e7 dokunmadan\u2026\u201d<\/p>","protected":false},"featured_media":21314,"template":"","meta":{"spay_email":""},"product_cat":[168],"product_tag":[],"item":[1885],"acf":[],"_links":{"self":[{"href":"https:\/\/mgvpublications.com\/de\/wp-json\/wp\/v2\/product\/21315"}],"collection":[{"href":"https:\/\/mgvpublications.com\/de\/wp-json\/wp\/v2\/product"}],"about":[{"href":"https:\/\/mgvpublications.com\/de\/wp-json\/wp\/v2\/types\/product"}],"wp:featuredmedia":[{"embeddable":true,"href":"https:\/\/mgvpublications.com\/de\/wp-json\/wp\/v2\/media\/21314"}],"wp:attachment":[{"href":"https:\/\/mgvpublications.com\/de\/wp-json\/wp\/v2\/media?parent=21315"}],"wp:term":[{"taxonomy":"product_cat","embeddable":true,"href":"https:\/\/mgvpublications.com\/de\/wp-json\/wp\/v2\/product_cat?post=21315"},{"taxonomy":"product_tag","embeddable":true,"href":"https:\/\/mgvpublications.com\/de\/wp-json\/wp\/v2\/product_tag?post=21315"},{"taxonomy":"item","embeddable":true,"href":"https:\/\/mgvpublications.com\/de\/wp-json\/wp\/v2\/item?post=21315"}],"curies":[{"name":"wp","href":"https:\/\/api.w.org\/{rel}","templated":true}]}}