{"id":21309,"date":"2021-11-26T14:31:38","date_gmt":"2021-11-26T13:31:38","guid":{"rendered":"https:\/\/mgvpublications.com\/produkt\/duzeltilmesi-gereken-kavramlar\/"},"modified":"2022-04-08T06:20:10","modified_gmt":"2022-04-08T04:20:10","slug":"duzeltilmesi-gereken-kavramlar","status":"publish","type":"product","link":"https:\/\/mgvpublications.com\/de\/duzeltilmesi-gereken-kavramlar\/","title":{"rendered":"D\u00fczeltilmesi Gereken Kavramlar"},"content":{"rendered":"<p>\u00c7evirmen: Nureddin Y\u0131ld\u0131z<br \/>ISBN: 9789756223246<br \/>Dil: T\u00dcRK\u00c7E<br \/>Sayfa Say\u0131s\u0131: 268<br \/>Cilt Tipi: Karton Kapak<br \/>Ka\u011f\u0131t Cinsi: Kitap Ka\u011f\u0131d\u0131<br \/>Boyut: 13 x 19.5 cm<\/p>","protected":false},"excerpt":{"rendered":"<p>Muhammed Kutub, bu eserinde, g\u00fcn\u00fcm\u00fcz m\u00fcsl\u00fcman\u0131n\u0131n \u00f6ncelikle yapaca\u011f\u0131 ilk i\u015fin zihinde yer eden kavramlar\u0131n yanl\u0131\u015f yorumlardan ay\u0131rt edilerek tashih edilmesi, do\u011fru temeller \u00fczerine oturtulmas\u0131 ve berrakla\u015fmas\u0131 oldu\u011funu dile getirmektedir. Bu olmaks\u0131z\u0131n at\u0131lacak di\u011fer ad\u0131mlar\u0131n ba\u015far\u0131s\u0131zl\u0131\u011fa mahkum olaca\u011f\u0131n\u0131 belirten M.Kutub, bu ger\u00e7ekten hareket ederek Kelimei Tevhid, Kaza-Kader, Medeniyet, \u0130badet kavramlar\u0131 \u00fczerinde durmaktad\u0131r.<\/p>","protected":false},"featured_media":23172,"template":"","meta":{"spay_email":""},"product_cat":[174],"product_tag":[],"item":[940],"acf":[],"_links":{"self":[{"href":"https:\/\/mgvpublications.com\/de\/wp-json\/wp\/v2\/product\/21309"}],"collection":[{"href":"https:\/\/mgvpublications.com\/de\/wp-json\/wp\/v2\/product"}],"about":[{"href":"https:\/\/mgvpublications.com\/de\/wp-json\/wp\/v2\/types\/product"}],"wp:featuredmedia":[{"embeddable":true,"href":"https:\/\/mgvpublications.com\/de\/wp-json\/wp\/v2\/media\/23172"}],"wp:attachment":[{"href":"https:\/\/mgvpublications.com\/de\/wp-json\/wp\/v2\/media?parent=21309"}],"wp:term":[{"taxonomy":"product_cat","embeddable":true,"href":"https:\/\/mgvpublications.com\/de\/wp-json\/wp\/v2\/product_cat?post=21309"},{"taxonomy":"product_tag","embeddable":true,"href":"https:\/\/mgvpublications.com\/de\/wp-json\/wp\/v2\/product_tag?post=21309"},{"taxonomy":"item","embeddable":true,"href":"https:\/\/mgvpublications.com\/de\/wp-json\/wp\/v2\/item?post=21309"}],"curies":[{"name":"wp","href":"https:\/\/api.w.org\/{rel}","templated":true}]}}