{"id":21305,"date":"2021-11-26T14:31:32","date_gmt":"2021-11-26T13:31:32","guid":{"rendered":"https:\/\/mgvpublications.com\/produkt\/oglumu-yetistiriyorum\/"},"modified":"2022-03-08T22:56:39","modified_gmt":"2022-03-08T21:56:39","slug":"oglumu-yetistiriyorum","status":"publish","type":"product","link":"https:\/\/mgvpublications.com\/de\/oglumu-yetistiriyorum\/","title":{"rendered":"O\u011flumu Yeti\u015ftiriyorum"},"content":{"rendered":"<p>Yay\u0131n Tarihi: 18.03.2020<br \/>ISBN: 9789756636312<br \/>Dil: T\u00dcRK\u00c7E<br \/>Sayfa Say\u0131s\u0131: 344<br \/>Cilt Tipi: Karton Kapak<br \/>Ka\u011f\u0131t Cinsi: Kitap Ka\u011f\u0131d\u0131<br \/>Boyut: 14 x 21 cm<\/p>","protected":false},"excerpt":{"rendered":"<p>\u00c7ocuk yeti\u015ftirmek sanatt\u0131r. Bu sanat\u0131 en iyi \u015fekilde yerine getirenler ise hi\u00e7 \u015f\u00fcphesiz anne babalard\u0131r&#8230; Ki onlar, ayn\u0131 zamanda \u00e7ocuk yeti\u015ftirme bilmecesinin de en \u00f6nemli par\u00e7as\u0131d\u0131rlar. Bu bilmecede joker, babalard\u0131r. Gelece\u011fin babalar\u0131 \u015fimdinin gen\u00e7leridir. Bu bilmecenin jokerini en iyi \u015fekilde kullanmak ve gen\u00e7lerin \u015fifresini \u00e7\u00f6zmek mi istiyorsunuz? O zaman iyi babalar yeti\u015ftirmek ve bu bilmeceyi daha rahat \u00e7\u00f6zmek i\u00e7in, l\u00fctfen &#8220;O\u011flumu Yeti\u015ftiriyorum&#8221;a bir g\u00f6z at\u0131n. \u00c7\u00fcnk\u00fc bu kitap; anneler, babalar, o\u011fullar ve yolu erkek \u00e7ocuklarla kesi\u015fenler i\u00e7in yaz\u0131ld\u0131.<\/p>","protected":false},"featured_media":21304,"template":"","meta":{"spay_email":""},"product_cat":[171],"product_tag":[],"item":[1897],"acf":[],"_links":{"self":[{"href":"https:\/\/mgvpublications.com\/de\/wp-json\/wp\/v2\/product\/21305"}],"collection":[{"href":"https:\/\/mgvpublications.com\/de\/wp-json\/wp\/v2\/product"}],"about":[{"href":"https:\/\/mgvpublications.com\/de\/wp-json\/wp\/v2\/types\/product"}],"wp:featuredmedia":[{"embeddable":true,"href":"https:\/\/mgvpublications.com\/de\/wp-json\/wp\/v2\/media\/21304"}],"wp:attachment":[{"href":"https:\/\/mgvpublications.com\/de\/wp-json\/wp\/v2\/media?parent=21305"}],"wp:term":[{"taxonomy":"product_cat","embeddable":true,"href":"https:\/\/mgvpublications.com\/de\/wp-json\/wp\/v2\/product_cat?post=21305"},{"taxonomy":"product_tag","embeddable":true,"href":"https:\/\/mgvpublications.com\/de\/wp-json\/wp\/v2\/product_tag?post=21305"},{"taxonomy":"item","embeddable":true,"href":"https:\/\/mgvpublications.com\/de\/wp-json\/wp\/v2\/item?post=21305"}],"curies":[{"name":"wp","href":"https:\/\/api.w.org\/{rel}","templated":true}]}}