{"id":21299,"date":"2021-11-26T14:31:22","date_gmt":"2021-11-26T13:31:22","guid":{"rendered":"https:\/\/mgvpublications.com\/produkt\/fincanimda-cola-var\/"},"modified":"2022-03-08T22:56:39","modified_gmt":"2022-03-08T21:56:39","slug":"fincanimda-cola-var","status":"publish","type":"product","link":"https:\/\/mgvpublications.com\/de\/fincanimda-cola-var\/","title":{"rendered":"Fincan\u0131mda Cola Var"},"content":{"rendered":"<p>Yay\u0131n Tarihi: 22.10.2018<br \/>ISBN: 9786056549700<br \/>Dil: T\u00dcRK\u00c7E<br \/>Sayfa Say\u0131s\u0131: 232<br \/>Cilt Tipi: Karton Kapak<br \/>Ka\u011f\u0131t Cinsi: Kitap Ka\u011f\u0131d\u0131<br \/>Boyut: 13.5 x 21 cm<\/p>","protected":false},"excerpt":{"rendered":"<p>Kenar\u0131nda lokumu, nak\u0131\u015fl\u0131 fincan\u0131, ba\u015ftan \u00e7\u0131karan kokusu, 40 y\u0131ll\u0131k hat\u0131r\u0131 ta\u015f\u0131yan lezzetiyle bizi tarif eden en do\u011fru sembold\u00fc o&#8230; O; dostluktu, kom\u015fuluktu, payla\u015fmakt\u0131, medenilikti\u2026 Zaman ge\u00e7ti\u2026 Biz de\u011fi\u015ftik\u2026 Kalabal\u0131k kentlerde, y\u00fcksek apartmanlarda ya\u015famay\u0131 se\u00e7tik\u2026 Yaln\u0131zla\u015ft\u0131k&#8230; Medeni \u015fehirlilerden, uygar kentlilere d\u00f6n\u00fc\u015f\u00fcrken; bizli\u011fimiz benli\u011fe do\u011fru y\u00fcr\u00fcd\u00fc. Bu kitab\u0131n sayfalar\u0131nda, fincanlar\u0131m\u0131zda kahve olan d\u00f6nemler var\u2026 Bu kitab\u0131n sayfalar\u0131nda, bug\u00fcn var\u2026 Bu kitab\u0131n sayfalar\u0131nda, Prof. Dr. Sadettin \u00d6kten\u2019in bilge yakla\u015f\u0131m\u0131yla geni\u015f bir medeniyet sohbeti var. Kahvenizi unutmay\u0131n!<\/p>","protected":false},"featured_media":21298,"template":"","meta":{"spay_email":""},"product_cat":[1588],"product_tag":[],"item":[900],"acf":[],"_links":{"self":[{"href":"https:\/\/mgvpublications.com\/de\/wp-json\/wp\/v2\/product\/21299"}],"collection":[{"href":"https:\/\/mgvpublications.com\/de\/wp-json\/wp\/v2\/product"}],"about":[{"href":"https:\/\/mgvpublications.com\/de\/wp-json\/wp\/v2\/types\/product"}],"wp:featuredmedia":[{"embeddable":true,"href":"https:\/\/mgvpublications.com\/de\/wp-json\/wp\/v2\/media\/21298"}],"wp:attachment":[{"href":"https:\/\/mgvpublications.com\/de\/wp-json\/wp\/v2\/media?parent=21299"}],"wp:term":[{"taxonomy":"product_cat","embeddable":true,"href":"https:\/\/mgvpublications.com\/de\/wp-json\/wp\/v2\/product_cat?post=21299"},{"taxonomy":"product_tag","embeddable":true,"href":"https:\/\/mgvpublications.com\/de\/wp-json\/wp\/v2\/product_tag?post=21299"},{"taxonomy":"item","embeddable":true,"href":"https:\/\/mgvpublications.com\/de\/wp-json\/wp\/v2\/item?post=21299"}],"curies":[{"name":"wp","href":"https:\/\/api.w.org\/{rel}","templated":true}]}}