{"id":21297,"date":"2021-11-26T14:31:21","date_gmt":"2021-11-26T13:31:21","guid":{"rendered":"https:\/\/mgvpublications.com\/produkt\/60-seckin-sahabe-hayati-ciltli-ithal-yeryuzu-yildizlari\/"},"modified":"2022-03-08T22:56:38","modified_gmt":"2022-03-08T21:56:38","slug":"60-seckin-sahabe-hayati-ciltli-ithal-yeryuzu-yildizlari","status":"publish","type":"product","link":"https:\/\/mgvpublications.com\/de\/60-seckin-sahabe-hayati-ciltli-ithal-yeryuzu-yildizlari\/","title":{"rendered":"60 Se\u00e7kin Sahabe Hayat\u0131 (ciltli-ithal) Yery\u00fcz\u00fc Y\u0131ld\u0131zlar\u0131"},"content":{"rendered":"<p>ISBN: 9789757561446<br \/>Dil: T\u00dcRK\u00c7E<br \/>Sayfa Say\u0131s\u0131: 670<br \/>Cilt Tipi: Karton Kapak<br \/>Ka\u011f\u0131t Cinsi: Kitap Ka\u011f\u0131d\u0131<br \/>Boyut: 13 x 21 cm<\/p>","protected":false},"excerpt":{"rendered":"<p>Onlar, tam beklendikleri zamanda ve s\u00f6z verildikleri g\u00fcnde geldiler..Onlar, Peygamberleri s.a.v. ile beraber m\u00fcjdeleyici ve kulluk edici olarak geldiler.. Kitapta anlat\u0131lan \u00f6rnek ve \u00f6nder bu altm\u0131\u015f sahabe, Resulullah s.a.v. ile beraber ya\u015fayan binlercesini anlatmada \u00f6rnek \u015fahsiyetlerdir ve b\u00fct\u00fcn bir ashab\u0131 bunlar\u0131n \u015fahs\u0131nda anlatabiliriz.<\/p>","protected":false},"featured_media":21296,"template":"","meta":{"spay_email":""},"product_cat":[174],"product_tag":[],"item":[496],"acf":[],"_links":{"self":[{"href":"https:\/\/mgvpublications.com\/de\/wp-json\/wp\/v2\/product\/21297"}],"collection":[{"href":"https:\/\/mgvpublications.com\/de\/wp-json\/wp\/v2\/product"}],"about":[{"href":"https:\/\/mgvpublications.com\/de\/wp-json\/wp\/v2\/types\/product"}],"wp:featuredmedia":[{"embeddable":true,"href":"https:\/\/mgvpublications.com\/de\/wp-json\/wp\/v2\/media\/21296"}],"wp:attachment":[{"href":"https:\/\/mgvpublications.com\/de\/wp-json\/wp\/v2\/media?parent=21297"}],"wp:term":[{"taxonomy":"product_cat","embeddable":true,"href":"https:\/\/mgvpublications.com\/de\/wp-json\/wp\/v2\/product_cat?post=21297"},{"taxonomy":"product_tag","embeddable":true,"href":"https:\/\/mgvpublications.com\/de\/wp-json\/wp\/v2\/product_tag?post=21297"},{"taxonomy":"item","embeddable":true,"href":"https:\/\/mgvpublications.com\/de\/wp-json\/wp\/v2\/item?post=21297"}],"curies":[{"name":"wp","href":"https:\/\/api.w.org\/{rel}","templated":true}]}}