{"id":21295,"date":"2021-11-26T14:31:16","date_gmt":"2021-11-26T13:31:16","guid":{"rendered":"https:\/\/mgvpublications.com\/produkt\/okuma-zekasi-riq\/"},"modified":"2022-03-08T22:56:38","modified_gmt":"2022-03-08T21:56:38","slug":"okuma-zekasi-riq","status":"publish","type":"product","link":"https:\/\/mgvpublications.com\/de\/okuma-zekasi-riq\/","title":{"rendered":"Okuma Zekas\u0131 (RIQ)"},"content":{"rendered":"<p>Yay\u0131n Tarihi: 23.11.2017<br \/>ISBN: 9786055365202<br \/>Dil: T\u00dcRK\u00c7E<br \/>Sayfa Say\u0131s\u0131: 208<br \/>Cilt Tipi: Karton Kapak<br \/>Ka\u011f\u0131t Cinsi: Kitap Ka\u011f\u0131d\u0131<br \/>Boyut: 13.5 x 21 cm<\/p>","protected":false},"excerpt":{"rendered":"<p>\u2022 Okuma ve e\u011fitim kavramlar\u0131 \u00f6ylesine i\u00e7 i\u00e7e ele al\u0131nm\u0131\u015f ve somutla\u015ft\u0131r\u0131lm\u0131\u015f ki, derinlemesine \u00f6\u011freniyorsunuz. Bu kitapla e\u011fitimin ve okuman\u0131n ne demek oldu\u011funu \u00e7ok ileri boyutta \u00f6\u011frendim. Bu kitab\u0131 y\u0131llar \u00f6nce okumu\u015f olsayd\u0131m; muhtemelen t\u0131p de\u011fil de e\u011fitim profes\u00f6r\u00fc olmak isteyecektim. Prof. Dr. Ender SER\u0130N Ba\u015fkent \u00dcniversitesi \u2022 Okuma becerilerini geli\u015ftirme, al\u0131\u015fkanl\u0131klar\u0131n\u0131 kazand\u0131rma y\u00f6n\u00fcnde \u00f6nce bireyi, sonra aileyi bi\u00aclin\u00e7lendirmeyi ama\u00e7layan bu kayna\u011f\u0131n herkese yol g\u00f6sterece\u011fi, yararl\u0131 olaca\u011f\u0131, e\u011fitimcilerin, ana babalar\u0131n ufkunu a\u00e7aca\u011f\u0131 ke\u00acsindir. Prof. Dr. Mukim SA\u011eIR Atat\u00fcrk \u00dcniversitesi \u2022 Kitab\u0131n\u0131z\u0131 iki solukta, yani iki k\u0131sa otob\u00fcs yolculu\u011funda okudum. Ger\u00e7ekten muhte\u015fem. Te\u015fekk\u00fcrler Selahattin Hocam\u2026 Prof. Dr. Halis O\u011eUZ Sel\u00e7uk \u00dcniversitesi \u2022 \u00c7ok \u00e7ok yararland\u0131\u011f\u0131m bir kitap oldu. Ad\u0131ndan da anla\u015f\u0131laca\u011f\u0131 \u00fczere akademik ve pratik bir kitap. Yazar, ezber bozmu\u015f. Akademik anlamda yepyeni terminolojilerle kar\u015f\u0131la\u015facak ve \u015fa\u015f\u0131racaks\u0131n\u0131z. Bu kitab\u0131n okundu\u011fu evde hayat bir c\u00fcmb\u00fc\u015fe d\u00f6n\u00fc\u015f\u00fcyor, \u00e7oluk \u00e7ocuk herkes keyifle kitap okuyor, ya\u015fam\u0131n keyif ve huzuru her yan\u0131 ku\u015fat\u0131yor. Okuma Zek\u00e2s\u0131, enteresan, inan\u0131lmaz, \u015fa\u015f\u0131rt\u0131c\u0131, ikna edici, doyurucu ve keyifli bir kitap. Engin Karaman \/ \u00d6\u011fretmen \u2022 Bug\u00fcn \u201cOkuma Zek\u00e2s\u0131\u201d kitab\u0131n\u0131z\u0131 okudum ve ciddi bir ayd\u0131nlanma ya\u015fad\u0131m. Son zamanlarda ruhumu saran puslu havan\u0131n nedeni de \u00e7\u00f6z\u00fcm\u00fc de k\u00fct\u00fcphanemdeymi\u015f me\u011fer. Gereklilik olarak okumay\u0131 \u00f6ncelik s\u0131ralamamda \u00e7ok daha \u00f6nlere \u00e7ekip, ayl\u0131k hedef belirleyip, daha disipline edilmi\u015f bir okuma program\u0131na ba\u015fl\u0131yorum sayenizde. Selahattin Bey, geli\u015fim ser\u00fcvenime yapm\u0131\u015f oldu\u011funuz bu g\u00fczel katk\u0131n\u0131za sonsuz te\u015fekk\u00fcrler. Bir g\u00fcn bir \u015fekilde sizinle yollar\u0131m\u0131z\u0131n kesi\u015fmesi dile\u011fiyle. G\u00fcnd\u00fcz Yaz\u0131c\u0131 \/ \u0130ktisat\u00e7\u0131<\/p>","protected":false},"featured_media":21294,"template":"","meta":{"spay_email":""},"product_cat":[171],"product_tag":[],"item":[443],"acf":[],"_links":{"self":[{"href":"https:\/\/mgvpublications.com\/de\/wp-json\/wp\/v2\/product\/21295"}],"collection":[{"href":"https:\/\/mgvpublications.com\/de\/wp-json\/wp\/v2\/product"}],"about":[{"href":"https:\/\/mgvpublications.com\/de\/wp-json\/wp\/v2\/types\/product"}],"wp:featuredmedia":[{"embeddable":true,"href":"https:\/\/mgvpublications.com\/de\/wp-json\/wp\/v2\/media\/21294"}],"wp:attachment":[{"href":"https:\/\/mgvpublications.com\/de\/wp-json\/wp\/v2\/media?parent=21295"}],"wp:term":[{"taxonomy":"product_cat","embeddable":true,"href":"https:\/\/mgvpublications.com\/de\/wp-json\/wp\/v2\/product_cat?post=21295"},{"taxonomy":"product_tag","embeddable":true,"href":"https:\/\/mgvpublications.com\/de\/wp-json\/wp\/v2\/product_tag?post=21295"},{"taxonomy":"item","embeddable":true,"href":"https:\/\/mgvpublications.com\/de\/wp-json\/wp\/v2\/item?post=21295"}],"curies":[{"name":"wp","href":"https:\/\/api.w.org\/{rel}","templated":true}]}}