{"id":21289,"date":"2021-11-26T14:31:10","date_gmt":"2021-11-26T13:31:10","guid":{"rendered":"https:\/\/mgvpublications.com\/produkt\/kerbela-hz-huseyin\/"},"modified":"2022-03-08T22:56:36","modified_gmt":"2022-03-08T21:56:36","slug":"kerbela-hz-huseyin","status":"publish","type":"product","link":"https:\/\/mgvpublications.com\/de\/kerbela-hz-huseyin\/","title":{"rendered":"Kerbela Hz. H\u00fcseyin"},"content":{"rendered":"<p>Yay\u0131n Tarihi: 26.04.2021<br \/>ISBN: 9789752448421<br \/>Dil: T\u00dcRK\u00c7E<br \/>Sayfa Say\u0131s\u0131: 215<br \/>Cilt Tipi: Karton Kapak<br \/>Ka\u011f\u0131t Cinsi: Kitap Ka\u011f\u0131d\u0131<br \/>Boyut: 13.5 x 19.5 cm<\/p>","protected":false},"excerpt":{"rendered":"<p>Zul\u00fcm g\u00fcc\u00fc elinde bulunduran\u0131n yarat\u0131lanlara haks\u0131zl\u0131k etme hakk\u0131n\u0131 kendinde g\u00f6rmesidir. Aln\u0131 secdeye de\u011fip de y\u00fcre\u011fi adalete de\u011fmeyenlere inat, dilinden zikir d\u00fc\u015fmeyip de eliyle saltanat kuranlara ra\u011fmen Muhammed\u00ee duru\u015f g\u00f6sterip mazlumlar\u0131n sesi, g\u00fcvenci olman\u0131n yi\u011fitlik meydan\u0131d\u0131r Kerbela. Bug\u00fcn Kerbela\u2019y\u0131 do\u011fru okuyamad\u0131\u011f\u0131m\u0131z meseleyi bir halifelik \u0131srar\u0131 diye anlad\u0131\u011f\u0131m\u0131z i\u00e7in iman\u0131m\u0131z k\u0131s\u0131r kalm\u0131\u015ft\u0131r. Hz. Muhammed\u2019i (sav), Ali\u2019nin (kv) yolunu ve H\u00fcseyin\u2019in (ra) direni\u015fini derinden anlayamad\u0131\u011f\u0131m\u0131zdand\u0131r ki\u2026 Allah\u2019a kullukta \u201csloganca bir a\u015fk\u0131m\u0131z\u201d var ama \u201c\u015fuurumuz\u201d yok. T\u00fcm yarat\u0131lanlara muhabbetimiz var ama samimiyetimiz kalmam\u0131\u015ft\u0131r. \u0130ki t\u00fcrl\u00fc k\u0131yam vard\u0131r: \u0130badetin ve iman\u0131n k\u0131yam\u0131. Namazda Allah\u2019a a\u015fk\u0131m\u0131zdan k\u0131yam ederiz, imanda k\u0131yam ise Allah d\u00fc\u015fmanlar\u0131na, Allah\u2019\u0131n emaneti kullar\u0131na zul\u00fcm g\u00f6sterenlere kar\u015f\u0131 \u00f6l\u00fcm\u00fcne kar\u015f\u0131 durmakt\u0131r. Velev ki haks\u0131zl\u0131\u011f\u0131 yapan kendisini \u201cBen M\u00fcsl\u00fcman\u0131m\u201d diye tan\u0131tsa dahi.<\/p>","protected":false},"featured_media":21288,"template":"","meta":{"spay_email":""},"product_cat":[168],"product_tag":[],"item":[384],"acf":[],"_links":{"self":[{"href":"https:\/\/mgvpublications.com\/de\/wp-json\/wp\/v2\/product\/21289"}],"collection":[{"href":"https:\/\/mgvpublications.com\/de\/wp-json\/wp\/v2\/product"}],"about":[{"href":"https:\/\/mgvpublications.com\/de\/wp-json\/wp\/v2\/types\/product"}],"wp:featuredmedia":[{"embeddable":true,"href":"https:\/\/mgvpublications.com\/de\/wp-json\/wp\/v2\/media\/21288"}],"wp:attachment":[{"href":"https:\/\/mgvpublications.com\/de\/wp-json\/wp\/v2\/media?parent=21289"}],"wp:term":[{"taxonomy":"product_cat","embeddable":true,"href":"https:\/\/mgvpublications.com\/de\/wp-json\/wp\/v2\/product_cat?post=21289"},{"taxonomy":"product_tag","embeddable":true,"href":"https:\/\/mgvpublications.com\/de\/wp-json\/wp\/v2\/product_tag?post=21289"},{"taxonomy":"item","embeddable":true,"href":"https:\/\/mgvpublications.com\/de\/wp-json\/wp\/v2\/item?post=21289"}],"curies":[{"name":"wp","href":"https:\/\/api.w.org\/{rel}","templated":true}]}}