{"id":21287,"date":"2021-11-26T14:31:05","date_gmt":"2021-11-26T13:31:05","guid":{"rendered":"https:\/\/mgvpublications.com\/produkt\/askin-meali-3-hz-ali-ve-fatma\/"},"modified":"2022-03-08T22:56:36","modified_gmt":"2022-03-08T21:56:36","slug":"askin-meali-3-hz-ali-ve-fatma","status":"publish","type":"product","link":"https:\/\/mgvpublications.com\/de\/askin-meali-3-hz-ali-ve-fatma\/","title":{"rendered":"A\u015fk\u0131n Meali 3 \/ Hz. Ali ve Fatma"},"content":{"rendered":"<p>Yay\u0131n Tarihi: 25.10.2019<br \/>ISBN: 9786055147686<br \/>Dil: T\u00dcRK\u00c7E<br \/>Sayfa Say\u0131s\u0131: 392<br \/>Cilt Tipi: Karton Kapak<br \/>Ka\u011f\u0131t Cinsi: Kitap Ka\u011f\u0131d\u0131<br \/>Boyut: 13.5 x 19.5 cm<\/p>","protected":false},"excerpt":{"rendered":"<p>\u201c\u0130nsan ancak ihlasl\u0131 bir a\u015fk ile fark\u0131na var\u0131r kendisinin. Ve o a\u015fk\u0131n duasal kelimeleri ile y\u00fcr\u00fcr sevdi\u011finin ruhunda. A\u015fk\u0131n kelimeleri ile huzura eri\u015fir. \u0130nsan hep \u2018bir\u2019 a\u015fk arar ya sevdi\u011finde. Bu a\u015fk\u0131 buldu\u011fu an ona \u00e2\u015f\u0131k olur. Asl\u0131nda \u00e2\u015f\u0131k oldu\u011fu o insan de\u011fildir. O hep tek \u2018bir\u2019 a\u015fka aittir. Ey en sevdi\u011fim Fatma! Bu d\u00fcnyada birbirimizi ne kadar sevdiysek hep o \u2018bir\u2019 a\u015fk i\u00e7indir.\u201d Ali hep sevdi. Co\u015fkuyla sevdi. A\u015fk ile sevdi Fatma Zehra\u2019s\u0131n\u0131. Kalan \u00f6mr\u00fc eninde sonunda bir \u201cveda\u201dya s\u0131\u011fd\u0131r\u0131lm\u0131\u015f bir kad\u0131n\u0131n g\u00f6zlerinden y\u00fckselen duman\u0131n dilini hi\u00e7bir s\u00f6z \u00e7\u00f6zemez. \u201cYaln\u0131zl\u0131k, benim ebedi istirahatg\u00e2h\u0131m. Suskun g\u00f6zlerimi da\u011flar\u0131n mor dudaklar\u0131na dikmi\u015fim. Ve sen, benim yaral\u0131 g\u00fcvercinim! Ay y\u00e2rim! G\u00f6zlerini bana dikme ah Ali\u2019m, kapat!\u201d \u201cAh can\u0131m! Can\u0131m\u0131 ne de g\u00fczel ac\u0131t\u0131yorsun!\u201d \u201cEy Ali, ey a\u015fk\u0131m! En sevdiklerinden ayr\u0131lmay\u0131 g\u00f6ze alamay\u0131nca \u2018En Sevgili\u2019ye ula\u015famazs\u0131n.\u201d Ah kalbim! \u0130nlemenin, a\u011flaman\u0131n insan\u0131 nas\u0131l ku\u015f gibi hafifletti\u011fini bilemezsin. Yaln\u0131zl\u0131k ya\u015far! \u00c7\u0131\u011fl\u0131k y\u00fckselir! G\u00f6zya\u015f\u0131 insan\u0131n a\u015fk\u0131n\u0131, ac\u0131s\u0131n\u0131, yaln\u0131zl\u0131\u011f\u0131n\u0131 g\u00f6steren en sad\u0131k s\u00f6zd\u00fcr.<\/p>","protected":false},"featured_media":21286,"template":"","meta":{"spay_email":""},"product_cat":[168],"product_tag":[],"item":[384],"acf":[],"_links":{"self":[{"href":"https:\/\/mgvpublications.com\/de\/wp-json\/wp\/v2\/product\/21287"}],"collection":[{"href":"https:\/\/mgvpublications.com\/de\/wp-json\/wp\/v2\/product"}],"about":[{"href":"https:\/\/mgvpublications.com\/de\/wp-json\/wp\/v2\/types\/product"}],"wp:featuredmedia":[{"embeddable":true,"href":"https:\/\/mgvpublications.com\/de\/wp-json\/wp\/v2\/media\/21286"}],"wp:attachment":[{"href":"https:\/\/mgvpublications.com\/de\/wp-json\/wp\/v2\/media?parent=21287"}],"wp:term":[{"taxonomy":"product_cat","embeddable":true,"href":"https:\/\/mgvpublications.com\/de\/wp-json\/wp\/v2\/product_cat?post=21287"},{"taxonomy":"product_tag","embeddable":true,"href":"https:\/\/mgvpublications.com\/de\/wp-json\/wp\/v2\/product_tag?post=21287"},{"taxonomy":"item","embeddable":true,"href":"https:\/\/mgvpublications.com\/de\/wp-json\/wp\/v2\/item?post=21287"}],"curies":[{"name":"wp","href":"https:\/\/api.w.org\/{rel}","templated":true}]}}