{"id":21279,"date":"2021-11-26T14:30:54","date_gmt":"2021-11-26T13:30:54","guid":{"rendered":"https:\/\/mgvpublications.com\/produkt\/hayat-teselli-bulmaktir\/"},"modified":"2022-03-08T22:56:36","modified_gmt":"2022-03-08T21:56:36","slug":"hayat-teselli-bulmaktir","status":"publish","type":"product","link":"https:\/\/mgvpublications.com\/de\/hayat-teselli-bulmaktir\/","title":{"rendered":"Hayat Teselli Bulmakt\u0131r"},"content":{"rendered":"<p>Kapak: Ravza K\u0131z\u0131ltu\u011f<br \/>Yay\u0131n Tarihi: 23.07.2020<br \/>ISBN: 9786050810882<br \/>Dil: T\u00dcRK\u00c7E<br \/>Sayfa Say\u0131s\u0131: 144<br \/>Cilt Tipi: Karton Kapak<br \/>Ka\u011f\u0131t Cinsi: Kitap Ka\u011f\u0131d\u0131<br \/>Boyut: 13.5 x 21 cm<\/p>","protected":false},"excerpt":{"rendered":"<p>Kemal Sayar bug\u00fcne kadar pek \u00e7ok kitapla bulu\u015ftu okurlar\u0131yla, yazd\u0131\u011f\u0131 kitaplar arac\u0131l\u0131\u011f\u0131yla bizlerle s\u00f6yle\u015fti. \u015eimdi s\u0131ra Hayat Teselli Bulmakt\u0131r\u2019da. Bug\u00fcne kadar yay\u0131mlanan yaz\u0131lar\u0131n\u0131n en sevilenleri, en \u00e7ok payla\u015f\u0131lanlar\u0131 bir araya getirilerek olu\u015fturulan Hayat Teselli Bulmakt\u0131r birbirimize ho\u015f\u00e7a bakabilece\u011fimiz bir d\u00fcnyan\u0131n, insan\u0131n insanda dirilece\u011fi bir hayat anlay\u0131\u015f\u0131n\u0131n m\u00fcmk\u00fcn oldu\u011funu f\u0131s\u0131ld\u0131yor kula\u011f\u0131m\u0131za. \u00dcstelik bir \u015fairin ince dokunu\u015flar\u0131yla\u2026<\/p>","protected":false},"featured_media":21278,"template":"","meta":{"spay_email":""},"product_cat":[175],"product_tag":[],"item":[360],"acf":[],"_links":{"self":[{"href":"https:\/\/mgvpublications.com\/de\/wp-json\/wp\/v2\/product\/21279"}],"collection":[{"href":"https:\/\/mgvpublications.com\/de\/wp-json\/wp\/v2\/product"}],"about":[{"href":"https:\/\/mgvpublications.com\/de\/wp-json\/wp\/v2\/types\/product"}],"wp:featuredmedia":[{"embeddable":true,"href":"https:\/\/mgvpublications.com\/de\/wp-json\/wp\/v2\/media\/21278"}],"wp:attachment":[{"href":"https:\/\/mgvpublications.com\/de\/wp-json\/wp\/v2\/media?parent=21279"}],"wp:term":[{"taxonomy":"product_cat","embeddable":true,"href":"https:\/\/mgvpublications.com\/de\/wp-json\/wp\/v2\/product_cat?post=21279"},{"taxonomy":"product_tag","embeddable":true,"href":"https:\/\/mgvpublications.com\/de\/wp-json\/wp\/v2\/product_tag?post=21279"},{"taxonomy":"item","embeddable":true,"href":"https:\/\/mgvpublications.com\/de\/wp-json\/wp\/v2\/item?post=21279"}],"curies":[{"name":"wp","href":"https:\/\/api.w.org\/{rel}","templated":true}]}}