{"id":21275,"date":"2021-11-26T14:30:49","date_gmt":"2021-11-26T13:30:49","guid":{"rendered":"https:\/\/mgvpublications.com\/produkt\/yakinlik\/"},"modified":"2022-03-08T22:56:35","modified_gmt":"2022-03-08T21:56:35","slug":"yakinlik","status":"publish","type":"product","link":"https:\/\/mgvpublications.com\/de\/yakinlik\/","title":{"rendered":"Yak\u0131nl\u0131k"},"content":{"rendered":"<p>Yay\u0131n Tarihi: 27.01.2017<br \/>ISBN: 9786055107154<br \/>Dil: T\u00dcRK\u00c7E<br \/>Sayfa Say\u0131s\u0131: 235<br \/>Cilt Tipi: Karton Kapak<br \/>Ka\u011f\u0131t Cinsi: Kitap Ka\u011f\u0131d\u0131<br \/>Boyut: 13.5 x 19.5 cm<\/p>","protected":false},"excerpt":{"rendered":"<p>Hayat dedi\u011fimiz heng\u00e2me, iki insan aras\u0131ndaki mesafeden ibaret. Birbirimizin ruhuna de\u011febilmek i\u00e7in \u00e7\u0131rp\u0131nd\u0131k\u00e7a \u00e7\u0131rp\u0131n\u0131yor, bitap d\u00fc\u015f\u00fcyoruz sonunda. O mesafe bir t\u00fcrl\u00fc kapanm\u0131yor, kapanam\u0131yor. K\u00e2h, i\u00e7ine kapanarak yak\u0131nl\u0131\u011f\u0131 ar\u0131yor insan. K\u00e2h, i\u00e7ini d\u00f6kerek. K\u00e2h al\u0131p ba\u015f\u0131n\u0131 giderek. Ne i\u00e7ine d\u00f6nmek sorunlar\u0131 \u00e7\u00f6z\u00fcyor hayatta. Ne de gitmek. \u00c7\u00fcnk\u00fc insan gitti\u011fi yere kalbini de g\u00f6t\u00fcr\u00fcyor. Her ad\u0131m \u00f6m\u00fcrden d\u00fc\u015fen bir g\u00fcn \u00e7\u00fcnk\u00fc. Her ad\u0131m bir ayr\u0131l\u0131k. Kalbin istedi\u011fi bir damla yak\u0131nl\u0131kken, her ayr\u0131l\u0131k biraz daha mesafe. Mustafa Ulusoy, di\u011fer kitaplar\u0131nda oldu\u011fu gibi, insan\u0131n i\u00e7 d\u00fcnyas\u0131nda olup bitenleri bilgelikle irdeliyor. Narsistik arzu \u00e7a\u011f\u0131na, varl\u0131\u011f\u0131n dilini okuyup dilsizlikten kurtulmaya, insanla k\u00e2inat aras\u0131ndaki ba\u011fl\u0131l\u0131\u011fa, kad\u0131n erkek ili\u015fkilerine dair \u00e7\u00f6z\u00fcmler \u00fcretiyor. Bunlarla da kalm\u0131yor Yak\u0131nl\u0131k. &#8220;Deneme yaz\u0131lar\u0131n\u0131n hi\u00e7 bu kadar g\u00fczel olaca\u011f\u0131n\u0131 zannetmezdim.&#8221; dedirtiyor her sat\u0131r\u0131yla okura.<\/p>","protected":false},"featured_media":21274,"template":"","meta":{"spay_email":""},"product_cat":[168],"product_tag":[],"item":[384],"acf":[],"_links":{"self":[{"href":"https:\/\/mgvpublications.com\/de\/wp-json\/wp\/v2\/product\/21275"}],"collection":[{"href":"https:\/\/mgvpublications.com\/de\/wp-json\/wp\/v2\/product"}],"about":[{"href":"https:\/\/mgvpublications.com\/de\/wp-json\/wp\/v2\/types\/product"}],"wp:featuredmedia":[{"embeddable":true,"href":"https:\/\/mgvpublications.com\/de\/wp-json\/wp\/v2\/media\/21274"}],"wp:attachment":[{"href":"https:\/\/mgvpublications.com\/de\/wp-json\/wp\/v2\/media?parent=21275"}],"wp:term":[{"taxonomy":"product_cat","embeddable":true,"href":"https:\/\/mgvpublications.com\/de\/wp-json\/wp\/v2\/product_cat?post=21275"},{"taxonomy":"product_tag","embeddable":true,"href":"https:\/\/mgvpublications.com\/de\/wp-json\/wp\/v2\/product_tag?post=21275"},{"taxonomy":"item","embeddable":true,"href":"https:\/\/mgvpublications.com\/de\/wp-json\/wp\/v2\/item?post=21275"}],"curies":[{"name":"wp","href":"https:\/\/api.w.org\/{rel}","templated":true}]}}