{"id":21273,"date":"2021-11-26T14:30:48","date_gmt":"2021-11-26T13:30:48","guid":{"rendered":"https:\/\/mgvpublications.com\/produkt\/ay-terapisi\/"},"modified":"2022-03-08T22:56:35","modified_gmt":"2022-03-08T21:56:35","slug":"ay-terapisi","status":"publish","type":"product","link":"https:\/\/mgvpublications.com\/de\/ay-terapisi\/","title":{"rendered":"Ay Terapisi"},"content":{"rendered":"<p>Yay\u0131n Tarihi: 13.06.2020<br \/>ISBN: 9786055107093<br \/>Dil: T\u00dcRK\u00c7E<br \/>Sayfa Say\u0131s\u0131: 130<br \/>Cilt Tipi: Karton Kapak<br \/>Ka\u011f\u0131t Cinsi: Kitap Ka\u011f\u0131d\u0131<br \/>Boyut: 13.5 x 19.5 cm<\/p>","protected":false},"excerpt":{"rendered":"<p>&#8220;\u0130\u00e7indeki yaln\u0131zl\u0131k bir t\u00fcrl\u00fc yat\u0131\u015fm\u0131yordu. Hayat ba\u015fkalar\u0131yla ne kadar ya\u015fan\u0131rsa ya\u015fans\u0131n, insan yaln\u0131zl\u0131\u011f\u0131n\u0131 a\u015fam\u0131yordu. O da en sonunda bunu a\u015fmaya \u00e7al\u0131\u015fmay\u0131 b\u0131rakm\u0131\u015f, yaln\u0131zl\u0131\u011f\u0131nda dinlenmeye karar vermi\u015fti. Bu ifadeye bay\u0131l\u0131yordu: Yaln\u0131zl\u0131kta dinlenmek&#8221; Mustafa Ulusoy, Ay Terapisi&#8217;ndeki \u00f6yk\u00fcleriyle, okurlar\u0131n\u0131 &#8220;yaln\u0131zl\u0131kta dinlenmeye&#8221; davet ediyor. Bu \u00f6yle bir davet ki, bizi psikiyatrinin s\u0131n\u0131rlar\u0131na \u00e7ekip kendimiz \u00fczerine d\u00fc\u015f\u00fcnd\u00fcr\u00fcyor. Dr. Mavi&#8217;nin terapi y\u00f6ntemlerine tan\u0131k olurken, &#8220;ay&#8217;la tan\u0131\u015f\u0131yor, tan\u0131\u015ft\u0131k\u00e7a da kendi derinli\u011fimize var\u0131yoruz. &#8220;Ay, insanla hi\u00e7 s\u00fcrt\u00fc\u015fm\u00fcyordu ama neden, neden?Neden hep yukar\u0131da, semada intizam vard\u0131 da yery\u00fcz\u00fcn\u00fcn k\u0131smetine \u00e7at\u0131\u015fma d\u00fc\u015fm\u00fc\u015ft\u00fc? Dr. Mavi &#8216;Hadi bunu anlayal\u0131m!&#8217;dedi. Masan\u0131n \u00fczerine bo\u015f bir dosya k\u00e2\u011f\u0131d\u0131 koydu, &#8216;insan ile ay aras\u0131nda bir kar\u015f\u0131la\u015ft\u0131rma yapal\u0131m?&#8221; D\u00fcnya seni bu kadar yormu\u015fken, bak, ay \u0131\u015f\u0131\u011f\u0131 tam \u00f6n\u00fcne d\u00fc\u015f\u00fcyor. Onu takip et&#8230;<\/p>","protected":false},"featured_media":21272,"template":"","meta":{"spay_email":""},"product_cat":[168],"product_tag":[],"item":[384],"acf":[],"_links":{"self":[{"href":"https:\/\/mgvpublications.com\/de\/wp-json\/wp\/v2\/product\/21273"}],"collection":[{"href":"https:\/\/mgvpublications.com\/de\/wp-json\/wp\/v2\/product"}],"about":[{"href":"https:\/\/mgvpublications.com\/de\/wp-json\/wp\/v2\/types\/product"}],"wp:featuredmedia":[{"embeddable":true,"href":"https:\/\/mgvpublications.com\/de\/wp-json\/wp\/v2\/media\/21272"}],"wp:attachment":[{"href":"https:\/\/mgvpublications.com\/de\/wp-json\/wp\/v2\/media?parent=21273"}],"wp:term":[{"taxonomy":"product_cat","embeddable":true,"href":"https:\/\/mgvpublications.com\/de\/wp-json\/wp\/v2\/product_cat?post=21273"},{"taxonomy":"product_tag","embeddable":true,"href":"https:\/\/mgvpublications.com\/de\/wp-json\/wp\/v2\/product_tag?post=21273"},{"taxonomy":"item","embeddable":true,"href":"https:\/\/mgvpublications.com\/de\/wp-json\/wp\/v2\/item?post=21273"}],"curies":[{"name":"wp","href":"https:\/\/api.w.org\/{rel}","templated":true}]}}