{"id":21263,"date":"2021-11-26T14:30:33","date_gmt":"2021-11-26T13:30:33","guid":{"rendered":"https:\/\/mgvpublications.com\/produkt\/peygamberin-kardesleri\/"},"modified":"2022-03-08T22:56:33","modified_gmt":"2022-03-08T21:56:33","slug":"peygamberin-kardesleri","status":"publish","type":"product","link":"https:\/\/mgvpublications.com\/de\/peygamberin-kardesleri\/","title":{"rendered":"Peygamberin Karde\u015fleri"},"content":{"rendered":"<p>Yay\u0131n Tarihi: 18.04.2017<br \/>ISBN: 9786053261568<br \/>Dil: T\u00dcRK\u00c7E<br \/>Sayfa Say\u0131s\u0131: 200<br \/>Cilt Tipi: Karton Kapak<br \/>Ka\u011f\u0131t Cinsi: Kitap Ka\u011f\u0131d\u0131<br \/>Boyut: 13.5 x 21 cm<\/p>","protected":false},"excerpt":{"rendered":"<p>Peygamberin Karde\u015fleri bir a\u00e7\u0131dan Camide Dans Var isimli kitab\u0131n devam\u0131&#8230; Yazar bu kitab\u0131nda da hayat\u0131n i\u00e7inden yaz\u0131lar\u0131n\u0131 merkeze al\u0131yor, \u00e2hir zaman\u0131n \u015fartlar\u0131 i\u00e7inde ya\u015fayan bizlerin, bu zor \u015fartlar\u0131n ortas\u0131nda Hz. Peygamberin \u201ckarde\u015flerimi \u00f6zledim&#8230;\u201d s\u00f6z\u00fcne liy\u00e2kat imk\u00e2n\u0131na dikkatleri \u00e7ekiyor. Bunu yaparken, kitaba sunu\u015f yazan Mustafa Ulusoy\u2019un ifadesiyle, zor zamanlar\u0131n insanlar\u0131 olan bizlere, zorluklar\u0131n i\u00e7indeki kolayl\u0131klar\u0131 da sunuyor&#8230;<\/p>","protected":false},"featured_media":21262,"template":"","meta":{"spay_email":""},"product_cat":[174],"product_tag":[],"item":[689],"acf":[],"_links":{"self":[{"href":"https:\/\/mgvpublications.com\/de\/wp-json\/wp\/v2\/product\/21263"}],"collection":[{"href":"https:\/\/mgvpublications.com\/de\/wp-json\/wp\/v2\/product"}],"about":[{"href":"https:\/\/mgvpublications.com\/de\/wp-json\/wp\/v2\/types\/product"}],"wp:featuredmedia":[{"embeddable":true,"href":"https:\/\/mgvpublications.com\/de\/wp-json\/wp\/v2\/media\/21262"}],"wp:attachment":[{"href":"https:\/\/mgvpublications.com\/de\/wp-json\/wp\/v2\/media?parent=21263"}],"wp:term":[{"taxonomy":"product_cat","embeddable":true,"href":"https:\/\/mgvpublications.com\/de\/wp-json\/wp\/v2\/product_cat?post=21263"},{"taxonomy":"product_tag","embeddable":true,"href":"https:\/\/mgvpublications.com\/de\/wp-json\/wp\/v2\/product_tag?post=21263"},{"taxonomy":"item","embeddable":true,"href":"https:\/\/mgvpublications.com\/de\/wp-json\/wp\/v2\/item?post=21263"}],"curies":[{"name":"wp","href":"https:\/\/api.w.org\/{rel}","templated":true}]}}