{"id":21261,"date":"2021-11-26T14:30:32","date_gmt":"2021-11-26T13:30:32","guid":{"rendered":"https:\/\/mgvpublications.com\/produkt\/firavuna-gideceksin-kuran-okumalari-3\/"},"modified":"2022-03-08T22:56:33","modified_gmt":"2022-03-08T21:56:33","slug":"firavuna-gideceksin-kuran-okumalari-3","status":"publish","type":"product","link":"https:\/\/mgvpublications.com\/de\/firavuna-gideceksin-kuran-okumalari-3\/","title":{"rendered":"Firavun&#8217;a Gideceksin \/ Kur&#8217;an Okumalar\u0131 3"},"content":{"rendered":"<p>Yay\u0131n Tarihi: 02.07.2021<br \/>ISBN: 9786053260134<br \/>Dil: T\u00dcRK\u00c7E<br \/>Sayfa Say\u0131s\u0131: 208<br \/>Cilt Tipi: Karton Kapak<br \/>Ka\u011f\u0131t Cinsi: Kitap Ka\u011f\u0131d\u0131<br \/>Boyut: 13.5 x 21 cm<\/p>","protected":false},"excerpt":{"rendered":"<p>Kur\u2019\u00e2n-\u0131 Hak\u00eem\u2019de en geni\u015f s\u00fbrette anlat\u0131lan k\u0131ssad\u0131r Musa aleyhisselam\u0131n k\u0131ssas\u0131. Onun Firavun, aveneleri ve Ben\u00ee \u0130srail ile ya\u015fad\u0131\u011f\u0131 imtihan, her \u00e7a\u011f\u0131n m\u00fc\u2019minleri i\u00e7in bir \u2018istikamet dersi\u2019 niteli\u011findedir. Hz. Musa\u2019n\u0131n Rabbinin emriyle Firavun\u2019a gidi\u015fi ise, dikey ve yatay, iki d\u00fczlemde beraberce s\u00fcr\u00fcp giden ortak zulme kar\u015f\u0131, her iki d\u00fczlemde adalet \u00e7a\u011fr\u0131s\u0131n\u0131n nas\u0131l yap\u0131laca\u011f\u0131n\u0131 bize g\u00f6sterir. Merkezinde Firavun\u2019un yer ald\u0131\u011f\u0131 \u2018zul\u00fcm konsorsiyumu\u2019nun bir ferdi olmamak; bilakis, merkezinde Hz. Musa\u2019n\u0131n yer ald\u0131\u011f\u0131 \u2018adalet\u2019 \u00e7izgisini hem \u00e2lemler Rabbi hem de kullar\u0131 kar\u015f\u0131s\u0131nda hassasiyetle takip edebilmek i\u00e7in, Musa aleyhisselam k\u0131ssas\u0131ndan al\u0131nacak ne de \u00e7ok ders var&#8230;<\/p>","protected":false},"featured_media":21260,"template":"","meta":{"spay_email":""},"product_cat":[174],"product_tag":[],"item":[689],"acf":[],"_links":{"self":[{"href":"https:\/\/mgvpublications.com\/de\/wp-json\/wp\/v2\/product\/21261"}],"collection":[{"href":"https:\/\/mgvpublications.com\/de\/wp-json\/wp\/v2\/product"}],"about":[{"href":"https:\/\/mgvpublications.com\/de\/wp-json\/wp\/v2\/types\/product"}],"wp:featuredmedia":[{"embeddable":true,"href":"https:\/\/mgvpublications.com\/de\/wp-json\/wp\/v2\/media\/21260"}],"wp:attachment":[{"href":"https:\/\/mgvpublications.com\/de\/wp-json\/wp\/v2\/media?parent=21261"}],"wp:term":[{"taxonomy":"product_cat","embeddable":true,"href":"https:\/\/mgvpublications.com\/de\/wp-json\/wp\/v2\/product_cat?post=21261"},{"taxonomy":"product_tag","embeddable":true,"href":"https:\/\/mgvpublications.com\/de\/wp-json\/wp\/v2\/product_tag?post=21261"},{"taxonomy":"item","embeddable":true,"href":"https:\/\/mgvpublications.com\/de\/wp-json\/wp\/v2\/item?post=21261"}],"curies":[{"name":"wp","href":"https:\/\/api.w.org\/{rel}","templated":true}]}}