{"id":21255,"date":"2021-11-26T14:30:22","date_gmt":"2021-11-26T13:30:22","guid":{"rendered":"https:\/\/mgvpublications.com\/produkt\/ruhun-dirilisi\/"},"modified":"2022-03-08T22:56:32","modified_gmt":"2022-03-08T21:56:32","slug":"ruhun-dirilisi","status":"publish","type":"product","link":"https:\/\/mgvpublications.com\/de\/ruhun-dirilisi\/","title":{"rendered":"Ruhun Dirili\u015fi"},"content":{"rendered":"<p>Yay\u0131n Tarihi: 01.05.2007<br \/>ISBN: 9789123504886<br \/>Dil: T\u00dcRK\u00c7E<br \/>Sayfa Say\u0131s\u0131: 173<br \/>Cilt Tipi: Karton Kapak<br \/>Ka\u011f\u0131t Cinsi: Kitap Ka\u011f\u0131d\u0131<br \/>Boyut: 13.5 x 19.5 cm<\/p>","protected":false},"excerpt":{"rendered":"<p>Yay\u0131n Tarihi: 01.05.2007ISBN: 9789123504886Dil: T\u00dcRK\u00c7ESayfa Say\u0131s\u0131: 173Cilt Tipi: Karton KapakKa\u011f\u0131t Cinsi: Kitap Ka\u011f\u0131d\u0131Boyut: 13.5 x 19.5 cm<\/p>","protected":false},"featured_media":21254,"template":"","meta":{"spay_email":""},"product_cat":[174],"product_tag":[],"item":[705],"acf":[],"_links":{"self":[{"href":"https:\/\/mgvpublications.com\/de\/wp-json\/wp\/v2\/product\/21255"}],"collection":[{"href":"https:\/\/mgvpublications.com\/de\/wp-json\/wp\/v2\/product"}],"about":[{"href":"https:\/\/mgvpublications.com\/de\/wp-json\/wp\/v2\/types\/product"}],"wp:featuredmedia":[{"embeddable":true,"href":"https:\/\/mgvpublications.com\/de\/wp-json\/wp\/v2\/media\/21254"}],"wp:attachment":[{"href":"https:\/\/mgvpublications.com\/de\/wp-json\/wp\/v2\/media?parent=21255"}],"wp:term":[{"taxonomy":"product_cat","embeddable":true,"href":"https:\/\/mgvpublications.com\/de\/wp-json\/wp\/v2\/product_cat?post=21255"},{"taxonomy":"product_tag","embeddable":true,"href":"https:\/\/mgvpublications.com\/de\/wp-json\/wp\/v2\/product_tag?post=21255"},{"taxonomy":"item","embeddable":true,"href":"https:\/\/mgvpublications.com\/de\/wp-json\/wp\/v2\/item?post=21255"}],"curies":[{"name":"wp","href":"https:\/\/api.w.org\/{rel}","templated":true}]}}