{"id":21249,"date":"2021-11-26T14:30:16","date_gmt":"2021-11-26T13:30:16","guid":{"rendered":"https:\/\/mgvpublications.com\/produkt\/dervisan\/"},"modified":"2022-03-08T22:56:31","modified_gmt":"2022-03-08T21:56:31","slug":"dervisan","status":"publish","type":"product","link":"https:\/\/mgvpublications.com\/de\/dervisan\/","title":{"rendered":"Dervi\u015fan"},"content":{"rendered":"<p>Yay\u0131n Tarihi: 03.02.2020<br \/>ISBN: 9789753559188<br \/>Dil: T\u00dcRK\u00c7E<br \/>Sayfa Say\u0131s\u0131: 127<br \/>Cilt Tipi: Karton Kapak<br \/>Ka\u011f\u0131t Cinsi: Kitap Ka\u011f\u0131d\u0131<br \/>Boyut: 13.5 x 21 cm<\/p>","protected":false},"excerpt":{"rendered":"<p>\u00d6mer Faruk D\u00f6nmez\u2019in son kitab\u0131 DERV\u0130\u015eAN, ba\u011f\u0131ms\u0131z okunabilecek; ama asl\u0131nda birbirine ba\u011fl\u0131, \u00fc\u00e7 uzun hik\u00e2yeden olu\u015fuyor. Yazar\u0131n \u00f6nceki kitaplar\u0131ndan az \u00e7ok tan\u0131d\u0131\u011f\u0131m\u0131z karakterler, farkl\u0131 ve derin sorgulamalarla yine kar\u015f\u0131m\u0131zda; kimi zaman bir ilahiyat\u00e7\u0131, kimi zaman bir yazar, bir imam, bir \u00f6\u011fretmen, bir dervi\u015f olarak\u2026 \u201c\u0130\u00e7inde ya\u015fad\u0131\u011f\u0131m\u0131z sosyok\u00fclt\u00fcrel ortamda, zihnimizin \u00e7al\u0131\u015fma bi\u00e7imi ne kadar \u0130slam\u00eedir? Modernizm batakl\u0131\u011f\u0131na saplanm\u0131\u015f m\u00fcsl\u00fcmanlar olarak, ger\u00e7ekten m\u00fcsl\u00fcmanca bir tasavvura sahip miyiz? Kulland\u0131\u011f\u0131m\u0131z ak\u0131l, m\u00fcsl\u00fcmanca bir ak\u0131l m\u0131d\u0131r?\u201d Bu \u00f6nemli sorular\u0131n \u0131srarla soruldu\u011fu ve sahih cevaplar\u0131n inan\u00e7la arand\u0131\u011f\u0131 bir kitap, DERV\u0130\u015eAN\u2026 \u00dcslubu ve muhtevas\u0131 ile, estetikten ve tefekk\u00fcrden vazge\u00e7meyen okurlar\u0131n\u0131 bekliyor.<\/p>","protected":false},"featured_media":21248,"template":"","meta":{"spay_email":""},"product_cat":[168],"product_tag":[],"item":[689],"acf":[],"_links":{"self":[{"href":"https:\/\/mgvpublications.com\/de\/wp-json\/wp\/v2\/product\/21249"}],"collection":[{"href":"https:\/\/mgvpublications.com\/de\/wp-json\/wp\/v2\/product"}],"about":[{"href":"https:\/\/mgvpublications.com\/de\/wp-json\/wp\/v2\/types\/product"}],"wp:featuredmedia":[{"embeddable":true,"href":"https:\/\/mgvpublications.com\/de\/wp-json\/wp\/v2\/media\/21248"}],"wp:attachment":[{"href":"https:\/\/mgvpublications.com\/de\/wp-json\/wp\/v2\/media?parent=21249"}],"wp:term":[{"taxonomy":"product_cat","embeddable":true,"href":"https:\/\/mgvpublications.com\/de\/wp-json\/wp\/v2\/product_cat?post=21249"},{"taxonomy":"product_tag","embeddable":true,"href":"https:\/\/mgvpublications.com\/de\/wp-json\/wp\/v2\/product_tag?post=21249"},{"taxonomy":"item","embeddable":true,"href":"https:\/\/mgvpublications.com\/de\/wp-json\/wp\/v2\/item?post=21249"}],"curies":[{"name":"wp","href":"https:\/\/api.w.org\/{rel}","templated":true}]}}