{"id":21245,"date":"2021-11-26T14:30:11","date_gmt":"2021-11-26T13:30:11","guid":{"rendered":"https:\/\/mgvpublications.com\/produkt\/hamza\/"},"modified":"2022-03-08T22:56:30","modified_gmt":"2022-03-08T21:56:30","slug":"hamza","status":"publish","type":"product","link":"https:\/\/mgvpublications.com\/de\/hamza\/","title":{"rendered":"Hamza"},"content":{"rendered":"<p>Yay\u0131n Tarihi: 04.10.2021<br \/>ISBN: 9789753558358<br \/>Dil: T\u00dcRK\u00c7E<br \/>Sayfa Say\u0131s\u0131: 200<br \/>Cilt Tipi: Karton Kapak<br \/>Ka\u011f\u0131t Cinsi: Kitap Ka\u011f\u0131d\u0131<br \/>Boyut: 13.5 x 21 cm<\/p>","protected":false},"excerpt":{"rendered":"<p>Hamza, modernizmin tam ortas\u0131nda ya\u015fayan bir m\u00fcsl\u00fcman gencin trajikomik hik\u00e2yesi. Herkesin az \u00e7ok bildi\u011fi siyasi, felsefi ve tarihi olaylar, kitapta, al\u0131\u015ft\u0131\u011f\u0131m\u0131z ba\u011flam\u0131ndan kopar\u0131l\u0131p, \u015fa\u015f\u0131rt\u0131c\u0131 bir \u00fcslup ve masals\u0131 bir anlat\u0131mla yeniden kurgulan\u0131yor. Yazar; mizah\u0131 ve edebiyat\u0131 a\u00e7\u0131k\u00e7a \u2018kullanarak\u2019 asl\u0131nda \u00e7a\u011f ve \u0130slam hakk\u0131nda derin bir tefekk\u00fcre \u00e7a\u011f\u0131r\u0131yor okuyucuyu. Mesajdan da sanattan da vazge\u00e7miyor. \u201cMesele\u201dsini anlatmak i\u00e7in; kurmacan\u0131n, bilin\u00e7 ak\u0131\u015f\u0131n\u0131n ve ironinin imk\u00e2nlar\u0131ndan sonuna kadar faydalan\u0131yor.<\/p>","protected":false},"featured_media":21244,"template":"","meta":{"spay_email":""},"product_cat":[168],"product_tag":[],"item":[689],"acf":[],"_links":{"self":[{"href":"https:\/\/mgvpublications.com\/de\/wp-json\/wp\/v2\/product\/21245"}],"collection":[{"href":"https:\/\/mgvpublications.com\/de\/wp-json\/wp\/v2\/product"}],"about":[{"href":"https:\/\/mgvpublications.com\/de\/wp-json\/wp\/v2\/types\/product"}],"wp:featuredmedia":[{"embeddable":true,"href":"https:\/\/mgvpublications.com\/de\/wp-json\/wp\/v2\/media\/21244"}],"wp:attachment":[{"href":"https:\/\/mgvpublications.com\/de\/wp-json\/wp\/v2\/media?parent=21245"}],"wp:term":[{"taxonomy":"product_cat","embeddable":true,"href":"https:\/\/mgvpublications.com\/de\/wp-json\/wp\/v2\/product_cat?post=21245"},{"taxonomy":"product_tag","embeddable":true,"href":"https:\/\/mgvpublications.com\/de\/wp-json\/wp\/v2\/product_tag?post=21245"},{"taxonomy":"item","embeddable":true,"href":"https:\/\/mgvpublications.com\/de\/wp-json\/wp\/v2\/item?post=21245"}],"curies":[{"name":"wp","href":"https:\/\/api.w.org\/{rel}","templated":true}]}}