{"id":21241,"date":"2021-11-26T14:30:05","date_gmt":"2021-11-26T13:30:05","guid":{"rendered":"https:\/\/mgvpublications.com\/produkt\/hz-zeynep\/"},"modified":"2022-03-08T22:56:30","modified_gmt":"2022-03-08T21:56:30","slug":"hz-zeynep","status":"publish","type":"product","link":"https:\/\/mgvpublications.com\/de\/hz-zeynep\/","title":{"rendered":"Hz. Zeynep"},"content":{"rendered":"<p>Yay\u0131n Tarihi: 01.01.1992<br \/>ISBN: 9789754730470<br \/>Dil: T\u00dcRK\u00c7E<br \/>Sayfa Say\u0131s\u0131: 102<br \/>Cilt Tipi: Karton Kapak<br \/>Ka\u011f\u0131t Cinsi: 3. Hm. Ka\u011f\u0131t<br \/>Boyut: 12.5 x 19.5 cm<\/p>","protected":false},"excerpt":{"rendered":"<p>Elinizdeki kitap salt tarihi bir olay\u0131 anlatmakta kalm\u0131yor. Siz, buna tarihin \u00f6\u011f\u00fcnd\u00fc\u011f\u00fc ve insano\u011flu var olduk\u00e7a da \u00f6\u011f\u00fcnece\u011fi bir han\u0131m\u0131n ya\u015fam \u00f6yk\u00fcs\u00fc g\u00f6z\u00fcyle bakabilirsiniz. O, k\u0131sac\u0131k \u00f6mr\u00fcn\u00fc ac\u0131yla, \u00e7ileyle \u00f6fke ve eylemle yo\u011furmu\u015ftur. Konumu, \u0130slam Tarihi ve insanl\u0131k a\u00e7\u0131s\u0131ndan olduk\u00e7a \u00f6nemli biri; ismi Hz. Zeyneb&#8230;.<\/p>","protected":false},"featured_media":21240,"template":"","meta":{"spay_email":""},"product_cat":[174],"product_tag":[],"item":[389],"acf":[],"_links":{"self":[{"href":"https:\/\/mgvpublications.com\/de\/wp-json\/wp\/v2\/product\/21241"}],"collection":[{"href":"https:\/\/mgvpublications.com\/de\/wp-json\/wp\/v2\/product"}],"about":[{"href":"https:\/\/mgvpublications.com\/de\/wp-json\/wp\/v2\/types\/product"}],"wp:featuredmedia":[{"embeddable":true,"href":"https:\/\/mgvpublications.com\/de\/wp-json\/wp\/v2\/media\/21240"}],"wp:attachment":[{"href":"https:\/\/mgvpublications.com\/de\/wp-json\/wp\/v2\/media?parent=21241"}],"wp:term":[{"taxonomy":"product_cat","embeddable":true,"href":"https:\/\/mgvpublications.com\/de\/wp-json\/wp\/v2\/product_cat?post=21241"},{"taxonomy":"product_tag","embeddable":true,"href":"https:\/\/mgvpublications.com\/de\/wp-json\/wp\/v2\/product_tag?post=21241"},{"taxonomy":"item","embeddable":true,"href":"https:\/\/mgvpublications.com\/de\/wp-json\/wp\/v2\/item?post=21241"}],"curies":[{"name":"wp","href":"https:\/\/api.w.org\/{rel}","templated":true}]}}