{"id":21239,"date":"2021-11-26T14:30:00","date_gmt":"2021-11-26T13:30:00","guid":{"rendered":"https:\/\/mgvpublications.com\/produkt\/hz-fatima\/"},"modified":"2022-03-08T22:56:30","modified_gmt":"2022-03-08T21:56:30","slug":"hz-fatima","status":"publish","type":"product","link":"https:\/\/mgvpublications.com\/de\/hz-fatima\/","title":{"rendered":"Hz. Fat\u0131ma"},"content":{"rendered":"<p>Yay\u0131n Tarihi: 01.10.1999<br \/>ISBN: 9789754730487<br \/>Dil: T\u00dcRK\u00c7E<br \/>Sayfa Say\u0131s\u0131: 110<br \/>Cilt Tipi: Karton Kapak<br \/>Ka\u011f\u0131t Cinsi: 1. Hm. Ka\u011f\u0131t<br \/>Boyut: 12.5 x 19.5 cm<\/p>","protected":false},"excerpt":{"rendered":"<p>Hz. Fat\u0131ma&#8217;y\u0131 tan\u0131mak, yanl\u0131\u015f uygulamalar\u0131 d\u00fczeltmek i\u00e7in gereklidir. M\u00fcsl\u00fcman kad\u0131n\u0131 en iyi anlatmak, \u0130slam&#8217;\u0131n mesaj\u0131n\u0131n yeni duyuruldu\u011fu devir i\u00e7indeki en sa\u011flam, tutarl\u0131 ve vahiy kayna\u011f\u0131na en yak\u0131n kimseyle, Peygamber ile adeta \u00f6zde\u015fle\u015fmi\u015f bir kad\u0131n ile m\u00fcmk\u00fcnd\u00fcr.<\/p>","protected":false},"featured_media":21238,"template":"","meta":{"spay_email":""},"product_cat":[174],"product_tag":[],"item":[389],"acf":[],"_links":{"self":[{"href":"https:\/\/mgvpublications.com\/de\/wp-json\/wp\/v2\/product\/21239"}],"collection":[{"href":"https:\/\/mgvpublications.com\/de\/wp-json\/wp\/v2\/product"}],"about":[{"href":"https:\/\/mgvpublications.com\/de\/wp-json\/wp\/v2\/types\/product"}],"wp:featuredmedia":[{"embeddable":true,"href":"https:\/\/mgvpublications.com\/de\/wp-json\/wp\/v2\/media\/21238"}],"wp:attachment":[{"href":"https:\/\/mgvpublications.com\/de\/wp-json\/wp\/v2\/media?parent=21239"}],"wp:term":[{"taxonomy":"product_cat","embeddable":true,"href":"https:\/\/mgvpublications.com\/de\/wp-json\/wp\/v2\/product_cat?post=21239"},{"taxonomy":"product_tag","embeddable":true,"href":"https:\/\/mgvpublications.com\/de\/wp-json\/wp\/v2\/product_tag?post=21239"},{"taxonomy":"item","embeddable":true,"href":"https:\/\/mgvpublications.com\/de\/wp-json\/wp\/v2\/item?post=21239"}],"curies":[{"name":"wp","href":"https:\/\/api.w.org\/{rel}","templated":true}]}}