{"id":21237,"date":"2021-11-26T14:30:00","date_gmt":"2021-11-26T13:30:00","guid":{"rendered":"https:\/\/mgvpublications.com\/produkt\/konusmalar-2\/"},"modified":"2022-03-08T22:56:30","modified_gmt":"2022-03-08T21:56:30","slug":"konusmalar-2","status":"publish","type":"product","link":"https:\/\/mgvpublications.com\/de\/konusmalar-2\/","title":{"rendered":"Konu\u015fmalar"},"content":{"rendered":"<p>Yay\u0131n Tarihi: 06.09.2000<br \/>ISBN: 9789754733730<br \/>Dil: T\u00dcRK\u00c7E<br \/>Sayfa Say\u0131s\u0131: 238<br \/>Cilt Tipi: Karton Kapak<br \/>Ka\u011f\u0131t Cinsi: Kitap Ka\u011f\u0131d\u0131<br \/>Boyut: 13.5 x 21.5 cm<\/p>","protected":false},"excerpt":{"rendered":"<p>Bir konu\u015fma m\u0131? Tam da zaman\u0131&#8230; Do\u011frusu b\u00f6yle bir \u015feye hi\u00e7 gelemem. \u00c7ok uzun zamand\u0131r sadece yazmaktan ba\u015fka edebiyatla hi\u00e7bir ilgim yok. Seyrek olarak, elime ge\u00e7tik\u00e7e, dostlar yollad\u0131k\u00e7a baz\u0131 dergileri okuyorum. Ben zaten fazla d\u00fc\u015f\u00fcnmem. Muayyen konularda, muayyen sorulara derli toplu, kuru ve sistemli kar\u015f\u0131l\u0131klar verecek \u015fekilde d\u00fc\u015f\u00fcnmem. Onun i\u00e7in sorulu cevapl\u0131 bir konu\u015fma yerine sohbet edelim, notlar al\u0131n\u0131r, sonra ben onlar\u0131 g\u00f6zden ge\u00e7iririm. Yar\u0131 sohbet, yar\u0131 r\u00f6portaj, yar\u0131 d\u00fczyaz\u0131 bir \u015fey \u00e7\u0131kar ortaya, yay\u0131nlars\u0131n\u0131z onu.<\/p>","protected":false},"featured_media":21236,"template":"","meta":{"spay_email":""},"product_cat":[168],"product_tag":[],"item":[389],"acf":[],"_links":{"self":[{"href":"https:\/\/mgvpublications.com\/de\/wp-json\/wp\/v2\/product\/21237"}],"collection":[{"href":"https:\/\/mgvpublications.com\/de\/wp-json\/wp\/v2\/product"}],"about":[{"href":"https:\/\/mgvpublications.com\/de\/wp-json\/wp\/v2\/types\/product"}],"wp:featuredmedia":[{"embeddable":true,"href":"https:\/\/mgvpublications.com\/de\/wp-json\/wp\/v2\/media\/21236"}],"wp:attachment":[{"href":"https:\/\/mgvpublications.com\/de\/wp-json\/wp\/v2\/media?parent=21237"}],"wp:term":[{"taxonomy":"product_cat","embeddable":true,"href":"https:\/\/mgvpublications.com\/de\/wp-json\/wp\/v2\/product_cat?post=21237"},{"taxonomy":"product_tag","embeddable":true,"href":"https:\/\/mgvpublications.com\/de\/wp-json\/wp\/v2\/product_tag?post=21237"},{"taxonomy":"item","embeddable":true,"href":"https:\/\/mgvpublications.com\/de\/wp-json\/wp\/v2\/item?post=21237"}],"curies":[{"name":"wp","href":"https:\/\/api.w.org\/{rel}","templated":true}]}}