{"id":21221,"date":"2021-11-26T14:29:37","date_gmt":"2021-11-26T13:29:37","guid":{"rendered":"https:\/\/mgvpublications.com\/produkt\/sorularin-pesinde\/"},"modified":"2022-03-08T22:56:26","modified_gmt":"2022-03-08T21:56:26","slug":"sorularin-pesinde","status":"publish","type":"product","link":"https:\/\/mgvpublications.com\/de\/sorularin-pesinde\/","title":{"rendered":"Sorular\u0131n Pe\u015finde"},"content":{"rendered":"<p>Yay\u0131n Tarihi: 01.09.2020<br \/>ISBN: 9786050676211<br \/>Dil: T\u00dcRK\u00c7E<br \/>Sayfa Say\u0131s\u0131: 248<br \/>Cilt Tipi: Karton Kapak<br \/>Ka\u011f\u0131t Cinsi: Kitap Ka\u011f\u0131d\u0131<br \/>Boyut: 13.5 x 21 cm<\/p>","protected":false},"excerpt":{"rendered":"<p>Soru sormak insanl\u0131\u011f\u0131n mukavvim bir unsurudur&#8230; \u0130nsan\u0131n m\u00e2-cer\u00e2s\u0131 bir soruyla ba\u015flad\u0131; soru ile muhatap al\u0131nd\u0131k; mesul ve m\u00fckellef k\u0131l\u0131nd\u0131k. \u0130nsan da bir sorudur; hen\u00fcz tamamlanmam\u0131\u015f, \u00f6r\u00fcnt\u00fc h\u00e2linde, t\u00fcketilemeyen&#8230; Ve en b\u00fcy\u00fck sorumuz: Varl\u0131k, insan\u0131 var-k\u0131lmakla ne demek istiyor? U\u011fra\u015f\u0131m\u0131z, bu denmek-isteneni tespit etmek, yani man\u00e2y\u0131, yani anlam\u0131. \u0130nsan\u0131n niha\u00ee devas\u0131 da bu anlam\u0131 bulmakt\u0131r; ancak insan i\u00e7in, bulmak de\u011fil aramak esast\u0131r. Aramak, yani yola \u00e7\u0131kmak, yani sormak; fakat her yan\u0131t\u0131n bir menzili vard\u0131r; o menzile varmadan o yan\u0131t n\u00e2zil olmaz; \u00e7\u00fcnk\u00fc nuz\u00fbl, menzile t\u00e2bidir&#8230;<\/p>","protected":false},"featured_media":21871,"template":"","meta":{"spay_email":""},"product_cat":[232],"product_tag":[],"item":[392],"acf":[],"_links":{"self":[{"href":"https:\/\/mgvpublications.com\/de\/wp-json\/wp\/v2\/product\/21221"}],"collection":[{"href":"https:\/\/mgvpublications.com\/de\/wp-json\/wp\/v2\/product"}],"about":[{"href":"https:\/\/mgvpublications.com\/de\/wp-json\/wp\/v2\/types\/product"}],"wp:featuredmedia":[{"embeddable":true,"href":"https:\/\/mgvpublications.com\/de\/wp-json\/wp\/v2\/media\/21871"}],"wp:attachment":[{"href":"https:\/\/mgvpublications.com\/de\/wp-json\/wp\/v2\/media?parent=21221"}],"wp:term":[{"taxonomy":"product_cat","embeddable":true,"href":"https:\/\/mgvpublications.com\/de\/wp-json\/wp\/v2\/product_cat?post=21221"},{"taxonomy":"product_tag","embeddable":true,"href":"https:\/\/mgvpublications.com\/de\/wp-json\/wp\/v2\/product_tag?post=21221"},{"taxonomy":"item","embeddable":true,"href":"https:\/\/mgvpublications.com\/de\/wp-json\/wp\/v2\/item?post=21221"}],"curies":[{"name":"wp","href":"https:\/\/api.w.org\/{rel}","templated":true}]}}