{"id":21219,"date":"2021-11-26T14:29:32","date_gmt":"2021-11-26T13:29:32","guid":{"rendered":"https:\/\/mgvpublications.com\/produkt\/kendini-bulmak-2\/"},"modified":"2022-03-08T22:56:25","modified_gmt":"2022-03-08T21:56:25","slug":"kendini-bulmak-2","status":"publish","type":"product","link":"https:\/\/mgvpublications.com\/de\/kendini-bulmak-2\/","title":{"rendered":"Kendini Bulmak"},"content":{"rendered":"<p>Yay\u0131n Tarihi: 15.02.2020<br \/>ISBN: 9786257014342<br \/>Dil: T\u00dcRK\u00c7E<br \/>Sayfa Say\u0131s\u0131: 224<br \/>Cilt Tipi: Karton Kapak<br \/>Ka\u011f\u0131t Cinsi: Kitap Ka\u011f\u0131d\u0131<br \/>Boyut: 13.5 x 21 cm<\/p>","protected":false},"excerpt":{"rendered":"<p>\u0130nsan bir kendilik aray\u0131\u015f\u0131d\u0131r. Kendilik-bilincine ermi\u015f insan, \u00e7a\u011fda\u015f d\u00fcnyada anlam\u0131n yitimini (dis-enchanment) en derinden ya\u015fam\u0131\u015f birey ve t\u00fcr olarak varl\u0131\u011f\u0131n\u0131 korumak i\u00e7in var olu\u015funu, var olmay\u0131 ve hayat\u0131 yeniden anlaml\u0131 k\u0131lmal\u0131d\u0131r. (re-enchantment) Nas\u0131l? Kendi olmu\u015f, kendilik bilincine ermi\u015f, ferdiyetini kazanm\u0131\u015f ki\u015fio\u011flunun al\u00e2met-i f\u00e2rikas\u0131 \u201c\u00e2mentu bi&#8230;\u201d diyerek iyi, do\u011fru ve g\u00fczel\/y\u00fcce ile ba\u011f\u0131n\u0131 en sahih bi\u00e7imde kurmak; bir meta-fizik var olan olarak kendini yani em\u00e2neti yani akletmeyi y\u00fcklenmek; hesab\u0131 verilmi\u015f bir hayat g\u00f6r\u00fc\u015f\u00fc i\u00e7inde ya\u015fam ile \u00f6l\u00fcm\u00fc bir s\u00fcreklilik i\u00e7inde idr\u00e2k etmek; madde ile man\u00e2y\u0131 birbirinin yerine ikame etmeksizin sahiplenmek&#8230; Ve dahi ge\u00e7mi\u015fiyle gelece\u011finde bulu\u015fmak i\u00e7in teklif sahibi olmak; verili, haz\u0131r re\u00e7etelerden medet ummadan halis niyetle yola \u00e7\u0131kmak ve yolda hatalar\u0131n\u0131 do\u011frular\u0131na az\u0131k k\u0131lmak&#8230; \u0130\u015fte bu deneme, b\u00f6yle bir yola \u00e7\u0131k\u0131\u015f\u0131n az\u0131\u011f\u0131 olmay\u0131 m\u00fctevaz\u0131 bir bi\u00e7imde teklif ediyor&#8230;<\/p>","protected":false},"featured_media":21218,"template":"","meta":{"spay_email":""},"product_cat":[169],"product_tag":[],"item":[392],"acf":[],"_links":{"self":[{"href":"https:\/\/mgvpublications.com\/de\/wp-json\/wp\/v2\/product\/21219"}],"collection":[{"href":"https:\/\/mgvpublications.com\/de\/wp-json\/wp\/v2\/product"}],"about":[{"href":"https:\/\/mgvpublications.com\/de\/wp-json\/wp\/v2\/types\/product"}],"wp:featuredmedia":[{"embeddable":true,"href":"https:\/\/mgvpublications.com\/de\/wp-json\/wp\/v2\/media\/21218"}],"wp:attachment":[{"href":"https:\/\/mgvpublications.com\/de\/wp-json\/wp\/v2\/media?parent=21219"}],"wp:term":[{"taxonomy":"product_cat","embeddable":true,"href":"https:\/\/mgvpublications.com\/de\/wp-json\/wp\/v2\/product_cat?post=21219"},{"taxonomy":"product_tag","embeddable":true,"href":"https:\/\/mgvpublications.com\/de\/wp-json\/wp\/v2\/product_tag?post=21219"},{"taxonomy":"item","embeddable":true,"href":"https:\/\/mgvpublications.com\/de\/wp-json\/wp\/v2\/item?post=21219"}],"curies":[{"name":"wp","href":"https:\/\/api.w.org\/{rel}","templated":true}]}}