{"id":21215,"date":"2021-11-26T14:29:26","date_gmt":"2021-11-26T13:29:26","guid":{"rendered":"https:\/\/mgvpublications.com\/produkt\/allah-cumlemizi-korusun\/"},"modified":"2022-03-08T22:56:25","modified_gmt":"2022-03-08T21:56:25","slug":"allah-cumlemizi-korusun","status":"publish","type":"product","link":"https:\/\/mgvpublications.com\/de\/allah-cumlemizi-korusun\/","title":{"rendered":"Allah C\u00fcmlemizi Korusun"},"content":{"rendered":"<p>Yay\u0131n Tarihi: 09.12.2019<br \/>ISBN: 9786057525314<br \/>Dil: T\u00dcRK\u00c7E<br \/>Sayfa Say\u0131s\u0131: 141<br \/>Cilt Tipi: Karton Kapak<br \/>Ka\u011f\u0131t Cinsi: Kitap Ka\u011f\u0131d\u0131<br \/>Boyut: 13.5 x 21 cm<\/p>","protected":false},"excerpt":{"rendered":"<p>\u201cYazar de\u011filim ben. Bir \u015feyler yazmakla yazar olunamayaca\u011f\u0131n\u0131 iyi biliyorum. Heybemde \u00f6yle s\u00fcsl\u00fc kelimelerim yok\u2026 Ne kimsenin derdine derman olabilirim, Ne de yol olabilirim yolunu kaybetmi\u015flere\u2026 Merhem de olamam kanayan yaran\u0131za mesela\u2026 Derdinize derman olamam belki ama derman\u0131n kimde oldu\u011funu s\u00f6yleyebilirim\u2026 Yol olamam belki size ama do\u011fru yolu g\u00f6sterebilirim\u2026 \u00c7are olamam belki ama \u00e7arenin kimde oldu\u011fundan haberdar\u0131m.\u201d Bekir Develi hayat\u0131m\u0131zda her an kar\u015f\u0131la\u015ft\u0131\u011f\u0131m\u0131z ve bir par\u00e7am\u0131z olan kavramlar \u00fczerinden bir insan tasavvuru ortaya koyuyor. \u00c7evremizdeki s\u0131radan kahramanlar\u0131n \u00f6yk\u00fclerini, k\u0131y\u0131s\u0131na gelenlerin ikrams\u0131z kalmad\u0131\u011f\u0131 bir su kayna\u011f\u0131na benzetip, insan\u0131n ahlakla, gelenekle, modern d\u00fcnyayla ili\u015fkisine dair ele\u015ftirilerini i\u00e7ten bir duyarl\u0131l\u0131kla payla\u015f\u0131yor. Uzak co\u011frafyalardan yak\u0131n tan\u0131kl\u0131klara uzanan ve okuyucusuyla dertle\u015fmek isteyen bu metinler, bir yandan tefekk\u00fcr kap\u0131s\u0131n\u0131 aralarken bir yandan da \u015fu duaya hep birlikte \u201c\u00c2min\u201d demeye davet ediyor: Allah c\u00fcmlemizi korusun: C\u00fcmle\u2019mizi ve c\u00fcmlemizi!<\/p>","protected":false},"featured_media":21840,"template":"","meta":{"spay_email":""},"product_cat":[168],"product_tag":[],"item":[354],"acf":[],"_links":{"self":[{"href":"https:\/\/mgvpublications.com\/de\/wp-json\/wp\/v2\/product\/21215"}],"collection":[{"href":"https:\/\/mgvpublications.com\/de\/wp-json\/wp\/v2\/product"}],"about":[{"href":"https:\/\/mgvpublications.com\/de\/wp-json\/wp\/v2\/types\/product"}],"wp:featuredmedia":[{"embeddable":true,"href":"https:\/\/mgvpublications.com\/de\/wp-json\/wp\/v2\/media\/21840"}],"wp:attachment":[{"href":"https:\/\/mgvpublications.com\/de\/wp-json\/wp\/v2\/media?parent=21215"}],"wp:term":[{"taxonomy":"product_cat","embeddable":true,"href":"https:\/\/mgvpublications.com\/de\/wp-json\/wp\/v2\/product_cat?post=21215"},{"taxonomy":"product_tag","embeddable":true,"href":"https:\/\/mgvpublications.com\/de\/wp-json\/wp\/v2\/product_tag?post=21215"},{"taxonomy":"item","embeddable":true,"href":"https:\/\/mgvpublications.com\/de\/wp-json\/wp\/v2\/item?post=21215"}],"curies":[{"name":"wp","href":"https:\/\/api.w.org\/{rel}","templated":true}]}}