{"id":21213,"date":"2021-11-26T14:29:26","date_gmt":"2021-11-26T13:29:26","guid":{"rendered":"https:\/\/mgvpublications.com\/produkt\/yuvamizda-huzur-bulalim-diye\/"},"modified":"2022-03-08T22:56:25","modified_gmt":"2022-03-08T21:56:25","slug":"yuvamizda-huzur-bulalim-diye","status":"publish","type":"product","link":"https:\/\/mgvpublications.com\/de\/yuvamizda-huzur-bulalim-diye\/","title":{"rendered":"Yuvam\u0131zda Huzur Bulal\u0131m Diye"},"content":{"rendered":"<p>Yay\u0131n Tarihi: 08.08.2020<br \/>ISBN: 9786057525529<br \/>Dil: T\u00dcRK\u00c7E<br \/>Sayfa Say\u0131s\u0131: 255<br \/>Cilt Tipi: Karton Kapak<br \/>Ka\u011f\u0131t Cinsi: Kitap Ka\u011f\u0131d\u0131<br \/>Boyut: 13.5 x 21 cm<\/p>","protected":false},"excerpt":{"rendered":"<p>Huzur, modern d\u00fcnyada, moda d\u0131\u015f\u0131 bir kelime gibi duruyor art\u0131k. Oysa, Huzur; ne tatl\u0131 bir kelimedir. Huzur; ruhun, zihnin ve bedenin s\u00fck\u00fbnet bulma h\u00e2lidir. Huzur; g\u00f6nl\u00fcn yat\u0131\u015fmas\u0131, nefsin tatmin olmas\u0131d\u0131r. Huzur; ba\u015f din\u00e7li\u011fi, g\u00f6n\u00fcl rahatl\u0131\u011f\u0131d\u0131r. Kad\u0131n ve erkek \u201cbirbirlerinde huzur bulsunlar\u201d diye \u00e7iftler halinde yarat\u0131lm\u0131\u015f, Birbirlerinde co\u015fsunlar, birbirlerinde durulsunlar diye&#8230; Kad\u0131n ve erke\u011fe ne oldu da birbirlerine huzur veremez oldular? Bu da huzurun izini s\u00fcren bir kitap. Huzuru arayanlara \u0131\u015f\u0131k olsun diye&#8230;<\/p>","protected":false},"featured_media":21212,"template":"","meta":{"spay_email":""},"product_cat":[171],"product_tag":[],"item":[354],"acf":[],"_links":{"self":[{"href":"https:\/\/mgvpublications.com\/de\/wp-json\/wp\/v2\/product\/21213"}],"collection":[{"href":"https:\/\/mgvpublications.com\/de\/wp-json\/wp\/v2\/product"}],"about":[{"href":"https:\/\/mgvpublications.com\/de\/wp-json\/wp\/v2\/types\/product"}],"wp:featuredmedia":[{"embeddable":true,"href":"https:\/\/mgvpublications.com\/de\/wp-json\/wp\/v2\/media\/21212"}],"wp:attachment":[{"href":"https:\/\/mgvpublications.com\/de\/wp-json\/wp\/v2\/media?parent=21213"}],"wp:term":[{"taxonomy":"product_cat","embeddable":true,"href":"https:\/\/mgvpublications.com\/de\/wp-json\/wp\/v2\/product_cat?post=21213"},{"taxonomy":"product_tag","embeddable":true,"href":"https:\/\/mgvpublications.com\/de\/wp-json\/wp\/v2\/product_tag?post=21213"},{"taxonomy":"item","embeddable":true,"href":"https:\/\/mgvpublications.com\/de\/wp-json\/wp\/v2\/item?post=21213"}],"curies":[{"name":"wp","href":"https:\/\/api.w.org\/{rel}","templated":true}]}}