{"id":21211,"date":"2021-11-26T14:29:20","date_gmt":"2021-11-26T13:29:20","guid":{"rendered":"https:\/\/mgvpublications.com\/produkt\/sevmek-bu-kadar-guzelken\/"},"modified":"2022-03-08T22:56:25","modified_gmt":"2022-03-08T21:56:25","slug":"sevmek-bu-kadar-guzelken","status":"publish","type":"product","link":"https:\/\/mgvpublications.com\/de\/sevmek-bu-kadar-guzelken\/","title":{"rendered":"Sevmek Bu Kadar G\u00fczelken"},"content":{"rendered":"<p>Yay\u0131n Tarihi: 04.09.2020<br \/>ISBN: 9786257111447<br \/>Dil: T\u00dcRK\u00c7E<br \/>Sayfa Say\u0131s\u0131: 200<br \/>Cilt Tipi: Karton Kapak<br \/>Ka\u011f\u0131t Cinsi: Kitap Ka\u011f\u0131d\u0131<br \/>Boyut: 13.5 x 21 cm<\/p>","protected":false},"excerpt":{"rendered":"<p>&#8220;Bir erkek kar\u0131s\u0131na bakt\u0131\u011f\u0131, kar\u0131s\u0131 da kendine bakt\u0131\u011f\u0131 vakit Allah her ikisine rahmet nazar\u0131 ile bakar ve erkek kar\u0131s\u0131n\u0131n elini tuttu\u011fu zaman her ikisinin g\u00fcnahlar\u0131 parmaklar\u0131 aras\u0131ndan d\u00f6k\u00fcl\u00fcp gider.&#8221; -Hz. Muhammed (s.a.v)- Sevmek bu kadar g\u00fczelken bu k\u0131zg\u0131nl\u0131k, bu nefret, bu kavgalar niye? Sevmek bu kadar sevapken biz ne yap\u0131yoruz b\u00f6yle? &#8220;Ved\u00fbd&#8221; olan seven ve \u00e7ok sevilen Rabb&#8217;imiz, sevgiyi \u00e7ok tatl\u0131 yaratm\u0131\u015f. O h\u00e2lde Rabb&#8217;imizin hediyesi olan sevgi ve rahmeti kaybetmemek i\u00e7in yine Rabb&#8217;imizin ve Resul&#8217;\u00fcn\u00fcn yol g\u00f6stericili\u011fine ihtiyac\u0131m\u0131z var. \u0130nsan\u0131, Yaradan&#8217;\u0131ndan daha iyi kim bilebilir ki? Erkek ve kad\u0131n\u0131n, birbiri hakk\u0131nda bilmesi gerekenler&#8230; Evlilik \u00f6ncesi ve sonras\u0131nda e\u015flerin duyduklar\u0131 endi\u015feler&#8230; Mutlu bir aile yap\u0131s\u0131n\u0131n kurulmas\u0131 ve bunun devam etmesi i\u00e7in yapman\u0131z gerekenleri bulabilece\u011finiz rehber kitap.<\/p>","protected":false},"featured_media":21210,"template":"","meta":{"spay_email":""},"product_cat":[171],"product_tag":[],"item":[354],"acf":[],"_links":{"self":[{"href":"https:\/\/mgvpublications.com\/de\/wp-json\/wp\/v2\/product\/21211"}],"collection":[{"href":"https:\/\/mgvpublications.com\/de\/wp-json\/wp\/v2\/product"}],"about":[{"href":"https:\/\/mgvpublications.com\/de\/wp-json\/wp\/v2\/types\/product"}],"wp:featuredmedia":[{"embeddable":true,"href":"https:\/\/mgvpublications.com\/de\/wp-json\/wp\/v2\/media\/21210"}],"wp:attachment":[{"href":"https:\/\/mgvpublications.com\/de\/wp-json\/wp\/v2\/media?parent=21211"}],"wp:term":[{"taxonomy":"product_cat","embeddable":true,"href":"https:\/\/mgvpublications.com\/de\/wp-json\/wp\/v2\/product_cat?post=21211"},{"taxonomy":"product_tag","embeddable":true,"href":"https:\/\/mgvpublications.com\/de\/wp-json\/wp\/v2\/product_tag?post=21211"},{"taxonomy":"item","embeddable":true,"href":"https:\/\/mgvpublications.com\/de\/wp-json\/wp\/v2\/item?post=21211"}],"curies":[{"name":"wp","href":"https:\/\/api.w.org\/{rel}","templated":true}]}}