{"id":21205,"date":"2021-11-26T14:29:14","date_gmt":"2021-11-26T13:29:14","guid":{"rendered":"https:\/\/mgvpublications.com\/produkt\/tatliya-baglayalim-2\/"},"modified":"2022-03-08T22:56:23","modified_gmt":"2022-03-08T21:56:23","slug":"tatliya-baglayalim-2","status":"publish","type":"product","link":"https:\/\/mgvpublications.com\/de\/tatliya-baglayalim-2\/","title":{"rendered":"Tatl\u0131ya Ba\u011flayal\u0131m"},"content":{"rendered":"<p>Yay\u0131n Tarihi: 06.10.2020<br \/>ISBN: 9786257111485<br \/>Dil: T\u00dcRK\u00c7E<br \/>Sayfa Say\u0131s\u0131: 227<br \/>Cilt Tipi: Karton Kapak<br \/>Ka\u011f\u0131t Cinsi: Kitap Ka\u011f\u0131d\u0131<br \/>Boyut: 13.5 x 21 cm<\/p>","protected":false},"excerpt":{"rendered":"<p>Bu topraklar \u00fcst\u00fcnde y\u00fczy\u0131llar \u00f6tesinden bug\u00fcne gelen ve b\u00fct\u00fcn d\u00fcnyaya \u00f6rnek olan bir mill\u00ee varl\u0131\u011f\u0131n: huzur, s\u00fck\u00fbn, vefa, sadakat ve fedak\u00e2rl\u0131\u011f\u0131n; k\u0131saca b\u00fct\u00fcn g\u00fczellikleri ya\u015fatma, koruma ve geli\u015ftirmede bayraktarl\u0131\u011f\u0131n g\u00f6steri\u015fsiz kalesi,birinci adresi: ailemiz&#8230; Bu kitapta; e\u015finizi, kay\u0131nvalidenizi, gelininizi, damad\u0131n\u0131z\u0131, \u00e7ocuklar\u0131n\u0131z\u0131, annenizi, baban\u0131z\u0131, b\u00fcy\u00fckannenizi&#8230; g\u00f6receksiniz. Aile ba\u011flar\u0131n\u0131 g\u00fc\u00e7lendirmenin, e\u015flerin her ikisinin de zararl\u0131 \u00e7\u0131kt\u0131\u011f\u0131 hesaplar\u0131 kapatman\u0131n, yepyeni muhabbetler ba\u015flatman\u0131n, aile hayat\u0131na canl\u0131 renkler katman\u0131n, ya\u015fama sevincini her dakika tatman\u0131n, can s\u0131k\u0131c\u0131 g\u00fcnleri unutman\u0131n, evlili\u011fi ayakta ve zinde tutman\u0131n s\u0131rlar\u0131 gibi. Her hik\u00e2ye bir \u015fifa kitab\u0131n\u0131n sat\u0131rlar\u0131 gibi&#8230;<\/p>","protected":false},"featured_media":21204,"template":"","meta":{"spay_email":""},"product_cat":[171],"product_tag":[],"item":[354],"acf":[],"_links":{"self":[{"href":"https:\/\/mgvpublications.com\/de\/wp-json\/wp\/v2\/product\/21205"}],"collection":[{"href":"https:\/\/mgvpublications.com\/de\/wp-json\/wp\/v2\/product"}],"about":[{"href":"https:\/\/mgvpublications.com\/de\/wp-json\/wp\/v2\/types\/product"}],"wp:featuredmedia":[{"embeddable":true,"href":"https:\/\/mgvpublications.com\/de\/wp-json\/wp\/v2\/media\/21204"}],"wp:attachment":[{"href":"https:\/\/mgvpublications.com\/de\/wp-json\/wp\/v2\/media?parent=21205"}],"wp:term":[{"taxonomy":"product_cat","embeddable":true,"href":"https:\/\/mgvpublications.com\/de\/wp-json\/wp\/v2\/product_cat?post=21205"},{"taxonomy":"product_tag","embeddable":true,"href":"https:\/\/mgvpublications.com\/de\/wp-json\/wp\/v2\/product_tag?post=21205"},{"taxonomy":"item","embeddable":true,"href":"https:\/\/mgvpublications.com\/de\/wp-json\/wp\/v2\/item?post=21205"}],"curies":[{"name":"wp","href":"https:\/\/api.w.org\/{rel}","templated":true}]}}