{"id":21199,"date":"2021-11-26T14:29:03","date_gmt":"2021-11-26T13:29:03","guid":{"rendered":"https:\/\/mgvpublications.com\/produkt\/hasta-degil-susuzsunuz\/"},"modified":"2022-03-08T22:56:23","modified_gmt":"2022-03-08T21:56:23","slug":"hasta-degil-susuzsunuz","status":"publish","type":"product","link":"https:\/\/mgvpublications.com\/de\/hasta-degil-susuzsunuz\/","title":{"rendered":"Hasta De\u011fil Susuzsunuz"},"content":{"rendered":"<p>Yay\u0131n Tarihi: 05.11.2021<br \/>ISBN: 9786258486209<br \/>Dil: T\u00dcRK\u00c7E<br \/>Sayfa Say\u0131s\u0131: 368<br \/>Cilt Tipi: Karton Kapak<br \/>Ka\u011f\u0131t Cinsi: Kitap Ka\u011f\u0131d\u0131<br \/>Boyut: 13.5 x 21 cm<\/p>","protected":false},"excerpt":{"rendered":"<p>Bu kitap, insanlar\u0131n su ile ilgili en temel sorular\u0131na cevap veriyor: Hangi su iyi, temiz ve sa\u011fl\u0131kl\u0131? Hangi suyu i\u00e7meli, hangilerinden de uzak durmal\u0131? \u00c7ocuklar\u0131m\u0131za hangi suyu i\u00e7irmeli? S\u0131hh\u00ee suyu hangi zamanda ve ne kadar i\u00e7meli? Su i\u00e7memenin yol a\u00e7t\u0131\u011f\u0131 hastal\u0131klar neler? Sular\u0131 kirleten unsurlardan nas\u0131l korunuruz? Bu sorular son derece m\u00fchim, \u00e7\u00fcnk\u00fc sular\u0131m\u0131z g\u00f6zle g\u00f6r\u00fclemeyen \u00e7ok tehlikeli maddelerle kirletiliyor. Ev ve end\u00fcstriyel \u00e7\u00f6plerin yan\u0131 s\u0131ra \u00f6zellikle yo\u011fun ve yayg\u0131n olarak kullan\u0131lan tar\u0131m zehirleri, baz\u0131 maden faaliyetleri topra\u011f\u0131, su kaynaklar\u0131n\u0131 kirletiyor. Bitkileri ve hayvanlar\u0131 dolay\u0131s\u0131yla insanlar\u0131 toksik maddelere m\u00e2ruz b\u0131rak\u0131yor. Bunlar yetmezmi\u015f gibi ister \u015fehir \u015febeke sular\u0131, isterse de ambalajl\u0131 ticari sular olsun hem tehlikeli maddelerle dezenfeksiyon i\u015flemlerine tabi tutuluyor, hem de ambalajlar\u0131nda BPA ve fitalat y\u00fcz\u00fcnden ba\u015fta insan olmak \u00fczere t\u00fcm canl\u0131lar\u0131 kanser olmas\u0131na, k\u0131s\u0131rla\u015fmas\u0131na ve engelli do\u011fumlara yol a\u00e7\u0131yor. Evet, SU sadece okulda \u00f6\u011fretilen H2O form\u00fcl\u00fcnden ve pH de\u011ferinden ibaret de\u011fil. SU, organik ve inorganik maddelerde ihtiva eden bir hayat memba\u0131. Y\u00e2hut da hastal\u0131k \u00fcreten bir silah\u2026 Ayr\u0131ca su kodlanabilen ve kodlanarak \u015fifa veya derde yol a\u00e7a bilen bir madde. Bu nedenle sular\u0131n biyolojik, kimyev\u00ee ve radyolojik kirlilik ta\u015f\u0131mamas\u0131 gerekir. \u00d6te yandan besin cevherleri yani mineraller a\u00e7\u0131s\u0131ndan da zengin olmas\u0131 \u015fart. \u0130\u015fte bu eser, zemzemden musluk suyuna, ambalajl\u0131 sulardan m\u00e2den sular\u0131na kadar t\u00fcm su \u00e7e\u015fitlerini bu y\u00f6nleriyle ele al\u0131yor, en s\u0131hh\u00ee suyu tarif ediyor. Zemzemi d\u00fcnyan\u0131n en m\u00fckemmel suyu k\u0131lan nedenleri ve iyile\u015ftirici g\u00fcc\u00fcn\u00fc s\u0131ral\u0131yor. \u0130bn-i Sina\u2019dan Muhammed \u015eirv\u00e2n\u00ee\u2019ye \u0130slam ve Osmanl\u0131 hekimlerin suya dair g\u00f6r\u00fc\u015flerini aktar\u0131yor.<\/p>","protected":false},"featured_media":21198,"template":"","meta":{"spay_email":""},"product_cat":[1352],"product_tag":[],"item":[392],"acf":[],"_links":{"self":[{"href":"https:\/\/mgvpublications.com\/de\/wp-json\/wp\/v2\/product\/21199"}],"collection":[{"href":"https:\/\/mgvpublications.com\/de\/wp-json\/wp\/v2\/product"}],"about":[{"href":"https:\/\/mgvpublications.com\/de\/wp-json\/wp\/v2\/types\/product"}],"wp:featuredmedia":[{"embeddable":true,"href":"https:\/\/mgvpublications.com\/de\/wp-json\/wp\/v2\/media\/21198"}],"wp:attachment":[{"href":"https:\/\/mgvpublications.com\/de\/wp-json\/wp\/v2\/media?parent=21199"}],"wp:term":[{"taxonomy":"product_cat","embeddable":true,"href":"https:\/\/mgvpublications.com\/de\/wp-json\/wp\/v2\/product_cat?post=21199"},{"taxonomy":"product_tag","embeddable":true,"href":"https:\/\/mgvpublications.com\/de\/wp-json\/wp\/v2\/product_tag?post=21199"},{"taxonomy":"item","embeddable":true,"href":"https:\/\/mgvpublications.com\/de\/wp-json\/wp\/v2\/item?post=21199"}],"curies":[{"name":"wp","href":"https:\/\/api.w.org\/{rel}","templated":true}]}}