{"id":21195,"date":"2021-11-26T14:28:58","date_gmt":"2021-11-26T13:28:58","guid":{"rendered":"https:\/\/mgvpublications.com\/produkt\/erkegin-hanimina-karsi-vazifeleri-ve-sorumluluklari\/"},"modified":"2022-03-08T22:56:22","modified_gmt":"2022-03-08T21:56:22","slug":"erkegin-hanimina-karsi-vazifeleri-ve-sorumluluklari","status":"publish","type":"product","link":"https:\/\/mgvpublications.com\/de\/erkegin-hanimina-karsi-vazifeleri-ve-sorumluluklari\/","title":{"rendered":"Erke\u011fin Han\u0131m\u0131na Kar\u015f\u0131 Vazifeleri ve Sorumluluklar\u0131"},"content":{"rendered":"<p>Yay\u0131n Tarihi: 02.05.2019<br \/>ISBN: 9786056513831<br \/>Dil: T\u00dcRK\u00c7E<br \/>Sayfa Say\u0131s\u0131: 120<br \/>Cilt Tipi: Karton Kapak<br \/>Ka\u011f\u0131t Cinsi: Kitap Ka\u011f\u0131d\u0131<br \/>Boyut: 9.5 x 13.5 cm<\/p>","protected":false},"excerpt":{"rendered":"<p>Erkek han\u0131m\u0131na kar\u015f\u0131 neleri yerine getirdi\u011fi zaman vebalden kurtulur? Evlilikte yap\u0131lan en b\u00fcy\u00fck yanl\u0131\u015flar nelerdir? Kad\u0131nlar\u0131n hassasiyet g\u00f6sterdi\u011fi hususlar hangileridir? R\u0131zk\u0131n geni\u015f ve bereketli olmas\u0131na vesile olan \u015feyler nelerdir? B\u00fct\u00fcn bu sorular\u0131n ve daha fazlas\u0131n\u0131n cevab\u0131n\u0131 bu kitapta bulacaks\u0131n\u0131z.<\/p>","protected":false},"featured_media":21194,"template":"","meta":{"spay_email":""},"product_cat":[174],"product_tag":[],"item":[1886],"acf":[],"_links":{"self":[{"href":"https:\/\/mgvpublications.com\/de\/wp-json\/wp\/v2\/product\/21195"}],"collection":[{"href":"https:\/\/mgvpublications.com\/de\/wp-json\/wp\/v2\/product"}],"about":[{"href":"https:\/\/mgvpublications.com\/de\/wp-json\/wp\/v2\/types\/product"}],"wp:featuredmedia":[{"embeddable":true,"href":"https:\/\/mgvpublications.com\/de\/wp-json\/wp\/v2\/media\/21194"}],"wp:attachment":[{"href":"https:\/\/mgvpublications.com\/de\/wp-json\/wp\/v2\/media?parent=21195"}],"wp:term":[{"taxonomy":"product_cat","embeddable":true,"href":"https:\/\/mgvpublications.com\/de\/wp-json\/wp\/v2\/product_cat?post=21195"},{"taxonomy":"product_tag","embeddable":true,"href":"https:\/\/mgvpublications.com\/de\/wp-json\/wp\/v2\/product_tag?post=21195"},{"taxonomy":"item","embeddable":true,"href":"https:\/\/mgvpublications.com\/de\/wp-json\/wp\/v2\/item?post=21195"}],"curies":[{"name":"wp","href":"https:\/\/api.w.org\/{rel}","templated":true}]}}