{"id":21193,"date":"2021-11-26T14:28:58","date_gmt":"2021-11-26T13:28:58","guid":{"rendered":"https:\/\/mgvpublications.com\/produkt\/kadinin-kocasina-karsi-vazife-ve-sorumluluklari\/"},"modified":"2024-07-15T13:25:46","modified_gmt":"2024-07-15T11:25:46","slug":"kadinin-kocasina-karsi-vazife-ve-sorumluluklari","status":"publish","type":"product","link":"https:\/\/mgvpublications.com\/de\/kadinin-kocasina-karsi-vazife-ve-sorumluluklari\/","title":{"rendered":"Kad\u0131n\u0131n Kocas\u0131na Kar\u015f\u0131 Vazife ve Sorumluluklar\u0131"},"content":{"rendered":"<p>Yay\u0131n Tarihi: 01.01.2016<br \/>ISBN: 9786056513855<br \/>Dil: T\u00dcRK\u00c7E<br \/>Sayfa Say\u0131s\u0131: 127<br \/>Cilt Tipi: Karton Kapak<br \/>Ka\u011f\u0131t Cinsi: Kitap Ka\u011f\u0131d\u0131<br \/>Boyut: 9.5 x 13.5 cm<\/p>","protected":false},"excerpt":{"rendered":"<p>Kad\u0131n, neleri yerine getirdi\u011fi zaman sorumluluktan kurtulur? Evlilikte yap\u0131lan en b\u00fcy\u00fck yanl\u0131\u015flar nelerdir? Anne babalar\u0131n vazifeleri hangileridir?<\/p>","protected":false},"featured_media":21192,"template":"","meta":{"spay_email":""},"product_cat":[174],"product_tag":[],"item":[1886],"acf":[],"_links":{"self":[{"href":"https:\/\/mgvpublications.com\/de\/wp-json\/wp\/v2\/product\/21193"}],"collection":[{"href":"https:\/\/mgvpublications.com\/de\/wp-json\/wp\/v2\/product"}],"about":[{"href":"https:\/\/mgvpublications.com\/de\/wp-json\/wp\/v2\/types\/product"}],"wp:featuredmedia":[{"embeddable":true,"href":"https:\/\/mgvpublications.com\/de\/wp-json\/wp\/v2\/media\/21192"}],"wp:attachment":[{"href":"https:\/\/mgvpublications.com\/de\/wp-json\/wp\/v2\/media?parent=21193"}],"wp:term":[{"taxonomy":"product_cat","embeddable":true,"href":"https:\/\/mgvpublications.com\/de\/wp-json\/wp\/v2\/product_cat?post=21193"},{"taxonomy":"product_tag","embeddable":true,"href":"https:\/\/mgvpublications.com\/de\/wp-json\/wp\/v2\/product_tag?post=21193"},{"taxonomy":"item","embeddable":true,"href":"https:\/\/mgvpublications.com\/de\/wp-json\/wp\/v2\/item?post=21193"}],"curies":[{"name":"wp","href":"https:\/\/api.w.org\/{rel}","templated":true}]}}