{"id":21181,"date":"2021-11-26T14:28:41","date_gmt":"2021-11-26T13:28:41","guid":{"rendered":"https:\/\/mgvpublications.com\/produkt\/musluman-hayatinda-vakit\/"},"modified":"2022-03-08T22:56:20","modified_gmt":"2022-03-08T21:56:20","slug":"musluman-hayatinda-vakit","status":"publish","type":"product","link":"https:\/\/mgvpublications.com\/de\/musluman-hayatinda-vakit\/","title":{"rendered":"M\u00fcsl\u00fcman Hayat\u0131nda Vakit"},"content":{"rendered":"<p>Yay\u0131n Tarihi: 13.09.2019<br \/>ISBN: 9786057565662<br \/>Dil: T\u00dcRK\u00c7E<br \/>Sayfa Say\u0131s\u0131: 96<br \/>Cilt Tipi: Karton Kapak<br \/>Ka\u011f\u0131t Cinsi: Kitap Ka\u011f\u0131d\u0131<br \/>Boyut: 13.5 x 21 cm<\/p>","protected":false},"excerpt":{"rendered":"<p>Kur&#8217;\u00e2n&#8217;da ve hadislerde \u00e7e\u015fitli vesilelerle ve de\u011fi\u015fik \u015fekillerde zamana temas edilmektedir. Bunlar\u0131n ba\u015f\u0131nda ise, zaman\u0131n \u00f6nemi ve Allah&#8217;\u0131n (celle celaluhu) ne kadar b\u00fcy\u00fck bir nimeti oldu\u011fu beyan edilmektedir. Nimetler dile getirilirken, Allah&#8217;\u0131n insano\u011flu \u00fczerindeki l\u00fctfunu beyan hususunda Kur&#8217;\u00e2n \u015f\u00f6yle der: S\u00fcrekli olarak y\u00f6r\u00fcngelerinde hareket eden ay ve g\u00fcne\u015fi, geceyi ve g\u00fcnd\u00fcz\u00fc sizin emrinize verdi. O, kendisinden isteyebilece\u011finiz her \u015feyi size verdi. Allah&#8217;\u0131n nimetlerini saymak isteseniz sayamazs\u0131n\u0131z. \u0130brahim, 33-34. \u015eu bir ger\u00e7ektir ki; vakti bo\u015fa harcamak, mal\u0131n\u0131 gereksiz harcayarak sa\u00e7\u0131p savurmaktan daha tehlikeli bir durumdur. Mallar\u0131n\u0131 bo\u015fa savuranlardan ziyade, vakitlerini bo\u015fa harcay\u0131p savuranlar\u0131n cezaland\u0131r\u0131lmas\u0131 gerekir. \u00c7\u00fcnk\u00fc kaybedilen servet tekrar kazan\u0131labilir. Ancak kaybedilen zaman bir daha geri getirilemez.<\/p>","protected":false},"featured_media":21180,"template":"","meta":{"spay_email":""},"product_cat":[174],"product_tag":[],"item":[428],"acf":[],"_links":{"self":[{"href":"https:\/\/mgvpublications.com\/de\/wp-json\/wp\/v2\/product\/21181"}],"collection":[{"href":"https:\/\/mgvpublications.com\/de\/wp-json\/wp\/v2\/product"}],"about":[{"href":"https:\/\/mgvpublications.com\/de\/wp-json\/wp\/v2\/types\/product"}],"wp:featuredmedia":[{"embeddable":true,"href":"https:\/\/mgvpublications.com\/de\/wp-json\/wp\/v2\/media\/21180"}],"wp:attachment":[{"href":"https:\/\/mgvpublications.com\/de\/wp-json\/wp\/v2\/media?parent=21181"}],"wp:term":[{"taxonomy":"product_cat","embeddable":true,"href":"https:\/\/mgvpublications.com\/de\/wp-json\/wp\/v2\/product_cat?post=21181"},{"taxonomy":"product_tag","embeddable":true,"href":"https:\/\/mgvpublications.com\/de\/wp-json\/wp\/v2\/product_tag?post=21181"},{"taxonomy":"item","embeddable":true,"href":"https:\/\/mgvpublications.com\/de\/wp-json\/wp\/v2\/item?post=21181"}],"curies":[{"name":"wp","href":"https:\/\/api.w.org\/{rel}","templated":true}]}}