{"id":21179,"date":"2021-11-26T14:28:36","date_gmt":"2021-11-26T13:28:36","guid":{"rendered":"https:\/\/mgvpublications.com\/produkt\/turkiyenin-maarif-davasi\/"},"modified":"2022-05-31T11:44:39","modified_gmt":"2022-05-31T09:44:39","slug":"turkiyenin-maarif-davasi","status":"publish","type":"product","link":"https:\/\/mgvpublications.com\/de\/turkiyenin-maarif-davasi\/","title":{"rendered":"T\u00fcrkiye&#8217;nin Maarif Davas\u0131"},"content":{"rendered":"<p>Yay\u0131n Tarihi: 27.07.2016<br \/>ISBN: 9789759955571<br \/>Dil: T\u00dcRK\u00c7E<br \/>Sayfa Say\u0131s\u0131: 203<br \/>Cilt Tipi: Karton Kapak<br \/>Ka\u011f\u0131t Cinsi: Kitap Ka\u011f\u0131d\u0131<br \/>Boyut: 13.5 x 21 cm<\/p>","protected":false},"excerpt":{"rendered":"<p>Hakikat a\u015fk\u0131na sahip insanlar, cemiyetin i\u00e7inde \u00e7o\u011falmad\u0131k\u00e7a, hakikat a\u015fk\u0131 cemiyet i\u00e7inde en y\u00fcksek ve muhterem yeri tutmad\u0131k\u00e7a ve hakikatin ihtiras\u0131 cemaat i\u00e7erisinde bir umumi cereyan, b\u00fcy\u00fck bir hareket haline gelmedik\u00e7e, milli mektep ger\u00e7ekten var olmayacakt\u0131r.<\/p>","protected":false},"featured_media":22050,"template":"","meta":{"spay_email":""},"product_cat":[1588],"product_tag":[],"item":[356],"acf":[],"_links":{"self":[{"href":"https:\/\/mgvpublications.com\/de\/wp-json\/wp\/v2\/product\/21179"}],"collection":[{"href":"https:\/\/mgvpublications.com\/de\/wp-json\/wp\/v2\/product"}],"about":[{"href":"https:\/\/mgvpublications.com\/de\/wp-json\/wp\/v2\/types\/product"}],"wp:featuredmedia":[{"embeddable":true,"href":"https:\/\/mgvpublications.com\/de\/wp-json\/wp\/v2\/media\/22050"}],"wp:attachment":[{"href":"https:\/\/mgvpublications.com\/de\/wp-json\/wp\/v2\/media?parent=21179"}],"wp:term":[{"taxonomy":"product_cat","embeddable":true,"href":"https:\/\/mgvpublications.com\/de\/wp-json\/wp\/v2\/product_cat?post=21179"},{"taxonomy":"product_tag","embeddable":true,"href":"https:\/\/mgvpublications.com\/de\/wp-json\/wp\/v2\/product_tag?post=21179"},{"taxonomy":"item","embeddable":true,"href":"https:\/\/mgvpublications.com\/de\/wp-json\/wp\/v2\/item?post=21179"}],"curies":[{"name":"wp","href":"https:\/\/api.w.org\/{rel}","templated":true}]}}