{"id":21177,"date":"2021-11-26T14:28:35","date_gmt":"2021-11-26T13:28:35","guid":{"rendered":"https:\/\/mgvpublications.com\/produkt\/osmanli-gercekleri-3-sorularla-osmanliyi-anlamak\/"},"modified":"2025-10-23T17:57:39","modified_gmt":"2025-10-23T15:57:39","slug":"osmanli-gercekleri-3-sorularla-osmanliyi-anlamak","status":"publish","type":"product","link":"https:\/\/mgvpublications.com\/de\/osmanli-gercekleri-3-sorularla-osmanliyi-anlamak\/","title":{"rendered":"Osmanl\u0131 Ger\u00e7ekleri 3 Sorularla Osmanl\u0131&#8217;y\u0131 Anlamak"},"content":{"rendered":"<p>Yay\u0131n Tarihi: 09.11.2021<br \/>ISBN: 9786050842944<br \/>Dil: T\u00dcRK\u00c7E<br \/>Sayfa Say\u0131s\u0131: 288<br \/>Cilt Tipi: Karton Kapak<br \/>Ka\u011f\u0131t Cinsi: Kitap Ka\u011f\u0131d\u0131<br \/>Boyut: 13.5 x 21 cm<\/p>","protected":false},"excerpt":{"rendered":"<p>KAYI serisi ile 7\u2019den 70\u2019e y\u00fcz binlerce okurun be\u011fenisini kazanan Prof. Dr. Ahmet \u015eim\u015firgil, OSMANLI GER\u00c7EKLER\u0130 serisinin \u00fc\u00e7\u00fcnc\u00fc kitab\u0131nda Osmanl\u0131\u2019daki sosyal meselelerle ilgili akla tak\u0131lan pek \u00e7ok soruya temel kaynak referanslar\u0131yla cevap veriyor. \u015eim\u015firgil bu \u00e7al\u0131\u015fmas\u0131nda kad\u0131nlar\u0131n Osmanl\u0131\u2019daki sosyal, k\u00fclt\u00fcrel ve politik konumlar\u0131n\u0131; kurulu\u015f d\u00f6neminden son d\u00f6neme kadar Osmanl\u0131 donanmas\u0131n\u0131n durumunu; tarikatlar\u0131n ve tasavvufun te\u015fekk\u00fcl\u00fcn\u00fc; casusluk ve istihbarat\u0131; isk\u00e2n siyasetini ve Ermeni tehcirini detaylar\u0131yla inceliyor. Osmanl\u0131 kad\u0131nlar\u0131n\u0131n evlilikte ve bo\u015fanmada s\u00f6z haklar\u0131 var m\u0131d\u0131r? Osmanl\u0131\u2019da taciz, tecav\u00fcz ve \u015fiddete verilen cezalar nelerdir? D\u00fcnyada biyolojik silah kullan\u0131larak yap\u0131lan ilk sald\u0131r\u0131 Osmanl\u0131larda hangi padi\u015fah d\u00f6neminde ger\u00e7ekle\u015fmi\u015ftir? Neden Bat\u0131\u2019da M\u00fcsl\u00fcman yerine T\u00fcrk kelimesi kullan\u0131lmaktad\u0131r? II. Abd\u00fclhamid Han nas\u0131l bir istihbarat a\u011f\u0131 kurmu\u015ftur ve bu te\u015fkilat\u0131n \u00e7al\u0131\u015fma \u015fekli nedir? Osmanl\u0131 el\u00e7ilerinden hakarete u\u011frayanlar veya \u00f6ld\u00fcr\u00fclenler olmu\u015f mudur? \u015eehir ve kasabalara sistemli isk\u00e2nlar yap\u0131lmas\u0131n\u0131n nedeni nedir? Barbaros Hayreddin Pa\u015fa korsan m\u0131d\u0131r? Amerika k\u0131tas\u0131n\u0131 asl\u0131nda kim ke\u015ffetmi\u015ftir? Osmanl\u0131 Devleti\u2019nin kurulu\u015funda ve y\u00fckseli\u015finde tasavvufun rol\u00fc nedir? Osmanl\u0131 Ger\u00e7ekleri &#8211; III Osmanl\u0131 Devleti\u2019yle ilgili zihinleri kurcalayan daha pek \u00e7ok soruya verdi\u011fi cevaplarla b\u00fct\u00fcn okurlar\u0131n be\u011fenisini kazanacak&#8230;<\/p>","protected":false},"featured_media":21176,"template":"","meta":{"spay_email":""},"product_cat":[170],"product_tag":[],"item":[360],"acf":[],"_links":{"self":[{"href":"https:\/\/mgvpublications.com\/de\/wp-json\/wp\/v2\/product\/21177"}],"collection":[{"href":"https:\/\/mgvpublications.com\/de\/wp-json\/wp\/v2\/product"}],"about":[{"href":"https:\/\/mgvpublications.com\/de\/wp-json\/wp\/v2\/types\/product"}],"wp:featuredmedia":[{"embeddable":true,"href":"https:\/\/mgvpublications.com\/de\/wp-json\/wp\/v2\/media\/21176"}],"wp:attachment":[{"href":"https:\/\/mgvpublications.com\/de\/wp-json\/wp\/v2\/media?parent=21177"}],"wp:term":[{"taxonomy":"product_cat","embeddable":true,"href":"https:\/\/mgvpublications.com\/de\/wp-json\/wp\/v2\/product_cat?post=21177"},{"taxonomy":"product_tag","embeddable":true,"href":"https:\/\/mgvpublications.com\/de\/wp-json\/wp\/v2\/product_tag?post=21177"},{"taxonomy":"item","embeddable":true,"href":"https:\/\/mgvpublications.com\/de\/wp-json\/wp\/v2\/item?post=21177"}],"curies":[{"name":"wp","href":"https:\/\/api.w.org\/{rel}","templated":true}]}}