{"id":21169,"date":"2021-11-26T14:28:24","date_gmt":"2021-11-26T13:28:24","guid":{"rendered":"https:\/\/mgvpublications.com\/produkt\/islam-ilmihali-kucuk-boy\/"},"modified":"2022-03-09T16:38:14","modified_gmt":"2022-03-09T15:38:14","slug":"islam-ilmihali-kucuk-boy","status":"publish","type":"product","link":"https:\/\/mgvpublications.com\/de\/islam-ilmihali-kucuk-boy\/","title":{"rendered":"\u0130slam \u0130lmihali (K\u00fc\u00e7\u00fck Boy)"},"content":{"rendered":"<p>ISBN: 9789751967688<br \/>Dil: ARAP\u00c7A,T\u00dcRK\u00c7E<br \/>Sayfa Say\u0131s\u0131: 600<br \/>Cilt Tipi: Ciltli<br \/>Ka\u011f\u0131t Cinsi: \u015eamuha Ka\u011f\u0131t<br \/>Boyut: 10.5 x 15 cm<\/p>","protected":false},"excerpt":{"rendered":"<p>Kitapta; itikat, ibadet, helaller ve haramlar, yap\u0131lmas\u0131 g\u00fcnah olan \u015feyler, ahl\u00e2k ve Peygamberimiz Hz. Muhammed ile ilgili b\u00f6l\u00fcmler yer almaktad\u0131r. Kitab\u0131n b\u00f6l\u00fcmlerinde, M\u00fcsl\u00fcmanlar\u0131n g\u00fcndelik hayat\u0131nda kar\u015f\u0131la\u015fabilece\u011fi dini sorulara cevaplar yer almaktad\u0131r.<\/p>","protected":false},"featured_media":21168,"template":"","meta":{"spay_email":""},"product_cat":[169],"product_tag":[],"item":[960],"acf":[],"_links":{"self":[{"href":"https:\/\/mgvpublications.com\/de\/wp-json\/wp\/v2\/product\/21169"}],"collection":[{"href":"https:\/\/mgvpublications.com\/de\/wp-json\/wp\/v2\/product"}],"about":[{"href":"https:\/\/mgvpublications.com\/de\/wp-json\/wp\/v2\/types\/product"}],"wp:featuredmedia":[{"embeddable":true,"href":"https:\/\/mgvpublications.com\/de\/wp-json\/wp\/v2\/media\/21168"}],"wp:attachment":[{"href":"https:\/\/mgvpublications.com\/de\/wp-json\/wp\/v2\/media?parent=21169"}],"wp:term":[{"taxonomy":"product_cat","embeddable":true,"href":"https:\/\/mgvpublications.com\/de\/wp-json\/wp\/v2\/product_cat?post=21169"},{"taxonomy":"product_tag","embeddable":true,"href":"https:\/\/mgvpublications.com\/de\/wp-json\/wp\/v2\/product_tag?post=21169"},{"taxonomy":"item","embeddable":true,"href":"https:\/\/mgvpublications.com\/de\/wp-json\/wp\/v2\/item?post=21169"}],"curies":[{"name":"wp","href":"https:\/\/api.w.org\/{rel}","templated":true}]}}